{"id":4325,"date":"2025-06-30T22:28:18","date_gmt":"2025-06-30T20:28:18","guid":{"rendered":"https:\/\/www.bepure-water.com\/protection-des-donnees\/"},"modified":"2026-02-23T22:49:40","modified_gmt":"2026-02-23T21:49:40","slug":"protection-des-donnees","status":"publish","type":"page","link":"https:\/\/www.bepure-water.com\/fr\/protection-des-donnees\/","title":{"rendered":"Protection des donn\u00e9es"},"content":{"rendered":"\t\t<div data-elementor-type=\"wp-page\" data-elementor-id=\"4325\" class=\"elementor elementor-4325 elementor-1596\" data-elementor-post-type=\"page\">\n\t\t\t\t<div class=\"elementor-element elementor-element-8a683e6 e-flex e-con-boxed e-con e-parent\" data-id=\"8a683e6\" data-element_type=\"container\" data-e-type=\"container\" data-settings=\"{&quot;background_background&quot;:&quot;classic&quot;}\">\n\t\t\t\t\t<div class=\"e-con-inner\">\n\t\t\t\t<div class=\"elementor-element elementor-element-0121407 elementor-widget elementor-widget-heading\" data-id=\"0121407\" data-element_type=\"widget\" data-e-type=\"widget\" data-widget_type=\"heading.default\">\n\t\t\t\t<div class=\"elementor-widget-container\">\n\t\t\t\t\t<h2 class=\"elementor-heading-title elementor-size-default\">D\u00e9claration de confidentialit\u00e9<\/h2>\t\t\t\t<\/div>\n\t\t\t\t<\/div>\n\t\t\t\t\t<\/div>\n\t\t\t\t<\/div>\n\t\t<div class=\"elementor-element elementor-element-b388837 e-flex e-con-boxed e-con e-parent\" data-id=\"b388837\" data-element_type=\"container\" data-e-type=\"container\">\n\t\t\t\t\t<div class=\"e-con-inner\">\n\t\t\t\t<div class=\"elementor-element elementor-element-cf8200d elementor-widget elementor-widget-text-editor\" data-id=\"cf8200d\" data-element_type=\"widget\" data-e-type=\"widget\" data-widget_type=\"text-editor.default\">\n\t\t\t\t<div class=\"elementor-widget-container\">\n\t\t\t\t\t\t\t\t\t<div><p class=\"TextA\"><span lang=\"DE\">D\u00e9claration de protection des donn\u00e9es conform\u00e9ment \u00e0 l&rsquo;article 13 du RGPD (B2B)<\/span><\/p><\/div><div><p class=\"TextA\"><span lang=\"DE\">Nous prenons la protection de vos donn\u00e9es personnelles tr\u00e8s au s\u00e9rieux. Nous vous informons ci-apr\u00e8s de la nature, de l&rsquo;\u00e9tendue et de la finalit\u00e9 du traitement des donn\u00e9es \u00e0 caract\u00e8re personnel dans le cadre de notre site web et de notre relation commerciale. <\/span><\/p><\/div><div><p class=\"TextA\"><span lang=\"DE\">1. responsable be.pure e.U.<\/span><\/p><p><strong>Adresse de facturation :<br><\/strong><span lang=\"DE\">Gro\u00dfe Sperlgasse 8\/2\/34 <br>1020 Vienne<br>Autriche<\/span><\/p><p class=\"TextA\"><span lang=\"NL\">+4369917181777<\/span><\/p><p class=\"TextA\"><span lang=\"DE\">office@bepure-water.com<\/span><\/p><\/div><div><p class=\"TextA\"><span lang=\"DE\"> <\/span><\/p><\/div><div><p class=\"TextA\"><span lang=\"DE\">2. finalit\u00e9s et bases juridiques du traitement Nous traitons les donn\u00e9es \u00e0 caract\u00e8re personnel (p. ex. nom, adresse \u00e9lectronique, num\u00e9ro de t\u00e9l\u00e9phone) exclusivement pour r\u00e9pondre aux demandes, prendre des mesures pr\u00e9contractuelles et fournir nos prestations contractuelles (article 6, paragraphe 1, point b) du RGPD). En cas d&rsquo;int\u00e9r\u00eat l\u00e9gitime (p. ex. publicit\u00e9 directe), le traitement est effectu\u00e9 sur la base de l&rsquo;article 6, paragraphe 1, point f du RGPD.   <\/span><\/p><\/div><div><p class=\"TextA\"><span lang=\"DE\"> <\/span><\/p><\/div><div><p class=\"TextA\"><span lang=\"DE\">3. les destinataires des donn\u00e9es ne sont transmis \u00e0 des tiers que si cela est n\u00e9cessaire \u00e0 l&rsquo;ex\u00e9cution du contrat (par ex. prestataire de services informatiques, entreprise d&rsquo;exp\u00e9dition, conseiller fiscal) ou s&rsquo;il existe une obligation l\u00e9gale de le faire.<\/span><\/p><\/div><div><p class=\"TextA\"><span lang=\"DE\"> <\/span><\/p><\/div><div><p class=\"TextA\"><span lang=\"DE\">4) Dur\u00e9e de conservation Les donn\u00e9es \u00e0 caract\u00e8re personnel ne sont conserv\u00e9es que pendant la dur\u00e9e n\u00e9cessaire \u00e0 la r\u00e9alisation des objectifs respectifs. Les obligations fiscales et commerciales en mati\u00e8re de conservation des donn\u00e9es ne sont pas affect\u00e9es. <\/span><\/p><\/div><div><p class=\"TextA\"><span lang=\"DE\"> <\/span><\/p><\/div><div><p class=\"TextA\"><span lang=\"DE\">5. vos droits Vous avez \u00e0 tout moment le droit de demander l&rsquo;acc\u00e8s, la rectification, la suppression ou l&rsquo;annulation de vos donn\u00e9es personnelles.<\/span><span lang=\"SV\">\u00f6<\/span><span lang=\"DE\">Vous pouvez \u00e9galement demander le rectification, la limitation du traitement, la portabilit\u00e9 des donn\u00e9es ou vous opposer au traitement. Si vous estimez que le traitement est contraire \u00e0 la l\u00e9gislation applicable en mati\u00e8re de protection des donn\u00e9es, vous pouvez nous contacter. <\/span><span lang=\"SV\">\u00f6<\/span><span lang=\"DE\">Vous pouvez vous adresser \u00e0 l&rsquo;Autorit\u00e9 autrichienne de protection des donn\u00e9es (\u00d6sterreichische Datenschutzbeheuf).<\/span><span lang=\"SV\">\u00f6<\/span><span lang=\"DE\">tion de la protection des donn\u00e9es : <\/span><span lang=\"DE\"><a href=\"http:\/\/www.dsb.gv.at\/\"><span class=\"Hyperlink0\">www.dsb.gv.at<\/span><\/a><\/span><\/p><\/div><div><p class=\"TextA\"><span lang=\"DE\"> <\/span><\/p><\/div><div><p class=\"TextA\"><span lang=\"DE\">6. prise de contact Si vous nous contactez par e-mail ou via le formulaire de contact, les donn\u00e9es que vous nous fournissez seront stock\u00e9es pour le traitement de la demande et en cas de questions de suivi. Nous ne transmettons pas ces donn\u00e9es sans votre consentement. <\/span><\/p><\/div><div><p class=\"TextA\"><span lang=\"DE\"> <\/span><\/p><\/div><div><p class=\"TextA\"><span lang=\"DE\">7. cookies et fichiers journaux du serveur Notre site web n&rsquo;utilise pas de cookies \u00e0 des fins d&rsquo;analyse. Le serveur web enregistre automatiquement des informations telles que l&rsquo;adresse IP, le type de navigateur et l&rsquo;heure d&rsquo;acc\u00e8s dans ce que l&rsquo;on appelle des fichiers journaux du serveur. Ces donn\u00e9es servent \u00e0 la surveillance technique et ne sont pas combin\u00e9es avec d&rsquo;autres sources de donn\u00e9es.  <\/span><\/p><\/div><div><p class=\"TextA\"><span lang=\"DE\"> <\/span><\/p><\/div><div><p class=\"TextA\"><span lang=\"DE\">8. lettre d&rsquo;information (si utilis\u00e9e) Si vous vous inscrivez \u00e0 notre lettre d&rsquo;information, nous utiliserons vos donn\u00e9es uniquement pour vous envoyer notre lettre d&rsquo;information. Vous pouvez retirer votre consentement \u00e0 tout moment. <\/span><\/p><\/div><div><p class=\"TextA\"><span lang=\"DE\"> <\/span><\/p><\/div><div><p class=\"TextA\"><span lang=\"DE\">9. cryptage SSL Pour des raisons de s\u00e9curit\u00e9, notre site utilise un cryptage SSL. Vous pouvez reconna\u00eetre une connexion crypt\u00e9e \u00e0 \u00ab\u00a0https:\/\/\u00a0\u00bb dans la barre d&rsquo;adresse de votre navigateur. <\/span><\/p><\/div><div><p class=\"TextA\"><span lang=\"DE\"> <\/span><\/p><\/div><div><p class=\"TextA\"><span lang=\"DE\">10. \u00e9tat de la d\u00e9claration de confidentialit\u00e9 Cette d\u00e9claration de confidentialit\u00e9 est en vigueur depuis ao\u00fbt 2025. Nous nous r\u00e9servons le droit de la mettre \u00e0 jour si n\u00e9cessaire. <\/span><\/p><\/div>\t\t\t\t\t\t\t\t<\/div>\n\t\t\t\t<\/div>\n\t\t\t\t\t<\/div>\n\t\t\t\t<\/div>\n\t\t\t\t<\/div>\n\t\t","protected":false},"excerpt":{"rendered":"<p>D\u00e9claration de confidentialit\u00e9 D\u00e9claration de protection des donn\u00e9es conform\u00e9ment \u00e0 l&rsquo;article 13 du RGPD (B2B) Nous prenons la protection de vos donn\u00e9es personnelles tr\u00e8s au s\u00e9rieux. Nous vous informons ci-apr\u00e8s de la nature, de l&rsquo;\u00e9tendue et de la finalit\u00e9 du traitement des donn\u00e9es \u00e0 caract\u00e8re personnel dans le cadre de notre site web et de [&hellip;]<\/p>\n","protected":false},"author":1,"featured_media":0,"parent":0,"menu_order":0,"comment_status":"closed","ping_status":"closed","template":"","meta":{"footnotes":""},"class_list":["post-4325","page","type-page","status-publish","hentry"],"_links":{"self":[{"href":"https:\/\/www.bepure-water.com\/fr\/wp-json\/wp\/v2\/pages\/4325","targetHints":{"allow":["GET"]}}],"collection":[{"href":"https:\/\/www.bepure-water.com\/fr\/wp-json\/wp\/v2\/pages"}],"about":[{"href":"https:\/\/www.bepure-water.com\/fr\/wp-json\/wp\/v2\/types\/page"}],"author":[{"embeddable":true,"href":"https:\/\/www.bepure-water.com\/fr\/wp-json\/wp\/v2\/users\/1"}],"replies":[{"embeddable":true,"href":"https:\/\/www.bepure-water.com\/fr\/wp-json\/wp\/v2\/comments?post=4325"}],"version-history":[{"count":3,"href":"https:\/\/www.bepure-water.com\/fr\/wp-json\/wp\/v2\/pages\/4325\/revisions"}],"predecessor-version":[{"id":4335,"href":"https:\/\/www.bepure-water.com\/fr\/wp-json\/wp\/v2\/pages\/4325\/revisions\/4335"}],"wp:attachment":[{"href":"https:\/\/www.bepure-water.com\/fr\/wp-json\/wp\/v2\/media?parent=4325"}],"curies":[{"name":"wp","href":"https:\/\/api.w.org\/{rel}","templated":true}]}}