{"id":4312,"date":"2025-06-30T22:28:33","date_gmt":"2025-06-30T20:28:33","guid":{"rendered":"https:\/\/www.bepure-water.com\/droit-de-retractation\/"},"modified":"2026-02-23T22:49:25","modified_gmt":"2026-02-23T21:49:25","slug":"droit-de-retractation","status":"publish","type":"page","link":"https:\/\/www.bepure-water.com\/fr\/droit-de-retractation\/","title":{"rendered":"Droit de r\u00e9tractation"},"content":{"rendered":"\t\t<div data-elementor-type=\"wp-page\" data-elementor-id=\"4312\" class=\"elementor elementor-4312 elementor-1598\" data-elementor-post-type=\"page\">\n\t\t\t\t<div class=\"elementor-element elementor-element-0025d26 e-flex e-con-boxed e-con e-parent\" data-id=\"0025d26\" data-element_type=\"container\" data-e-type=\"container\" data-settings=\"{&quot;background_background&quot;:&quot;classic&quot;}\">\n\t\t\t\t\t<div class=\"e-con-inner\">\n\t\t\t\t<div class=\"elementor-element elementor-element-c90dcf9 elementor-widget elementor-widget-heading\" data-id=\"c90dcf9\" data-element_type=\"widget\" data-e-type=\"widget\" data-widget_type=\"heading.default\">\n\t\t\t\t<div class=\"elementor-widget-container\">\n\t\t\t\t\t<h2 class=\"elementor-heading-title elementor-size-default\">Droit de r\u00e9tractation<\/h2>\t\t\t\t<\/div>\n\t\t\t\t<\/div>\n\t\t\t\t\t<\/div>\n\t\t\t\t<\/div>\n\t\t<div class=\"elementor-element elementor-element-6b05b7a e-flex e-con-boxed e-con e-parent\" data-id=\"6b05b7a\" data-element_type=\"container\" data-e-type=\"container\">\n\t\t\t\t\t<div class=\"e-con-inner\">\n\t\t\t\t<div class=\"elementor-element elementor-element-b4e28ae elementor-widget elementor-widget-text-editor\" data-id=\"b4e28ae\" data-element_type=\"widget\" data-e-type=\"widget\" data-widget_type=\"text-editor.default\">\n\t\t\t\t<div class=\"elementor-widget-container\">\n\t\t\t\t\t\t\t\t\t<p><strong>Garantie (B2B), r\u00e9clamation et exclusion de responsabilit\u00e9<\/strong><\/p><p>Le vendeur garantit les d\u00e9fauts qui existent d\u00e9j\u00e0 au moment de la livraison (\u00a7\u00a7 922 et suivants du Code civil autrichien).<\/p><p>Le d\u00e9lai de garantie est de 6 mois \u00e0 compter de la livraison. Les droits de garantie sont prescrits un mois apr\u00e8s l&rsquo;expiration de cette p\u00e9riode de garantie. L&rsquo;existence de vices doit \u00eatre prouv\u00e9e par la partie contractante. Le \u00a7 924 phrase 2 ABGB (pr\u00e9somption de d\u00e9fectuosit\u00e9) ainsi que le \u00a7 933b ABGB ne s&rsquo;appliquent pas. Les droits de garantie ne reviennent qu&rsquo;au donneur d&rsquo;ordre direct et ne peuvent \u00eatre c\u00e9d\u00e9s. Les paragraphes pr\u00e9c\u00e9dents contiennent de mani\u00e8re exhaustive la garantie pour les marchandises.     <\/p><p>L&rsquo;acheteur est tenu de v\u00e9rifier les \u00e9ventuels d\u00e9fauts de la marchandise imm\u00e9diatement apr\u00e8s sa r\u00e9ception. Le vendeur doit \u00eatre inform\u00e9 imm\u00e9diatement et par \u00e9crit des \u00e9ventuels d\u00e9fauts, au plus tard dans un d\u00e9lai d&rsquo;une semaine apr\u00e8s la r\u00e9ception. Les d\u00e9fauts qui ne sont pas visibles dans ce d\u00e9lai, m\u00eame apr\u00e8s un examen minutieux, doivent \u00eatre signal\u00e9s imm\u00e9diatement apr\u00e8s leur d\u00e9couverte. Les d\u00e9fauts d&rsquo;une partie de la livraison ne donnent pas droit \u00e0 une r\u00e9clamation pour l&rsquo;ensemble de la livraison. Si l&rsquo;acheteur ne respecte pas son obligation de r\u00e9clamation, il ne peut plus faire valoir ses droits \u00e0 la garantie, \u00e0 des dommages et int\u00e9r\u00eats en raison du d\u00e9faut lui-m\u00eame ainsi qu&rsquo;en raison d&rsquo;une erreur sur l&rsquo;absence de d\u00e9faut de la marchandise. Le vendeur se r\u00e9serve le droit de v\u00e9rifier lui-m\u00eame ou de faire v\u00e9rifier par un expert les d\u00e9fauts signal\u00e9s par l&rsquo;acheteur.     <\/p><p>Le vendeur n&rsquo;est en aucun cas responsable des d\u00e9fauts des marchandises livr\u00e9es qui sont dus \u00e0 une mauvaise manipulation ou \u00e0 une modification quelconque des marchandises.<\/p><p>Les demandes de dommages et int\u00e9r\u00eats sont exclues dans la mesure o\u00f9 le dommage n&rsquo;a pas \u00e9t\u00e9 caus\u00e9 par une action intentionnelle ou une n\u00e9gligence grave du vendeur ou de ses auxiliaires d&rsquo;ex\u00e9cution ou d&rsquo;approvisionnement. L&rsquo;existence d&rsquo;une n\u00e9gligence grave doit \u00eatre prouv\u00e9e par l&rsquo;acheteur. En cas de n\u00e9gligence l\u00e9g\u00e8re, le vendeur est uniquement responsable des dommages corporels. La responsabilit\u00e9 se prescrit par 6 mois \u00e0 compter de la connaissance par l&rsquo;acheteur du dommage et de l&rsquo;auteur du dommage. Le vendeur n&rsquo;est pas responsable des dommages indirects, du manque \u00e0 gagner, des pertes de production, des pertes d&rsquo;int\u00e9r\u00eats, des \u00e9conomies non r\u00e9alis\u00e9es, des dommages cons\u00e9cutifs et des dommages financiers, des dommages r\u00e9sultant de revendications de tiers ainsi que de la perte de donn\u00e9es.    <\/p><p>Les droits \u00e0 dommages et int\u00e9r\u00eats du vendeur sont limit\u00e9s au montant de la commande.<\/p><p>Les paragraphes pr\u00e9c\u00e9dents s&rsquo;appliquent \u00e9galement aux demandes de dommages et int\u00e9r\u00eats d\u00e9coulant de l&rsquo;obligation pr\u00e9contractuelle.<\/p><p><strong>Garantie et limitation de responsabilit\u00e9 B2C<\/strong><\/p><p>Les dispositions l\u00e9gales de garantie de la R\u00e9publique d&rsquo;Autriche s&rsquo;appliquent.<\/p><p>Les d\u00e9fauts d&rsquo;une partie des marchandises livr\u00e9es ne donnent pas droit \u00e0 une r\u00e9clamation pour l&rsquo;ensemble de la livraison.<\/p><p>Le vendeur n&rsquo;est en aucun cas responsable des d\u00e9fauts des marchandises livr\u00e9es qui sont dus \u00e0 une mauvaise manipulation ou \u00e0 une modification quelconque des marchandises.<\/p><p>Les demandes de dommages et int\u00e9r\u00eats pour des dommages mat\u00e9riels sont exclues dans la mesure o\u00f9 le dommage n&rsquo;a pas \u00e9t\u00e9 caus\u00e9 par une action intentionnelle ou une n\u00e9gligence grave du vendeur ou de ses auxiliaires d&rsquo;ex\u00e9cution ou d&rsquo;approvisionnement. En cas de n\u00e9gligence l\u00e9g\u00e8re, le vendeur est uniquement responsable des dommages corporels. La responsabilit\u00e9 pour manque \u00e0 gagner est exclue.  <\/p><p>Les limitations pr\u00e9c\u00e9dentes s&rsquo;appliquent \u00e9galement aux demandes de dommages et int\u00e9r\u00eats d\u00e9coulant d&rsquo;une obligation pr\u00e9contractuelle ou de dommages cons\u00e9cutifs \u00e0 un d\u00e9faut.<\/p>\t\t\t\t\t\t\t\t<\/div>\n\t\t\t\t<\/div>\n\t\t\t\t\t<\/div>\n\t\t\t\t<\/div>\n\t\t\t\t<\/div>\n\t\t","protected":false},"excerpt":{"rendered":"<p>Droit de r\u00e9tractation Garantie (B2B), r\u00e9clamation et exclusion de responsabilit\u00e9 Le vendeur garantit les d\u00e9fauts qui existent d\u00e9j\u00e0 au moment de la livraison (\u00a7\u00a7 922 et suivants du Code civil autrichien). Le d\u00e9lai de garantie est de 6 mois \u00e0 compter de la livraison. Les droits de garantie sont prescrits un mois apr\u00e8s l&rsquo;expiration de [&hellip;]<\/p>\n","protected":false},"author":1,"featured_media":0,"parent":0,"menu_order":0,"comment_status":"closed","ping_status":"closed","template":"","meta":{"footnotes":""},"class_list":["post-4312","page","type-page","status-publish","hentry"],"_links":{"self":[{"href":"https:\/\/www.bepure-water.com\/fr\/wp-json\/wp\/v2\/pages\/4312","targetHints":{"allow":["GET"]}}],"collection":[{"href":"https:\/\/www.bepure-water.com\/fr\/wp-json\/wp\/v2\/pages"}],"about":[{"href":"https:\/\/www.bepure-water.com\/fr\/wp-json\/wp\/v2\/types\/page"}],"author":[{"embeddable":true,"href":"https:\/\/www.bepure-water.com\/fr\/wp-json\/wp\/v2\/users\/1"}],"replies":[{"embeddable":true,"href":"https:\/\/www.bepure-water.com\/fr\/wp-json\/wp\/v2\/comments?post=4312"}],"version-history":[{"count":1,"href":"https:\/\/www.bepure-water.com\/fr\/wp-json\/wp\/v2\/pages\/4312\/revisions"}],"predecessor-version":[{"id":4314,"href":"https:\/\/www.bepure-water.com\/fr\/wp-json\/wp\/v2\/pages\/4312\/revisions\/4314"}],"wp:attachment":[{"href":"https:\/\/www.bepure-water.com\/fr\/wp-json\/wp\/v2\/media?parent=4312"}],"curies":[{"name":"wp","href":"https:\/\/api.w.org\/{rel}","templated":true}]}}