{"id":4310,"date":"2025-06-30T22:28:26","date_gmt":"2025-06-30T20:28:26","guid":{"rendered":"https:\/\/www.bepure-water.com\/mentions-legales\/"},"modified":"2026-02-23T22:49:26","modified_gmt":"2026-02-23T21:49:26","slug":"mentions-legales","status":"publish","type":"page","link":"https:\/\/www.bepure-water.com\/fr\/mentions-legales\/","title":{"rendered":"Mentions l\u00e9gales"},"content":{"rendered":"\t\t<div data-elementor-type=\"wp-page\" data-elementor-id=\"4310\" class=\"elementor elementor-4310 elementor-1597\" data-elementor-post-type=\"page\">\n\t\t\t\t<div class=\"elementor-element elementor-element-835299a e-flex e-con-boxed e-con e-parent\" data-id=\"835299a\" data-element_type=\"container\" data-e-type=\"container\" data-settings=\"{&quot;background_background&quot;:&quot;classic&quot;}\">\n\t\t\t\t\t<div class=\"e-con-inner\">\n\t\t\t\t<div class=\"elementor-element elementor-element-2ede2c8 elementor-widget elementor-widget-heading\" data-id=\"2ede2c8\" data-element_type=\"widget\" data-e-type=\"widget\" data-widget_type=\"heading.default\">\n\t\t\t\t<div class=\"elementor-widget-container\">\n\t\t\t\t\t<h2 class=\"elementor-heading-title elementor-size-default\">Mentions l\u00e9gales<\/h2>\t\t\t\t<\/div>\n\t\t\t\t<\/div>\n\t\t\t\t\t<\/div>\n\t\t\t\t<\/div>\n\t\t<div class=\"elementor-element elementor-element-4248e6b e-flex e-con-boxed e-con e-parent\" data-id=\"4248e6b\" data-element_type=\"container\" data-e-type=\"container\">\n\t\t\t\t\t<div class=\"e-con-inner\">\n\t\t<div class=\"elementor-element elementor-element-831cdab e-con-full e-flex e-con e-child\" data-id=\"831cdab\" data-element_type=\"container\" data-e-type=\"container\">\n\t\t\t\t<div class=\"elementor-element elementor-element-f148be5 elementor-widget elementor-widget-text-editor\" data-id=\"f148be5\" data-element_type=\"widget\" data-e-type=\"widget\" data-widget_type=\"text-editor.default\">\n\t\t\t\t<div class=\"elementor-widget-container\">\n\t\t\t\t\t\t\t\t\t<p><strong>be.pure e.U.<\/strong><\/p><p><strong>Adresse de facturation<\/strong><br>Gro\u00dfe Sperlgasse 8\/2\/34<br>1020 Vienne<br>Autriche<\/p><p><strong>Directeur g\u00e9n\u00e9ral<br><\/strong>Barbara Schad, M.A.<\/p>\t\t\t\t\t\t\t\t<\/div>\n\t\t\t\t<\/div>\n\t\t\t\t<\/div>\n\t\t<div class=\"elementor-element elementor-element-ec1cdf3 e-con-full e-flex e-con e-child\" data-id=\"ec1cdf3\" data-element_type=\"container\" data-e-type=\"container\">\n\t\t\t\t<div class=\"elementor-element elementor-element-53c2d00 elementor-widget elementor-widget-text-editor\" data-id=\"53c2d00\" data-element_type=\"widget\" data-e-type=\"widget\" data-widget_type=\"text-editor.default\">\n\t\t\t\t<div class=\"elementor-widget-container\">\n\t\t\t\t\t\t\t\t\t<p><strong>Num\u00e9ro de t\u00e9l\u00e9phone<\/strong><br>+43 (0) 699 171 817 77<\/p><p><strong>Courrier \u00e9lectronique<\/strong><br><a href=\"mailto:office@bepure-water.com\">office@bepure-water.com<\/a><\/p>\t\t\t\t\t\t\t\t<\/div>\n\t\t\t\t<\/div>\n\t\t\t\t<\/div>\n\t\t<div class=\"elementor-element elementor-element-8902d13 e-con-full e-flex e-con e-child\" data-id=\"8902d13\" data-element_type=\"container\" data-e-type=\"container\">\n\t\t\t\t<div class=\"elementor-element elementor-element-c4e3771 elementor-widget elementor-widget-text-editor\" data-id=\"c4e3771\" data-element_type=\"widget\" data-e-type=\"widget\" data-widget_type=\"text-editor.default\">\n\t\t\t\t<div class=\"elementor-widget-container\">\n\t\t\t\t\t\t\t\t\t<p><strong>Webdesign &amp; r\u00e9alisation<br><\/strong>HW-Concept<br><a href=\"https:\/\/web.archive.org\/web\/20240425064057\/http:\/\/www.hw-concept.com\/\" target=\"_blank\" rel=\"noopener noreferrer\">www.hw-concept.com<\/a><br><a href=\"https:\/\/web.archive.org\/web\/20240425064057\/mailto:office@hw-concept.com\">office@hw-concept.com<\/a><\/p>\t\t\t\t\t\t\t\t<\/div>\n\t\t\t\t<\/div>\n\t\t\t\t<\/div>\n\t\t\t\t\t<\/div>\n\t\t\t\t<\/div>\n\t\t<div class=\"elementor-element elementor-element-f16c9b9 e-flex e-con-boxed e-con e-parent\" data-id=\"f16c9b9\" data-element_type=\"container\" data-e-type=\"container\">\n\t\t\t\t\t<div class=\"e-con-inner\">\n\t\t\t\t<div class=\"elementor-element elementor-element-cf905ea elementor-widget elementor-widget-text-editor\" data-id=\"cf905ea\" data-element_type=\"widget\" data-e-type=\"widget\" data-widget_type=\"text-editor.default\">\n\t\t\t\t<div class=\"elementor-widget-container\">\n\t\t\t\t\t\t\t\t\t<p><strong>Num\u00e9ro d&rsquo;enregistrement de la soci\u00e9t\u00e9 : <\/strong>FN 611266 x<br> Num\u00e9ro UID<strong>: <\/strong>ATU 65716157<\/p><div class=\"wpb_text_column wpb_content_element tb_counter_4\"><div class=\"wpb_wrapper\"><div class=\"wpb_text_column wpb_content_element tb_counter_4\"><div class=\"wpb_wrapper\"><p>Plate-forme de la Commission europ\u00e9enne pour le r\u00e8glement en ligne des litiges (OS) pour les consommateurs <a href=\"https:\/\/web.archive.org\/web\/20240425064057\/https:\/\/ec.europa.eu\/consumers\/odr\/\" target=\"_blank\" rel=\"noopener noreferrer\">: https:\/\/ec.europa.eu\/consumers\/odr\/.<\/a> Nous ne sommes pas dispos\u00e9s \u00e0 participer \u00e0 une proc\u00e9dure de r\u00e8glement des litiges devant un organisme d&rsquo;arbitrage des consommateurs et n&rsquo;y sommes pas tenus. <\/p><p><strong>Clause de non-responsabilit\u00e9<\/strong><br>L&rsquo;auteur n&rsquo;assume aucune responsabilit\u00e9 quant \u00e0 l&rsquo;actualit\u00e9, l&rsquo;exactitude, la pr\u00e9cision, la fiabilit\u00e9 et l&rsquo;exhaustivit\u00e9 du contenu des informations. L&rsquo;auteur ne saurait \u00eatre tenu pour responsable des dommages mat\u00e9riels ou immat\u00e9riels qui pourraient \u00eatre caus\u00e9s par l&rsquo;acc\u00e8s aux informations diffus\u00e9es ou par leur utilisation ou non-utilisation, par le mauvais usage de la connexion ou par des probl\u00e8mes techniques. Toutes les offres sont sans engagement. L&rsquo;auteur se r\u00e9serve express\u00e9ment le droit de modifier, de compl\u00e9ter ou de supprimer des parties de pages ou l&rsquo;ensemble de l&rsquo;offre sans avis pr\u00e9alable, ou d&rsquo;en suspendre temporairement ou d\u00e9finitivement la publication.   <\/p><p><strong>Droits d&rsquo;auteur<\/strong><br>Tous droits r\u00e9serv\u00e9s. Le contenu de ce site est soumis aux droits d&rsquo;auteur et aux autres lois sur la protection de la propri\u00e9t\u00e9 intellectuelle. Toute reproduction ou modification du site ou de certains de ses contenus est interdite sans l&rsquo;autorisation expresse de.  <\/p><p><strong>Responsabilit\u00e9<\/strong><br>L&rsquo;ensemble des contenus, documents ou autres indications figurant sur ce site Internet ont pour but de vous informer, notamment sur notre entreprise et nos services. Ils ne doivent pas \u00eatre consid\u00e9r\u00e9s comme une offre au sens juridique du terme ni comme une prestation de conseil.<br>Bien que nous nous efforcions d&rsquo;apporter le plus grand soin \u00e0 la pr\u00e9sentation des informations, l&rsquo;auteur d\u00e9cline toute responsabilit\u00e9 pour les \u00e9ventuels pr\u00e9judices pouvant r\u00e9sulter de l&rsquo;utilisation des informations figurant sur ce site. <\/p><p><strong>Liens<\/strong><br>Nous n&rsquo;assumons aucune responsabilit\u00e9 quant \u00e0 l&rsquo;exactitude, au contenu ou \u00e0 l&rsquo;absence de contenus agressifs et\/ou nuisibles, tels que des virus, des chevaux de Troie, etc. des liens figurant sur notre site. En particulier, nous n&rsquo;assumons aucune responsabilit\u00e9 pour le contenu des sites externes auxquels nous renvoyons par des liens hypertextes ; seul le fournisseur concern\u00e9 est responsable. Les liens vers notre site web sont souhait\u00e9s s&rsquo;ils sont con\u00e7us comme des liens externes (fen\u00eatre de navigateur propre). La reprise de la fen\u00eatre principale dans un cadre du cr\u00e9ateur du lien n&rsquo;est pas autoris\u00e9e. Si un site web vers lequel nous avons \u00e9tabli un lien contient des contenus ill\u00e9gaux, nous vous prions de nous en informer et le lien sera imm\u00e9diatement supprim\u00e9.    <\/p><\/div><\/div><\/div><\/div>\t\t\t\t\t\t\t\t<\/div>\n\t\t\t\t<\/div>\n\t\t\t\t\t<\/div>\n\t\t\t\t<\/div>\n\t\t\t\t<\/div>\n\t\t","protected":false},"excerpt":{"rendered":"<p>Mentions l\u00e9gales be.pure e.U. Adresse de facturationGro\u00dfe Sperlgasse 8\/2\/341020 VienneAutriche Directeur g\u00e9n\u00e9ralBarbara Schad, M.A. Num\u00e9ro de t\u00e9l\u00e9phone+43 (0) 699 171 817 77 Courrier \u00e9lectroniqueoffice@bepure-water.com Webdesign &amp; r\u00e9alisationHW-Conceptwww.hw-concept.comoffice@hw-concept.com Num\u00e9ro d&rsquo;enregistrement de la soci\u00e9t\u00e9 : FN 611266 x Num\u00e9ro UID: ATU 65716157 Plate-forme de la Commission europ\u00e9enne pour le r\u00e8glement en ligne des litiges (OS) pour les [&hellip;]<\/p>\n","protected":false},"author":1,"featured_media":0,"parent":0,"menu_order":0,"comment_status":"closed","ping_status":"closed","template":"","meta":{"footnotes":""},"class_list":["post-4310","page","type-page","status-publish","hentry"],"_links":{"self":[{"href":"https:\/\/www.bepure-water.com\/fr\/wp-json\/wp\/v2\/pages\/4310","targetHints":{"allow":["GET"]}}],"collection":[{"href":"https:\/\/www.bepure-water.com\/fr\/wp-json\/wp\/v2\/pages"}],"about":[{"href":"https:\/\/www.bepure-water.com\/fr\/wp-json\/wp\/v2\/types\/page"}],"author":[{"embeddable":true,"href":"https:\/\/www.bepure-water.com\/fr\/wp-json\/wp\/v2\/users\/1"}],"replies":[{"embeddable":true,"href":"https:\/\/www.bepure-water.com\/fr\/wp-json\/wp\/v2\/comments?post=4310"}],"version-history":[{"count":1,"href":"https:\/\/www.bepure-water.com\/fr\/wp-json\/wp\/v2\/pages\/4310\/revisions"}],"predecessor-version":[{"id":4313,"href":"https:\/\/www.bepure-water.com\/fr\/wp-json\/wp\/v2\/pages\/4310\/revisions\/4313"}],"wp:attachment":[{"href":"https:\/\/www.bepure-water.com\/fr\/wp-json\/wp\/v2\/media?parent=4310"}],"curies":[{"name":"wp","href":"https:\/\/api.w.org\/{rel}","templated":true}]}}