{"id":4308,"date":"2025-06-30T22:28:45","date_gmt":"2025-06-30T20:28:45","guid":{"rendered":"https:\/\/www.bepure-water.com\/expedition-paiement\/"},"modified":"2026-02-23T22:49:25","modified_gmt":"2026-02-23T21:49:25","slug":"expedition-paiement","status":"publish","type":"page","link":"https:\/\/www.bepure-water.com\/fr\/expedition-paiement\/","title":{"rendered":"Exp\u00e9dition &amp; paiement"},"content":{"rendered":"\t\t<div data-elementor-type=\"wp-page\" data-elementor-id=\"4308\" class=\"elementor elementor-4308 elementor-1599\" data-elementor-post-type=\"page\">\n\t\t\t\t<div class=\"elementor-element elementor-element-a1c8d38 e-flex e-con-boxed e-con e-parent\" data-id=\"a1c8d38\" data-element_type=\"container\" data-e-type=\"container\" data-settings=\"{&quot;background_background&quot;:&quot;classic&quot;}\">\n\t\t\t\t\t<div class=\"e-con-inner\">\n\t\t\t\t<div class=\"elementor-element elementor-element-64e2538 elementor-widget elementor-widget-heading\" data-id=\"64e2538\" data-element_type=\"widget\" data-e-type=\"widget\" data-widget_type=\"heading.default\">\n\t\t\t\t<div class=\"elementor-widget-container\">\n\t\t\t\t\t<h2 class=\"elementor-heading-title elementor-size-default\">Exp\u00e9dition &amp; paiement<\/h2>\t\t\t\t<\/div>\n\t\t\t\t<\/div>\n\t\t\t\t\t<\/div>\n\t\t\t\t<\/div>\n\t\t<div class=\"elementor-element elementor-element-e23107d e-flex e-con-boxed e-con e-parent\" data-id=\"e23107d\" data-element_type=\"container\" data-e-type=\"container\">\n\t\t\t\t\t<div class=\"e-con-inner\">\n\t\t\t\t<div class=\"elementor-element elementor-element-5efa62f elementor-widget elementor-widget-text-editor\" data-id=\"5efa62f\" data-element_type=\"widget\" data-e-type=\"widget\" data-widget_type=\"text-editor.default\">\n\t\t\t\t<div class=\"elementor-widget-container\">\n\t\t\t\t\t\t\t\t\t<p><strong>Exp\u00e9dition B2B<\/strong><\/p><p><strong>Conditions de livraison<\/strong><br>La livraison s&rsquo;effectue en principe d\u00e9part usine \/ entrep\u00f4t (EXW, Autriche ou Allemagne). L&rsquo;acheteur organise lui-m\u00eame le transport de la marchandise et assume tous les frais et risques y aff\u00e9rents. <\/p><p>Les dates de livraison sont sans engagement, sauf si elles sont express\u00e9ment d\u00e9sign\u00e9es et convenues par \u00e9crit comme \u00e9tant fermes.<br>Le risque est transf\u00e9r\u00e9 \u00e0 l&rsquo;acheteur au moment de la remise au transporteur (\u00a7 429 ABGB).<\/p><p>Notre obligation de livraison prend fin \u00e0 la remise de la marchandise au lieu de livraison au sein de l&rsquo;UE. Toute livraison ult\u00e9rieure dans des pays tiers, y compris toutes les formalit\u00e9s d&rsquo;exportation et de douane y aff\u00e9rentes, rel\u00e8ve exclusivement de la responsabilit\u00e9 et des obligations du client et est effectu\u00e9e \u00e0 ses frais. <\/p><p><strong>Exp\u00e9dition \u00e0 la demande de l&rsquo;acheteur<\/strong><\/p><p>A la demande expresse de l&rsquo;acheteur, le vendeur peut organiser l&rsquo;exp\u00e9dition des marchandises. Dans ce cas, la livraison est \u00e9galement consid\u00e9r\u00e9e comme effectu\u00e9e \u00ab\u00a0d\u00e9part usine\u00a0\u00bb. Le transfert des risques a lieu d\u00e8s la remise de la marchandise au transporteur ou \u00e0 l&rsquo;exp\u00e9diteur mandat\u00e9 par le vendeur. Les frais d&rsquo;exp\u00e9dition sont calcul\u00e9s concr\u00e8tement en fonction de la taille, du poids et du d\u00e9lai de livraison et ne sont factur\u00e9s qu&rsquo;apr\u00e8s r\u00e9ception de la commande.   <\/p><p><strong>Transfert des risques<\/strong><br>Le transfert des risques de perte accidentelle, de perte ou d&rsquo;endommagement des marchandises \u00e0 l&rsquo;acheteur s&rsquo;op\u00e8re d\u00e8s la mise \u00e0 disposition des marchandises au si\u00e8ge social du vendeur ou, au plus tard, d\u00e8s leur remise au transporteur. ( 3 429 ABGB )<br>Dates et d\u00e9lais de livraison<br>Les dates et d\u00e9lais de livraison convenus s&rsquo;entendent sous r\u00e9serve d&rsquo;\u00e9v\u00e9nements impr\u00e9visibles, de force majeure ou de retards dus \u00e0 des tiers (p. ex. fournisseurs, transporteurs).<br>B2C <\/p><p>Nous exp\u00e9dions avec diff\u00e9rents transporteurs et choisissons toujours pour vous l&rsquo;option d&rsquo;exp\u00e9dition la plus \u00e9conomique.<\/p><p>Les frais de livraison sont calcul\u00e9s en fonction du poids et des dimensions de la commande et sont indiqu\u00e9s s\u00e9par\u00e9ment sur la facture.<\/p><p>Les d\u00e9lais de livraison ne sont pas contraignants, \u00e0 moins qu&rsquo;ils ne soient express\u00e9ment indiqu\u00e9s et convenus par \u00e9crit comme \u00e9tant contraignants.<\/p><p>Le transfert des risques a lieu lors de la remise au client ou \u00e0 une tierce personne d\u00e9sign\u00e9e par le client et n&rsquo;agissant pas en tant que transporteur.<\/p><p style=\"caret-color: #000000; color: #000000; letter-spacing: normal;\"><strong>Prix, paiement et conditions d&rsquo;exp\u00e9dition<\/strong><\/p><ol><li><span style=\"font-family: var( --e-global-typography-text-font-family ), Sans-serif; font-size: var( --e-global-typography-text-font-size ); text-align: var(--text-align);\">Tous les prix s&rsquo;entendent nets, hors TVA et frais d&rsquo;exp\u00e9dition.<\/span><\/li><li><span style=\"font-family: var( --e-global-typography-text-font-family ), Sans-serif; font-size: var( --e-global-typography-text-font-size ); text-align: var(--text-align);\">Sauf accord \u00e9crit contraire, le paiement est effectu\u00e9 \u00e0 l&rsquo;avance (paiement anticip\u00e9). Le montant de la facture doit \u00eatre vir\u00e9 sans d\u00e9duction sur le compte indiqu\u00e9 par le vendeur apr\u00e8s r\u00e9ception de la confirmation de commande ou de la facture. Tout autre paiement doit faire l&rsquo;objet d&rsquo;un accord \u00e9crit.  <\/span><\/li><li><span style=\"font-family: var( --e-global-typography-text-font-family ), Sans-serif; font-size: var( --e-global-typography-text-font-size ); text-align: var(--text-align);\">L&rsquo;exp\u00e9dition ou la remise de la marchandise n&rsquo;a lieu qu&rsquo;apr\u00e8s r\u00e9ception du paiement int\u00e9gral du montant de la facture sur le compte du vendeur.<\/span><\/li><li><span style=\"font-family: var( --e-global-typography-text-font-family ), Sans-serif; font-size: var( --e-global-typography-text-font-size ); text-align: var(--text-align);\">En cas de retard de paiement, le vendeur est en droit de retenir les livraisons jusqu&rsquo;au paiement int\u00e9gral et de facturer des int\u00e9r\u00eats de retard l\u00e9gaux conform\u00e9ment au \u00a7 456 UGB (code civil allemand). Il n&rsquo;est pas d\u00e9rog\u00e9 \u00e0 d&rsquo;autres droits, notamment en mati\u00e8re de dommages et int\u00e9r\u00eats. <\/span><\/li><\/ol><div> <\/div><p><strong>R\u00e8gles sp\u00e9cifiques pour les consommateurs (B2C)<\/strong><\/p><p><strong>1. livraison &amp; exp\u00e9dition<\/strong><\/p><p>1.1. Les d\u00e9lais de livraison ne sont pas contraignants, sauf s&rsquo;ils sont express\u00e9ment indiqu\u00e9s et convenus par \u00e9crit comme \u00e9tant contraignants.<\/p><p>1.2. Les frais de livraison sont clairement indiqu\u00e9s dans le processus de commande.<\/p><p>1.3. Le transfert des risques n&rsquo;a lieu qu&rsquo;au moment de la remise de la marchandise au client ou \u00e0 une personne d\u00e9sign\u00e9e par celui-ci et n&rsquo;agissant pas en tant que transporteur (\u00a7 7b KSchG).<\/p><p><strong>2. prix et paiement<\/strong><\/p><p>2.1. Tous les prix s&rsquo;entendent TVA incluse, frais de port en sus.<\/p><p>2.2. Sauf accord contraire, le paiement est effectu\u00e9 \u00e0 l&rsquo;avance (paiement anticip\u00e9). Le montant de la facture doit \u00eatre vir\u00e9 sans d\u00e9duction sur le compte indiqu\u00e9 par le vendeur apr\u00e8s r\u00e9ception de la confirmation de commande. <\/p><p>2.3. L&rsquo;exp\u00e9dition ou la remise de la marchandise n&rsquo;a lieu qu&rsquo;apr\u00e8s r\u00e9ception du paiement int\u00e9gral du montant de la facture sur le compte du vendeur.<\/p><p>2.4. L&rsquo;acheteur est clairement inform\u00e9 du mode de paiement et de la date d&rsquo;\u00e9ch\u00e9ance au cours du processus de commande.<\/p><p>2.5. En cas de retard de paiement, le vendeur est en droit de retenir les livraisons jusqu&rsquo;au paiement int\u00e9gral et d&rsquo;exiger les int\u00e9r\u00eats de retard l\u00e9gaux conform\u00e9ment \u00e0 l&rsquo;article 1333 du code civil autrichien.<\/p>\t\t\t\t\t\t\t\t<\/div>\n\t\t\t\t<\/div>\n\t\t\t\t\t<\/div>\n\t\t\t\t<\/div>\n\t\t\t\t<\/div>\n\t\t","protected":false},"excerpt":{"rendered":"<p>Exp\u00e9dition &amp; paiement Exp\u00e9dition B2B Conditions de livraisonLa livraison s&rsquo;effectue en principe d\u00e9part usine \/ entrep\u00f4t (EXW, Autriche ou Allemagne). L&rsquo;acheteur organise lui-m\u00eame le transport de la marchandise et assume tous les frais et risques y aff\u00e9rents. Les dates de livraison sont sans engagement, sauf si elles sont express\u00e9ment d\u00e9sign\u00e9es et convenues par \u00e9crit comme [&hellip;]<\/p>\n","protected":false},"author":1,"featured_media":0,"parent":0,"menu_order":0,"comment_status":"closed","ping_status":"closed","template":"","meta":{"footnotes":""},"class_list":["post-4308","page","type-page","status-publish","hentry"],"_links":{"self":[{"href":"https:\/\/www.bepure-water.com\/fr\/wp-json\/wp\/v2\/pages\/4308","targetHints":{"allow":["GET"]}}],"collection":[{"href":"https:\/\/www.bepure-water.com\/fr\/wp-json\/wp\/v2\/pages"}],"about":[{"href":"https:\/\/www.bepure-water.com\/fr\/wp-json\/wp\/v2\/types\/page"}],"author":[{"embeddable":true,"href":"https:\/\/www.bepure-water.com\/fr\/wp-json\/wp\/v2\/users\/1"}],"replies":[{"embeddable":true,"href":"https:\/\/www.bepure-water.com\/fr\/wp-json\/wp\/v2\/comments?post=4308"}],"version-history":[{"count":2,"href":"https:\/\/www.bepure-water.com\/fr\/wp-json\/wp\/v2\/pages\/4308\/revisions"}],"predecessor-version":[{"id":4311,"href":"https:\/\/www.bepure-water.com\/fr\/wp-json\/wp\/v2\/pages\/4308\/revisions\/4311"}],"wp:attachment":[{"href":"https:\/\/www.bepure-water.com\/fr\/wp-json\/wp\/v2\/media?parent=4308"}],"curies":[{"name":"wp","href":"https:\/\/api.w.org\/{rel}","templated":true}]}}