{"id":4184,"date":"2025-06-30T22:28:01","date_gmt":"2025-06-30T20:28:01","guid":{"rendered":"https:\/\/www.bepure-water.com\/durabilite\/"},"modified":"2026-02-23T20:41:42","modified_gmt":"2026-02-23T19:41:42","slug":"durabilite","status":"publish","type":"page","link":"https:\/\/www.bepure-water.com\/fr\/durabilite\/","title":{"rendered":"Durabilit\u00e9"},"content":{"rendered":"\t\t<div data-elementor-type=\"wp-page\" data-elementor-id=\"4184\" class=\"elementor elementor-4184 elementor-1594\" data-elementor-post-type=\"page\">\n\t\t\t\t<div class=\"elementor-element elementor-element-a1549c4 e-flex e-con-boxed e-con e-parent\" data-id=\"a1549c4\" data-element_type=\"container\" data-e-type=\"container\" data-settings=\"{&quot;background_background&quot;:&quot;classic&quot;}\">\n\t\t\t\t\t<div class=\"e-con-inner\">\n\t\t\t\t<div class=\"elementor-element elementor-element-e6130be elementor-widget elementor-widget-heading\" data-id=\"e6130be\" data-element_type=\"widget\" data-e-type=\"widget\" data-widget_type=\"heading.default\">\n\t\t\t\t<div class=\"elementor-widget-container\">\n\t\t\t\t\t<h2 class=\"elementor-heading-title elementor-size-default\">Bon pour vous, vos proches et notre plan\u00e8te<\/h2>\t\t\t\t<\/div>\n\t\t\t\t<\/div>\n\t\t\t\t<div class=\"elementor-element elementor-element-8c14d79 elementor-widget elementor-widget-text-editor\" data-id=\"8c14d79\" data-element_type=\"widget\" data-e-type=\"widget\" data-widget_type=\"text-editor.default\">\n\t\t\t\t<div class=\"elementor-widget-container\">\n\t\t\t\t\t\t\t\t\t<p>Buvez de mani\u00e8re plus durable<br>Gorg\u00e9e par gorg\u00e9e : une personne dans l&rsquo;UE produit plus de 40 kg de d\u00e9chets plastiques par an. Une grande partie de ces d\u00e9chets est constitu\u00e9e de bouteilles de boissons. <br>Sur les yachts, les tiny houses ou les camping-cars, le transport, le stockage et l&rsquo;\u00e9limination s&rsquo;additionnent.<br>Avec be.pure, vous r\u00e9duisez facilement ces d\u00e9chets. Sans effort, mais avec un impact. Pour vous. Pour demain. Pour moins de plastique dans la mer.     <\/p>\t\t\t\t\t\t\t\t<\/div>\n\t\t\t\t<\/div>\n\t\t\t\t\t<\/div>\n\t\t\t\t<\/div>\n\t\t<div class=\"elementor-element elementor-element-03a98e4 e-flex e-con-boxed e-con e-parent\" data-id=\"03a98e4\" data-element_type=\"container\" data-e-type=\"container\" data-settings=\"{&quot;background_background&quot;:&quot;classic&quot;}\">\n\t\t\t\t\t<div class=\"e-con-inner\">\n\t\t<div class=\"elementor-element elementor-element-acef165 e-con-full e-flex e-con e-child\" data-id=\"acef165\" data-element_type=\"container\" data-e-type=\"container\" data-settings=\"{&quot;background_background&quot;:&quot;classic&quot;}\">\n\t\t\t\t<\/div>\n\t\t<div class=\"elementor-element elementor-element-89e3793 e-con-full e-flex e-con e-child\" data-id=\"89e3793\" data-element_type=\"container\" data-e-type=\"container\" data-settings=\"{&quot;background_background&quot;:&quot;classic&quot;}\">\n\t\t\t\t<div class=\"elementor-element elementor-element-00754d4 elementor-widget elementor-widget-heading\" data-id=\"00754d4\" data-element_type=\"widget\" data-e-type=\"widget\" data-widget_type=\"heading.default\">\n\t\t\t\t<div class=\"elementor-widget-container\">\n\t\t\t\t\t<h2 class=\"elementor-heading-title elementor-size-default\">Une eau responsable<\/h2>\t\t\t\t<\/div>\n\t\t\t\t<\/div>\n\t\t\t\t<div class=\"elementor-element elementor-element-18c1ba6 elementor-widget-divider--view-line elementor-widget elementor-widget-divider\" data-id=\"18c1ba6\" data-element_type=\"widget\" data-e-type=\"widget\" data-widget_type=\"divider.default\">\n\t\t\t\t<div class=\"elementor-widget-container\">\n\t\t\t\t\t\t\t<div class=\"elementor-divider\">\n\t\t\t<span class=\"elementor-divider-separator\">\n\t\t\t\t\t\t<\/span>\n\t\t<\/div>\n\t\t\t\t\t\t<\/div>\n\t\t\t\t<\/div>\n\t\t\t\t<div class=\"elementor-element elementor-element-b445f08 elementor-widget elementor-widget-text-editor\" data-id=\"b445f08\" data-element_type=\"widget\" data-e-type=\"widget\" data-widget_type=\"text-editor.default\">\n\t\t\t\t<div class=\"elementor-widget-container\">\n\t\t\t\t\t\t\t\t\t<p>Il est prouv\u00e9 que le plastique lib\u00e8re des polluants dans l&rsquo;eau potable. Les microplastiques se retrouvent dans l&rsquo;environnement via les rivi\u00e8res et les oc\u00e9ans &#8211; et finalement dans notre corps. Prot\u00e9gez-vous et prot\u00e9gez la nature. Optez pour une solution sans plastique avec be.pure &#8211; pour une eau pure, sans aucun compromis.   <\/p>\t\t\t\t\t\t\t\t<\/div>\n\t\t\t\t<\/div>\n\t\t\t\t<div class=\"elementor-element elementor-element-c03fde6 elementor-widget elementor-widget-heading\" data-id=\"c03fde6\" data-element_type=\"widget\" data-e-type=\"widget\" data-widget_type=\"heading.default\">\n\t\t\t\t<div class=\"elementor-widget-container\">\n\t\t\t\t\t<h3 class=\"elementor-heading-title elementor-size-default\">Chaque goutte sans plastique compte<\/h3>\t\t\t\t<\/div>\n\t\t\t\t<\/div>\n\t\t\t\t<div class=\"elementor-element elementor-element-a64bfb7 elementor-widget elementor-widget-text-editor\" data-id=\"a64bfb7\" data-element_type=\"widget\" data-e-type=\"widget\" data-widget_type=\"text-editor.default\">\n\t\t\t\t<div class=\"elementor-widget-container\">\n\t\t\t\t\t\t\t\t\t<p>Chez be.pure, nous nous engageons en faveur du d\u00e9veloppement durable et de la protection de l&rsquo;environnement. C&rsquo;est pourquoi nous \u00e9vitons d\u00e9lib\u00e9r\u00e9ment les transports inutiles, nous \u00e9vitons les bouteilles jetables, nous utilisons des syst\u00e8mes r\u00e9utilisables &#8211; et nous laissons moins de d\u00e9chets derri\u00e8re nous. <\/p>\t\t\t\t\t\t\t\t<\/div>\n\t\t\t\t<\/div>\n\t\t\t\t<\/div>\n\t\t\t\t\t<\/div>\n\t\t\t\t<\/div>\n\t\t<div class=\"elementor-element elementor-element-a078378 e-flex e-con-boxed e-con e-parent\" data-id=\"a078378\" data-element_type=\"container\" data-e-type=\"container\" data-settings=\"{&quot;background_background&quot;:&quot;classic&quot;}\">\n\t\t\t\t\t<div class=\"e-con-inner\">\n\t\t\t\t<div class=\"elementor-element elementor-element-6addfb3 elementor-widget elementor-widget-heading\" data-id=\"6addfb3\" data-element_type=\"widget\" data-e-type=\"widget\" data-widget_type=\"heading.default\">\n\t\t\t\t<div class=\"elementor-widget-container\">\n\t\t\t\t\t<h2 class=\"elementor-heading-title elementor-size-default\">Pas de plastique - Plan\u00e8te verte<\/h2>\t\t\t\t<\/div>\n\t\t\t\t<\/div>\n\t\t\t\t<div class=\"elementor-element elementor-element-b14785b elementor-widget elementor-widget-text-editor\" data-id=\"b14785b\" data-element_type=\"widget\" data-e-type=\"widget\" data-widget_type=\"text-editor.default\">\n\t\t\t\t<div class=\"elementor-widget-container\">\n\t\t\t\t\t\t\t\t\tVous partagez notre vision d&rsquo;une eau potable pure, claire et min\u00e9ralis\u00e9e \u00e0 bord, dans une tiny house ou un camping-car ? be.pure a la solution adapt\u00e9e \u00e0 chacun de vos projets ! \t\t\t\t\t\t\t\t<\/div>\n\t\t\t\t<\/div>\n\t\t\t\t<div class=\"elementor-element elementor-element-795df95 elementor-align-center elementor-widget elementor-widget-button\" data-id=\"795df95\" data-element_type=\"widget\" data-e-type=\"widget\" data-widget_type=\"button.default\">\n\t\t\t\t<div class=\"elementor-widget-container\">\n\t\t\t\t\t\t\t\t\t<div class=\"elementor-button-wrapper\">\n\t\t\t\t\t<a class=\"elementor-button elementor-button-link elementor-size-sm\" href=\"https:\/\/www.bepure-water.com\/fr\/contact\/\">\n\t\t\t\t\t\t<span class=\"elementor-button-content-wrapper\">\n\t\t\t\t\t\t\t\t\t<span class=\"elementor-button-text\">Demandez une consultation gratuite maintenant<\/span>\n\t\t\t\t\t<\/span>\n\t\t\t\t\t<\/a>\n\t\t\t\t<\/div>\n\t\t\t\t\t\t\t\t<\/div>\n\t\t\t\t<\/div>\n\t\t\t\t\t<\/div>\n\t\t\t\t<\/div>\n\t\t\t\t<\/div>\n\t\t","protected":false},"excerpt":{"rendered":"<p>Bon pour vous, vos proches et notre plan\u00e8te Buvez de mani\u00e8re plus durableGorg\u00e9e par gorg\u00e9e : une personne dans l&rsquo;UE produit plus de 40 kg de d\u00e9chets plastiques par an. Une grande partie de ces d\u00e9chets est constitu\u00e9e de bouteilles de boissons. Sur les yachts, les tiny houses ou les camping-cars, le transport, le stockage [&hellip;]<\/p>\n","protected":false},"author":1,"featured_media":0,"parent":0,"menu_order":0,"comment_status":"closed","ping_status":"closed","template":"","meta":{"footnotes":""},"class_list":["post-4184","page","type-page","status-publish","hentry"],"_links":{"self":[{"href":"https:\/\/www.bepure-water.com\/fr\/wp-json\/wp\/v2\/pages\/4184","targetHints":{"allow":["GET"]}}],"collection":[{"href":"https:\/\/www.bepure-water.com\/fr\/wp-json\/wp\/v2\/pages"}],"about":[{"href":"https:\/\/www.bepure-water.com\/fr\/wp-json\/wp\/v2\/types\/page"}],"author":[{"embeddable":true,"href":"https:\/\/www.bepure-water.com\/fr\/wp-json\/wp\/v2\/users\/1"}],"replies":[{"embeddable":true,"href":"https:\/\/www.bepure-water.com\/fr\/wp-json\/wp\/v2\/comments?post=4184"}],"version-history":[{"count":1,"href":"https:\/\/www.bepure-water.com\/fr\/wp-json\/wp\/v2\/pages\/4184\/revisions"}],"predecessor-version":[{"id":4185,"href":"https:\/\/www.bepure-water.com\/fr\/wp-json\/wp\/v2\/pages\/4184\/revisions\/4185"}],"wp:attachment":[{"href":"https:\/\/www.bepure-water.com\/fr\/wp-json\/wp\/v2\/media?parent=4184"}],"curies":[{"name":"wp","href":"https:\/\/api.w.org\/{rel}","templated":true}]}}