{"id":4082,"date":"2025-06-30T22:27:43","date_gmt":"2025-06-30T20:27:43","guid":{"rendered":"https:\/\/www.bepure-water.com\/tout-tourne-autour-de-leau\/"},"modified":"2026-02-23T21:26:15","modified_gmt":"2026-02-23T20:26:15","slug":"tout-tourne-autour-de-leau","status":"publish","type":"page","link":"https:\/\/www.bepure-water.com\/fr\/tout-tourne-autour-de-leau\/","title":{"rendered":"Tout tourne autour de l&rsquo;eau"},"content":{"rendered":"\t\t<div data-elementor-type=\"wp-page\" data-elementor-id=\"4082\" class=\"elementor elementor-4082 elementor-1592\" data-elementor-post-type=\"page\">\n\t\t\t\t<div class=\"elementor-element elementor-element-941b9e8 e-flex e-con-boxed e-con e-parent\" data-id=\"941b9e8\" data-element_type=\"container\" data-e-type=\"container\" data-settings=\"{&quot;background_background&quot;:&quot;classic&quot;}\">\n\t\t\t\t\t<div class=\"e-con-inner\">\n\t\t\t\t<div class=\"elementor-element elementor-element-3177ff9 elementor-widget elementor-widget-heading\" data-id=\"3177ff9\" data-element_type=\"widget\" data-e-type=\"widget\" data-widget_type=\"heading.default\">\n\t\t\t\t<div class=\"elementor-widget-container\">\n\t\t\t\t\t<h2 class=\"elementor-heading-title elementor-size-default\">Parce que chez nous, tout tourne autour de l'eau<\/h2>\t\t\t\t<\/div>\n\t\t\t\t<\/div>\n\t\t\t\t<div class=\"elementor-element elementor-element-7c530d2 elementor-widget elementor-widget-text-editor\" data-id=\"7c530d2\" data-element_type=\"widget\" data-e-type=\"widget\" data-widget_type=\"text-editor.default\">\n\t\t\t\t<div class=\"elementor-widget-container\">\n\t\t\t\t\t\t\t\t\tC&rsquo;est aujourd&rsquo;hui une certitude scientifique : sans eau, la vie n&rsquo;aurait jamais pu se d\u00e9velopper sur Terre. Notre plan\u00e8te occupe une place particuli\u00e8re dans le syst\u00e8me solaire &#8211; elle est la seule \u00e0 contenir de l&rsquo;eau sous forme liquide. Selon les recherches actuelles, la Terre est \u00e9galement le seul endroit connu du syst\u00e8me solaire o\u00f9 la vie existe.  \t\t\t\t\t\t\t\t<\/div>\n\t\t\t\t<\/div>\n\t\t\t\t\t<\/div>\n\t\t\t\t<\/div>\n\t\t<div class=\"elementor-element elementor-element-eeed5ca e-flex e-con-boxed e-con e-parent\" data-id=\"eeed5ca\" data-element_type=\"container\" data-e-type=\"container\" data-settings=\"{&quot;background_background&quot;:&quot;classic&quot;}\">\n\t\t\t\t\t<div class=\"e-con-inner\">\n\t\t<div class=\"elementor-element elementor-element-c041b7a e-con-full e-flex e-con e-child\" data-id=\"c041b7a\" data-element_type=\"container\" data-e-type=\"container\" data-settings=\"{&quot;background_background&quot;:&quot;classic&quot;}\">\n\t\t\t\t<\/div>\n\t\t<div class=\"elementor-element elementor-element-4ce2bb2 e-con-full e-flex e-con e-child\" data-id=\"4ce2bb2\" data-element_type=\"container\" data-e-type=\"container\" data-settings=\"{&quot;background_background&quot;:&quot;classic&quot;}\">\n\t\t\t\t<div class=\"elementor-element elementor-element-1ab6fd2 elementor-widget elementor-widget-heading\" data-id=\"1ab6fd2\" data-element_type=\"widget\" data-e-type=\"widget\" data-widget_type=\"heading.default\">\n\t\t\t\t<div class=\"elementor-widget-container\">\n\t\t\t\t\t<h2 class=\"elementor-heading-title elementor-size-default\">L\u00e0 o\u00f9 il y a de l'eau, la vie n'est g\u00e9n\u00e9ralement pas loin<\/h2>\t\t\t\t<\/div>\n\t\t\t\t<\/div>\n\t\t\t\t<div class=\"elementor-element elementor-element-8326be0 elementor-widget-divider--view-line elementor-widget elementor-widget-divider\" data-id=\"8326be0\" data-element_type=\"widget\" data-e-type=\"widget\" data-widget_type=\"divider.default\">\n\t\t\t\t<div class=\"elementor-widget-container\">\n\t\t\t\t\t\t\t<div class=\"elementor-divider\">\n\t\t\t<span class=\"elementor-divider-separator\">\n\t\t\t\t\t\t<\/span>\n\t\t<\/div>\n\t\t\t\t\t\t<\/div>\n\t\t\t\t<\/div>\n\t\t\t\t<div class=\"elementor-element elementor-element-d9ba11e elementor-widget elementor-widget-text-editor\" data-id=\"d9ba11e\" data-element_type=\"widget\" data-e-type=\"widget\" data-widget_type=\"text-editor.default\">\n\t\t\t\t<div class=\"elementor-widget-container\">\n\t\t\t\t\t\t\t\t\t<p>L&rsquo;eau est \u00e0 la base de toutes les formes de vie que nous connaissons. La teneur \u00e9lev\u00e9e en eau du corps humain est \u00e9galement remarquable : chez les adultes, elle peut atteindre 70%. Les enfants et les adolescents ont g\u00e9n\u00e9ralement une teneur en eau encore plus \u00e9lev\u00e9e, qui diminue progressivement avec l&rsquo;\u00e2ge. Sans l&rsquo;apport d&rsquo;eau potable, l&rsquo;homme ne survit g\u00e9n\u00e9ralement pas plus de trois jours.   <\/p><p>L&rsquo;eau de notre plan\u00e8te se d\u00e9place en circuit ferm\u00e9 &#8211; ce qui signifie que la quantit\u00e9 totale reste constante, mais que l&rsquo;\u00e9tat de la mati\u00e8re change. Plus de 70 % de la surface de la Terre est recouverte d&rsquo;eau. La majeure partie de cette eau &#8211; environ 97 % &#8211; se trouve sous forme d&rsquo;eau sal\u00e9e dans les oc\u00e9ans. L&rsquo;eau douce ne repr\u00e9sente que 2,5 % des r\u00e9serves d&rsquo;eau de la plan\u00e8te. Environ deux tiers de cette eau est stock\u00e9e sous forme de glace dans les glaciers et les p\u00f4les. Une autre grande partie est enfouie sous terre sous forme d&rsquo;eau souterraine.<br>Seuls 0,3 % de l&rsquo;eau douce sont directement disponibles sous forme de rivi\u00e8res, de lacs et de ruisseaux &#8211; une part extr\u00eamement faible et pr\u00e9cieuse.<br>Depuis des si\u00e8cles, voire des mill\u00e9naires, notre eau est influenc\u00e9e par l&rsquo;homme. Pesticides, engrais et autres polluants s&rsquo;infiltrent dans le sol et restent souvent invisibles &#8211; mais pas sans cons\u00e9quences.<br>De plus en plus souvent, des r\u00e9sidus de ces produits se retrouvent \u00e9galement dans notre eau potable. Pour vous prot\u00e9ger, vous et votre famille, des substances ind\u00e9sirables, un osmoseur peut \u00eatre une solution judicieuse. Vous trouverez ici de plus amples informations sur la qualit\u00e9 de l&rsquo;eau et les dangers potentiels.        <\/p>\t\t\t\t\t\t\t\t<\/div>\n\t\t\t\t<\/div>\n\t\t<div class=\"elementor-element elementor-element-1f2b033 e-con-full e-flex e-con e-child\" data-id=\"1f2b033\" data-element_type=\"container\" data-e-type=\"container\">\n\t\t<div class=\"elementor-element elementor-element-034ecb0 e-con-full e-flex e-con e-child\" data-id=\"034ecb0\" data-element_type=\"container\" data-e-type=\"container\">\n\t\t\t\t<div class=\"elementor-element elementor-element-e3fc470 elementor-align-justify elementor-widget elementor-widget-button\" data-id=\"e3fc470\" data-element_type=\"widget\" data-e-type=\"widget\" data-widget_type=\"button.default\">\n\t\t\t\t<div class=\"elementor-widget-container\">\n\t\t\t\t\t\t\t\t\t<div class=\"elementor-button-wrapper\">\n\t\t\t\t\t<a class=\"elementor-button elementor-button-link elementor-size-sm\" href=\"https:\/\/www.bepure-water.com\/wp-content\/uploads\/2026\/01\/bepure-katalog-FR-web.pdf\">\n\t\t\t\t\t\t<span class=\"elementor-button-content-wrapper\">\n\t\t\t\t\t\t\t\t\t<span class=\"elementor-button-text\">Catalogue be.pure water<\/span>\n\t\t\t\t\t<\/span>\n\t\t\t\t\t<\/a>\n\t\t\t\t<\/div>\n\t\t\t\t\t\t\t\t<\/div>\n\t\t\t\t<\/div>\n\t\t\t\t<\/div>\n\t\t<div class=\"elementor-element elementor-element-e54dc0d e-con-full e-flex e-con e-child\" data-id=\"e54dc0d\" data-element_type=\"container\" data-e-type=\"container\">\n\t\t\t\t<div class=\"elementor-element elementor-element-bce04fc elementor-align-justify elementor-widget elementor-widget-button\" data-id=\"bce04fc\" data-element_type=\"widget\" data-e-type=\"widget\" data-widget_type=\"button.default\">\n\t\t\t\t<div class=\"elementor-widget-container\">\n\t\t\t\t\t\t\t\t\t<div class=\"elementor-button-wrapper\">\n\t\t\t\t\t<a class=\"elementor-button elementor-button-link elementor-size-sm\" href=\"https:\/\/www.bepure-water.com\/fr\/enya\/\">\n\t\t\t\t\t\t<span class=\"elementor-button-content-wrapper\">\n\t\t\t\t\t\t\t\t\t<span class=\"elementor-button-text\">Technique<\/span>\n\t\t\t\t\t<\/span>\n\t\t\t\t\t<\/a>\n\t\t\t\t<\/div>\n\t\t\t\t\t\t\t\t<\/div>\n\t\t\t\t<\/div>\n\t\t\t\t<\/div>\n\t\t\t\t<\/div>\n\t\t\t\t<\/div>\n\t\t\t\t\t<\/div>\n\t\t\t\t<\/div>\n\t\t<div class=\"elementor-element elementor-element-f68fb54 e-flex e-con-boxed e-con e-parent\" data-id=\"f68fb54\" data-element_type=\"container\" data-e-type=\"container\" data-settings=\"{&quot;background_background&quot;:&quot;classic&quot;}\">\n\t\t\t\t\t<div class=\"e-con-inner\">\n\t\t<div class=\"elementor-element elementor-element-d89e3b8 e-con-full e-flex e-con e-child\" data-id=\"d89e3b8\" data-element_type=\"container\" data-e-type=\"container\" data-settings=\"{&quot;background_background&quot;:&quot;classic&quot;}\">\n\t\t\t\t<div class=\"elementor-element elementor-element-6f9c48d elementor-widget elementor-widget-heading\" data-id=\"6f9c48d\" data-element_type=\"widget\" data-e-type=\"widget\" data-widget_type=\"heading.default\">\n\t\t\t\t<div class=\"elementor-widget-container\">\n\t\t\t\t\t<h2 class=\"elementor-heading-title elementor-size-default\">La soif d'eau mondiale ne cesse d'augmenter<\/h2>\t\t\t\t<\/div>\n\t\t\t\t<\/div>\n\t\t\t\t<div class=\"elementor-element elementor-element-27d3181 elementor-widget-divider--view-line elementor-widget elementor-widget-divider\" data-id=\"27d3181\" data-element_type=\"widget\" data-e-type=\"widget\" data-widget_type=\"divider.default\">\n\t\t\t\t<div class=\"elementor-widget-container\">\n\t\t\t\t\t\t\t<div class=\"elementor-divider\">\n\t\t\t<span class=\"elementor-divider-separator\">\n\t\t\t\t\t\t<\/span>\n\t\t<\/div>\n\t\t\t\t\t\t<\/div>\n\t\t\t\t<\/div>\n\t\t\t\t<div class=\"elementor-element elementor-element-26c0a8d elementor-widget elementor-widget-text-editor\" data-id=\"26c0a8d\" data-element_type=\"widget\" data-e-type=\"widget\" data-widget_type=\"text-editor.default\">\n\t\t\t\t<div class=\"elementor-widget-container\">\n\t\t\t\t\t\t\t\t\t<p>L&rsquo;eau douce n&rsquo;est pas disponible partout dans les m\u00eames proportions &#8211; les r\u00e9serves mondiales sont in\u00e9galement r\u00e9parties. Dans de nombreuses r\u00e9gions au climat sec, comme une grande partie de l&rsquo;Afrique, l&rsquo;eau est d\u00e9j\u00e0 rare. Les cons\u00e9quences du changement climatique aggravent encore cette situation : dans certaines r\u00e9gions, il n&rsquo;a pratiquement pas plu pendant des ann\u00e9es, des r\u00e9gions enti\u00e8res se sont ass\u00e9ch\u00e9es &#8211; et sont devenues pratiquement inhabitables pour l&rsquo;homme. De plus, l&rsquo;eau est souvent gaspill\u00e9e, notamment en raison de l&rsquo;agriculture intensive qui n\u00e9cessite beaucoup d&rsquo;eau.   <\/p><p>Les Nations Unies lancent un avertissement : d&rsquo;ici 2050, jusqu&rsquo;\u00e0 5,7 milliards de personnes dans le monde pourraient souffrir d&rsquo;une p\u00e9nurie d&rsquo;eau. Alors que le manque d&rsquo;eau s&rsquo;aggrave dramatiquement dans certaines r\u00e9gions, la population mondiale augmente inexorablement &#8211; et avec elle le besoin d&rsquo;eau propre et potable. <\/p>\t\t\t\t\t\t\t\t<\/div>\n\t\t\t\t<\/div>\n\t\t<div class=\"elementor-element elementor-element-b2e36d7 e-con-full e-flex e-con e-child\" data-id=\"b2e36d7\" data-element_type=\"container\" data-e-type=\"container\">\n\t\t<div class=\"elementor-element elementor-element-7a4eded e-con-full e-flex e-con e-child\" data-id=\"7a4eded\" data-element_type=\"container\" data-e-type=\"container\">\n\t\t\t\t<div class=\"elementor-element elementor-element-0add3fe elementor-align-justify elementor-widget elementor-widget-button\" data-id=\"0add3fe\" data-element_type=\"widget\" data-e-type=\"widget\" data-widget_type=\"button.default\">\n\t\t\t\t<div class=\"elementor-widget-container\">\n\t\t\t\t\t\t\t\t\t<div class=\"elementor-button-wrapper\">\n\t\t\t\t\t<a class=\"elementor-button elementor-button-link elementor-size-sm\" href=\"https:\/\/www.bepure-water.com\/wp-content\/uploads\/2026\/01\/bepure-katalog-FR-web.pdf\">\n\t\t\t\t\t\t<span class=\"elementor-button-content-wrapper\">\n\t\t\t\t\t\t\t\t\t<span class=\"elementor-button-text\">Catalogue be.pure water<\/span>\n\t\t\t\t\t<\/span>\n\t\t\t\t\t<\/a>\n\t\t\t\t<\/div>\n\t\t\t\t\t\t\t\t<\/div>\n\t\t\t\t<\/div>\n\t\t\t\t<\/div>\n\t\t<div class=\"elementor-element elementor-element-2d403e0 e-con-full e-flex e-con e-child\" data-id=\"2d403e0\" data-element_type=\"container\" data-e-type=\"container\">\n\t\t\t\t<div class=\"elementor-element elementor-element-fb17ac7 elementor-align-justify elementor-widget elementor-widget-button\" data-id=\"fb17ac7\" data-element_type=\"widget\" data-e-type=\"widget\" data-widget_type=\"button.default\">\n\t\t\t\t<div class=\"elementor-widget-container\">\n\t\t\t\t\t\t\t\t\t<div class=\"elementor-button-wrapper\">\n\t\t\t\t\t<a class=\"elementor-button elementor-button-link elementor-size-sm\" href=\"https:\/\/www.bepure-water.com\/fr\/enya\/\">\n\t\t\t\t\t\t<span class=\"elementor-button-content-wrapper\">\n\t\t\t\t\t\t\t\t\t<span class=\"elementor-button-text\">Technique<\/span>\n\t\t\t\t\t<\/span>\n\t\t\t\t\t<\/a>\n\t\t\t\t<\/div>\n\t\t\t\t\t\t\t\t<\/div>\n\t\t\t\t<\/div>\n\t\t\t\t<\/div>\n\t\t\t\t<\/div>\n\t\t\t\t<\/div>\n\t\t<div class=\"elementor-element elementor-element-d757192 e-con-full e-flex e-con e-child\" data-id=\"d757192\" data-element_type=\"container\" data-e-type=\"container\" data-settings=\"{&quot;background_background&quot;:&quot;classic&quot;}\">\n\t\t\t\t<\/div>\n\t\t\t\t\t<\/div>\n\t\t\t\t<\/div>\n\t\t<div class=\"elementor-element elementor-element-a845d13 e-flex e-con-boxed e-con e-parent\" data-id=\"a845d13\" data-element_type=\"container\" data-e-type=\"container\" data-settings=\"{&quot;background_background&quot;:&quot;classic&quot;}\">\n\t\t\t\t\t<div class=\"e-con-inner\">\n\t\t\t\t<div class=\"elementor-element elementor-element-bb28154 elementor-widget elementor-widget-heading\" data-id=\"bb28154\" data-element_type=\"widget\" data-e-type=\"widget\" data-widget_type=\"heading.default\">\n\t\t\t\t<div class=\"elementor-widget-container\">\n\t\t\t\t\t<h2 class=\"elementor-heading-title elementor-size-default\">Pas de plastique - Plan\u00e8te verte<\/h2>\t\t\t\t<\/div>\n\t\t\t\t<\/div>\n\t\t\t\t<div class=\"elementor-element elementor-element-ceb6cb1 elementor-widget elementor-widget-text-editor\" data-id=\"ceb6cb1\" data-element_type=\"widget\" data-e-type=\"widget\" data-widget_type=\"text-editor.default\">\n\t\t\t\t<div class=\"elementor-widget-container\">\n\t\t\t\t\t\t\t\t\tVous partagez notre vision d&rsquo;une eau potable pure, claire et min\u00e9ralis\u00e9e \u00e0 bord, dans une tiny house ou un camping-car ? be.pure a la solution adapt\u00e9e \u00e0 chacun de vos projets ! \t\t\t\t\t\t\t\t<\/div>\n\t\t\t\t<\/div>\n\t\t\t\t<div class=\"elementor-element elementor-element-b40a6eb elementor-align-center elementor-widget elementor-widget-button\" data-id=\"b40a6eb\" data-element_type=\"widget\" data-e-type=\"widget\" data-widget_type=\"button.default\">\n\t\t\t\t<div class=\"elementor-widget-container\">\n\t\t\t\t\t\t\t\t\t<div class=\"elementor-button-wrapper\">\n\t\t\t\t\t<a class=\"elementor-button elementor-button-link elementor-size-sm\" href=\"https:\/\/www.bepure-water.com\/fr\/contact\/\">\n\t\t\t\t\t\t<span class=\"elementor-button-content-wrapper\">\n\t\t\t\t\t\t\t\t\t<span class=\"elementor-button-text\">Demandez une consultation gratuite maintenant<\/span>\n\t\t\t\t\t<\/span>\n\t\t\t\t\t<\/a>\n\t\t\t\t<\/div>\n\t\t\t\t\t\t\t\t<\/div>\n\t\t\t\t<\/div>\n\t\t\t\t\t<\/div>\n\t\t\t\t<\/div>\n\t\t\t\t<\/div>\n\t\t","protected":false},"excerpt":{"rendered":"<p>Parce que chez nous, tout tourne autour de l&rsquo;eau C&rsquo;est aujourd&rsquo;hui une certitude scientifique : sans eau, la vie n&rsquo;aurait jamais pu se d\u00e9velopper sur Terre. Notre plan\u00e8te occupe une place particuli\u00e8re dans le syst\u00e8me solaire &#8211; elle est la seule \u00e0 contenir de l&rsquo;eau sous forme liquide. Selon les recherches actuelles, la Terre est [&hellip;]<\/p>\n","protected":false},"author":1,"featured_media":0,"parent":0,"menu_order":0,"comment_status":"closed","ping_status":"closed","template":"","meta":{"footnotes":""},"class_list":["post-4082","page","type-page","status-publish","hentry"],"_links":{"self":[{"href":"https:\/\/www.bepure-water.com\/fr\/wp-json\/wp\/v2\/pages\/4082","targetHints":{"allow":["GET"]}}],"collection":[{"href":"https:\/\/www.bepure-water.com\/fr\/wp-json\/wp\/v2\/pages"}],"about":[{"href":"https:\/\/www.bepure-water.com\/fr\/wp-json\/wp\/v2\/types\/page"}],"author":[{"embeddable":true,"href":"https:\/\/www.bepure-water.com\/fr\/wp-json\/wp\/v2\/users\/1"}],"replies":[{"embeddable":true,"href":"https:\/\/www.bepure-water.com\/fr\/wp-json\/wp\/v2\/comments?post=4082"}],"version-history":[{"count":4,"href":"https:\/\/www.bepure-water.com\/fr\/wp-json\/wp\/v2\/pages\/4082\/revisions"}],"predecessor-version":[{"id":4244,"href":"https:\/\/www.bepure-water.com\/fr\/wp-json\/wp\/v2\/pages\/4082\/revisions\/4244"}],"wp:attachment":[{"href":"https:\/\/www.bepure-water.com\/fr\/wp-json\/wp\/v2\/media?parent=4082"}],"curies":[{"name":"wp","href":"https:\/\/api.w.org\/{rel}","templated":true}]}}