{"id":4067,"date":"2025-06-30T22:08:49","date_gmt":"2025-06-30T20:08:49","guid":{"rendered":"https:\/\/www.bepure-water.com\/izumi\/"},"modified":"2026-02-23T21:25:47","modified_gmt":"2026-02-23T20:25:47","slug":"izumi","status":"publish","type":"page","link":"https:\/\/www.bepure-water.com\/fr\/izumi\/","title":{"rendered":"Izumi"},"content":{"rendered":"\t\t<div data-elementor-type=\"wp-page\" data-elementor-id=\"4067\" class=\"elementor elementor-4067 elementor-1535\" data-elementor-post-type=\"page\">\n\t\t\t\t<div class=\"elementor-element elementor-element-2a259bf e-con-full e-flex e-con e-parent\" data-id=\"2a259bf\" data-element_type=\"container\" data-e-type=\"container\">\n\t\t\t\t<div class=\"elementor-element elementor-element-edbe183 elementor-widget elementor-widget-slider_revolution\" data-id=\"edbe183\" data-element_type=\"widget\" data-e-type=\"widget\" data-widget_type=\"slider_revolution.default\">\n\t\t\t\t<div class=\"elementor-widget-container\">\n\t\t\t\t\t\n\t\t<div class=\"wp-block-themepunch-revslider\">\n\t\t\t\t<p class=\"rs-p-wp-fix\"><\/p>\n\t\t\t\t<sr7-module data-alias=\"enya-neu-11\" data-id=\"21\" id=\"SR7_21_1\" class=\"rs-ov-hidden\" data-version=\"6.7.41\">\n\t\t\t\t\t<sr7-adjuster><\/sr7-adjuster>\n\t\t\t\t\t<sr7-content>\n\t\t\t\t\t\t<sr7-slide id=\"SR7_21_1-125\" data-key=\"125\">\n\t\t\t\t\t\t\t<sr7-bg id=\"SR7_21_1-125-7\" class=\"sr7-layer\"><noscript><img decoding=\"async\" src=\"https:\/\/www.bepure-water.com\/wp-content\/uploads\/2025\/12\/bepure-tiny-house-4.jpg\" alt=\"\" title=\"bepure-tiny-house-4\"><\/noscript><\/sr7-bg>\n\t\t\t\t\t\t\t<h1 id=\"SR7_21_1-125-0\" class=\"sr7-layer\">IZUMI \u2013 LE DESIGN AU SERVICE DU CONFORT DE CONSOMMATION<\/h1>\n\t\t\t\t\t\t\t<sr7-txt id=\"SR7_21_1-125-5\" class=\"sr7-layer\">Izumi s\u00e9duit par ses lignes \u00e9pur\u00e9es et sa grande fonctionnalit\u00e9. Ce distributeur d'eau autonome fournit tous les types d'eau d'une simple pression sur un bouton et s'int\u00e8gre parfaitement dans les salons, les bars \u00e0 bord, les cuisines et les pi\u00e8ces \u00e0 vivre aux exigences \u00e9lev\u00e9es en mati\u00e8re de design. Disponible en option avec une fonction eau chaude jusqu'\u00e0 95 \u00b0C.<\/sr7-txt>\n\t\t\t\t\t\t<\/sr7-slide>\n\t\t\t\t\t\t<sr7-slide id=\"SR7_21_1-62\" data-key=\"62\">\n\t\t\t\t\t\t<\/sr7-slide>\n\t\t\t\t\t<\/sr7-content>\n\t\t\t\t\t<image_lists style=\"display:none\">\n\t\t\t\t\t\t<img data-src=\"\/\/www.bepure-water.com\/wp-content\/uploads\/2025\/12\/bepure-tiny-house-4.jpg\" data-libid=\"3264\" data-lib=\"medialibrary\" title=\"bepure-tiny-house-4\" width=\"0\" height=\"0\" data-dbsrc=\"Ly93d3cuYmVwdXJlLXdhdGVyLmNvbS93cC1jb250ZW50L3VwbG9hZHMvMjAyNS8xMi9iZXB1cmUtdGlueS1ob3VzZS00LmpwZw==\"\/>\n\t\t\t\t\t<\/image_lists>\n\t\t\t\t<\/sr7-module>\n\t\t\t\t<script>\n\t\t\t\t\tSR7.PMH ??={}; SR7.PMH[\"SR7_21_1\"] = {cn:100,state:false,fn: function() { if (_tpt!==undefined && _tpt.prepareModuleHeight !== undefined) {  _tpt.prepareModuleHeight({id:\"SR7_21_1\",el:[870,870,870,870,720],type:'hero',shdw:'0',gh:[600,600,600,600,720],gw:[1240,1240,1240,1240,480],vpt:['-100px&#039;,&#039;-100px&#039;,&#039;-100px&#039;,&#039;-100px&#039;,&#039;-100px'],size:{fullWidth:true, fullHeight:true},fho:'',mh:'0',onh:0,onw:0,bg:{color:'{\"orig\":\"transparent\",\"type\":\"solid\",\"string\":\"transparent\"}'}});   SR7.PMH[\"SR7_21_1\"].state=true;} else if(SR7.PMH[\"SR7_21_1\"].cn-->0)\tsetTimeout( SR7.PMH[\"SR7_21_1\"].fn,19);}};SR7.PMH[\"SR7_21_1\" ].fn();\n\t\t\t\t<\/script>\n<\/div>\n\n\t\t\t\t\t\t<\/div>\n\t\t\t\t<\/div>\n\t\t\t\t<\/div>\n\t\t<div class=\"elementor-element elementor-element-6604ce9 e-flex e-con-boxed e-con e-parent\" data-id=\"6604ce9\" data-element_type=\"container\" data-e-type=\"container\" data-settings=\"{&quot;background_background&quot;:&quot;classic&quot;}\">\n\t\t\t\t\t<div class=\"e-con-inner\">\n\t\t<div class=\"elementor-element elementor-element-72d699a e-con-full e-flex e-con e-child\" data-id=\"72d699a\" data-element_type=\"container\" data-e-type=\"container\" data-settings=\"{&quot;background_background&quot;:&quot;classic&quot;}\">\n\t\t\t\t<\/div>\n\t\t<div class=\"elementor-element elementor-element-779a58c e-con-full e-flex e-con e-child\" data-id=\"779a58c\" data-element_type=\"container\" data-e-type=\"container\" data-settings=\"{&quot;background_background&quot;:&quot;classic&quot;}\">\n\t\t\t\t<div class=\"elementor-element elementor-element-26ea224 elementor-widget elementor-widget-heading\" data-id=\"26ea224\" data-element_type=\"widget\" data-e-type=\"widget\" data-widget_type=\"heading.default\">\n\t\t\t\t<div class=\"elementor-widget-container\">\n\t\t\t\t\t<h2 class=\"elementor-heading-title elementor-size-default\">Les avantages en un coup d'\u0153il<\/h2>\t\t\t\t<\/div>\n\t\t\t\t<\/div>\n\t\t\t\t<div class=\"elementor-element elementor-element-6be1be7 elementor-widget-divider--view-line elementor-widget elementor-widget-divider\" data-id=\"6be1be7\" data-element_type=\"widget\" data-e-type=\"widget\" data-widget_type=\"divider.default\">\n\t\t\t\t<div class=\"elementor-widget-container\">\n\t\t\t\t\t\t\t<div class=\"elementor-divider\">\n\t\t\t<span class=\"elementor-divider-separator\">\n\t\t\t\t\t\t<\/span>\n\t\t<\/div>\n\t\t\t\t\t\t<\/div>\n\t\t\t\t<\/div>\n\t\t\t\t<div class=\"elementor-element elementor-element-becaebe elementor-widget elementor-widget-text-editor\" data-id=\"becaebe\" data-element_type=\"widget\" data-e-type=\"widget\" data-widget_type=\"text-editor.default\">\n\t\t\t\t<div class=\"elementor-widget-container\">\n\t\t\t\t\t\t\t\t\t<p>L&rsquo;int\u00e9rieur du bec verseur en acier inoxydable d&rsquo;IZUMI est rev\u00eatu d&rsquo;un nano-argent innovant. L&rsquo;argent est naturellement bact\u00e9riostatique et r\u00e9duit la croissance des germes \u00e0 la surface. Gr\u00e2ce \u00e0 ce rev\u00eatement, la surface du bec est particuli\u00e8rement lisse, ce qui \u00e9vite l&rsquo;accumulation de germes et autres d\u00e9p\u00f4ts.  <\/p><ul class=\"checklist-css\"><li>Fonction Ambient, Hot, Cold ou Fizz<\/li><li>Bo\u00eetier en acier inoxydable au design moderne<\/li><li>Boutons en acier inoxydable de haute qualit\u00e9<\/li><li>R\u00e9frig\u00e9rants naturels<\/li><li>Chaudi\u00e8re professionnelle en carbonate<\/li><li>Syst\u00e8me de protection des pompes<\/li><li>Rev\u00eatement de sortie en nanoargent<\/li><li>Avec bac d&rsquo;\u00e9gouttage hygi\u00e9nique<\/li><li>Compact et puissant<\/li><\/ul>\t\t\t\t\t\t\t\t<\/div>\n\t\t\t\t<\/div>\n\t\t<div class=\"elementor-element elementor-element-694d957 e-con-full e-flex e-con e-child\" data-id=\"694d957\" data-element_type=\"container\" data-e-type=\"container\">\n\t\t<div class=\"elementor-element elementor-element-b7d48b1 e-con-full e-flex e-con e-child\" data-id=\"b7d48b1\" data-element_type=\"container\" data-e-type=\"container\">\n\t\t\t\t<div class=\"elementor-element elementor-element-5362f14 elementor-align-justify elementor-widget elementor-widget-button\" data-id=\"5362f14\" data-element_type=\"widget\" data-e-type=\"widget\" data-widget_type=\"button.default\">\n\t\t\t\t<div class=\"elementor-widget-container\">\n\t\t\t\t\t\t\t\t\t<div class=\"elementor-button-wrapper\">\n\t\t\t\t\t<a class=\"elementor-button elementor-button-link elementor-size-sm\" href=\"https:\/\/www.bepure-water.com\/wp-content\/uploads\/2026\/01\/bepure-katalog-FR-web.pdf\" target=\"_blank\">\n\t\t\t\t\t\t<span class=\"elementor-button-content-wrapper\">\n\t\t\t\t\t\t\t\t\t<span class=\"elementor-button-text\">Catalogue be.pure water<\/span>\n\t\t\t\t\t<\/span>\n\t\t\t\t\t<\/a>\n\t\t\t\t<\/div>\n\t\t\t\t\t\t\t\t<\/div>\n\t\t\t\t<\/div>\n\t\t\t\t<\/div>\n\t\t<div class=\"elementor-element elementor-element-3b2e4bb e-con-full e-flex e-con e-child\" data-id=\"3b2e4bb\" data-element_type=\"container\" data-e-type=\"container\">\n\t\t\t\t<div class=\"elementor-element elementor-element-28e7be8 elementor-align-justify elementor-widget elementor-widget-button\" data-id=\"28e7be8\" data-element_type=\"widget\" data-e-type=\"widget\" data-widget_type=\"button.default\">\n\t\t\t\t<div class=\"elementor-widget-container\">\n\t\t\t\t\t\t\t\t\t<div class=\"elementor-button-wrapper\">\n\t\t\t\t\t<a class=\"elementor-button elementor-button-link elementor-size-sm\" href=\"https:\/\/www.bepure-water.com\/fr\/technologie\/\">\n\t\t\t\t\t\t<span class=\"elementor-button-content-wrapper\">\n\t\t\t\t\t\t\t\t\t<span class=\"elementor-button-text\">Technique<\/span>\n\t\t\t\t\t<\/span>\n\t\t\t\t\t<\/a>\n\t\t\t\t<\/div>\n\t\t\t\t\t\t\t\t<\/div>\n\t\t\t\t<\/div>\n\t\t\t\t<\/div>\n\t\t\t\t<\/div>\n\t\t\t\t<\/div>\n\t\t\t\t\t<\/div>\n\t\t\t\t<\/div>\n\t\t<div class=\"elementor-element elementor-element-995ff39 e-flex e-con-boxed e-con e-parent\" data-id=\"995ff39\" data-element_type=\"container\" data-e-type=\"container\" data-settings=\"{&quot;background_background&quot;:&quot;classic&quot;}\">\n\t\t\t\t\t<div class=\"e-con-inner\">\n\t\t\t\t<div class=\"elementor-element elementor-element-0b0ea5d elementor-widget elementor-widget-heading\" data-id=\"0b0ea5d\" data-element_type=\"widget\" data-e-type=\"widget\" data-widget_type=\"heading.default\">\n\t\t\t\t<div class=\"elementor-widget-container\">\n\t\t\t\t\t<h2 class=\"elementor-heading-title elementor-size-default\">Pas de plastique - Plan\u00e8te verte<\/h2>\t\t\t\t<\/div>\n\t\t\t\t<\/div>\n\t\t\t\t<div class=\"elementor-element elementor-element-1127130 elementor-widget elementor-widget-text-editor\" data-id=\"1127130\" data-element_type=\"widget\" data-e-type=\"widget\" data-widget_type=\"text-editor.default\">\n\t\t\t\t<div class=\"elementor-widget-container\">\n\t\t\t\t\t\t\t\t\tVous partagez notre vision d&rsquo;une eau potable pure, claire et min\u00e9ralis\u00e9e \u00e0 bord, dans une tiny house ou un camping-car ? be.pure a la solution adapt\u00e9e \u00e0 chacun de vos projets ! \t\t\t\t\t\t\t\t<\/div>\n\t\t\t\t<\/div>\n\t\t\t\t<div class=\"elementor-element elementor-element-a936cf6 elementor-align-center elementor-widget elementor-widget-button\" data-id=\"a936cf6\" data-element_type=\"widget\" data-e-type=\"widget\" data-widget_type=\"button.default\">\n\t\t\t\t<div class=\"elementor-widget-container\">\n\t\t\t\t\t\t\t\t\t<div class=\"elementor-button-wrapper\">\n\t\t\t\t\t<a class=\"elementor-button elementor-button-link elementor-size-sm\" href=\"https:\/\/www.bepure-water.com\/fr\/contact\/\">\n\t\t\t\t\t\t<span class=\"elementor-button-content-wrapper\">\n\t\t\t\t\t\t\t\t\t<span class=\"elementor-button-text\">Demandez une consultation gratuite maintenant<\/span>\n\t\t\t\t\t<\/span>\n\t\t\t\t\t<\/a>\n\t\t\t\t<\/div>\n\t\t\t\t\t\t\t\t<\/div>\n\t\t\t\t<\/div>\n\t\t\t\t\t<\/div>\n\t\t\t\t<\/div>\n\t\t\t\t<\/div>\n\t\t","protected":false},"excerpt":{"rendered":"<p>Les avantages en un coup d&rsquo;\u0153il L&rsquo;int\u00e9rieur du bec verseur en acier inoxydable d&rsquo;IZUMI est rev\u00eatu d&rsquo;un nano-argent innovant. L&rsquo;argent est naturellement bact\u00e9riostatique et r\u00e9duit la croissance des germes \u00e0 la surface. Gr\u00e2ce \u00e0 ce rev\u00eatement, la surface du bec est particuli\u00e8rement lisse, ce qui \u00e9vite l&rsquo;accumulation de germes et autres d\u00e9p\u00f4ts. Fonction Ambient, Hot, [&hellip;]<\/p>\n","protected":false},"author":1,"featured_media":0,"parent":0,"menu_order":0,"comment_status":"closed","ping_status":"closed","template":"","meta":{"footnotes":""},"class_list":["post-4067","page","type-page","status-publish","hentry"],"_links":{"self":[{"href":"https:\/\/www.bepure-water.com\/fr\/wp-json\/wp\/v2\/pages\/4067","targetHints":{"allow":["GET"]}}],"collection":[{"href":"https:\/\/www.bepure-water.com\/fr\/wp-json\/wp\/v2\/pages"}],"about":[{"href":"https:\/\/www.bepure-water.com\/fr\/wp-json\/wp\/v2\/types\/page"}],"author":[{"embeddable":true,"href":"https:\/\/www.bepure-water.com\/fr\/wp-json\/wp\/v2\/users\/1"}],"replies":[{"embeddable":true,"href":"https:\/\/www.bepure-water.com\/fr\/wp-json\/wp\/v2\/comments?post=4067"}],"version-history":[{"count":5,"href":"https:\/\/www.bepure-water.com\/fr\/wp-json\/wp\/v2\/pages\/4067\/revisions"}],"predecessor-version":[{"id":4241,"href":"https:\/\/www.bepure-water.com\/fr\/wp-json\/wp\/v2\/pages\/4067\/revisions\/4241"}],"wp:attachment":[{"href":"https:\/\/www.bepure-water.com\/fr\/wp-json\/wp\/v2\/media?parent=4067"}],"curies":[{"name":"wp","href":"https:\/\/api.w.org\/{rel}","templated":true}]}}