{"id":4060,"date":"2025-06-30T22:08:56","date_gmt":"2025-06-30T20:08:56","guid":{"rendered":"https:\/\/www.bepure-water.com\/philosophie\/"},"modified":"2026-02-20T20:15:41","modified_gmt":"2026-02-20T19:15:41","slug":"philosophie","status":"publish","type":"page","link":"https:\/\/www.bepure-water.com\/fr\/philosophie\/","title":{"rendered":"Philosophie"},"content":{"rendered":"\t\t<div data-elementor-type=\"wp-page\" data-elementor-id=\"4060\" class=\"elementor elementor-4060 elementor-1537\" data-elementor-post-type=\"page\">\n\t\t\t\t<div class=\"elementor-element elementor-element-3dd100c e-con-full e-flex e-con e-parent\" data-id=\"3dd100c\" data-element_type=\"container\" data-e-type=\"container\">\n\t\t\t\t<div class=\"elementor-element elementor-element-a755861 elementor-widget elementor-widget-slider_revolution\" data-id=\"a755861\" data-element_type=\"widget\" data-e-type=\"widget\" data-widget_type=\"slider_revolution.default\">\n\t\t\t\t<div class=\"elementor-widget-container\">\n\t\t\t\t\t\n\t\t<div class=\"wp-block-themepunch-revslider\">\n\t\t\t\t<p class=\"rs-p-wp-fix\"><\/p>\n\t\t\t\t<sr7-module data-alias=\"faqs-1\" data-id=\"30\" id=\"SR7_30_1\" class=\"rs-ov-hidden\" data-version=\"6.7.41\">\n\t\t\t\t\t<sr7-adjuster><\/sr7-adjuster>\n\t\t\t\t\t<sr7-content>\n\t\t\t\t\t\t<sr7-slide id=\"SR7_30_1-120\" data-key=\"120\">\n\t\t\t\t\t\t\t<sr7-bg id=\"SR7_30_1-120-7\" class=\"sr7-layer\"><noscript><img decoding=\"async\" src=\"https:\/\/www.bepure-water.com\/wp-content\/uploads\/2025\/09\/happy-woman-enjoying-a-refreshing-drink-on-a-sunny-2025-03-10-20-44-55-utc-mit-logo-Kopie.jpg\" alt=\"\" title=\"happy-woman-enjoying-a-refreshing-drink-on-a-sunny-2025-03-10-20-44-55-utc-mit-logo Kopie\"><\/noscript><\/sr7-bg>\n\t\t\t\t\t\t\t<h1 id=\"SR7_30_1-120-0\" class=\"sr7-layer\">NOUS CROYONS EN UNE EAU PROPRE. PARTOUT.<\/h1>\n\t\t\t\t\t\t\t<sr7-txt id=\"SR7_30_1-120-5\" class=\"sr7-layer\">Nous sommes be.pure, une entreprise avec une vision claire : tout le monde devrait avoir acc\u00e8s \u00e0 une eau potable saine et de haute qualit\u00e9. M\u00eame dans les endroits o\u00f9 l'eau propre n'est pas une \u00e9vidence, comme sur les yachts, dans les camping-cars ou dans les tiny houses.<\/sr7-txt>\n\t\t\t\t\t\t<\/sr7-slide>\n\t\t\t\t\t\t<sr7-slide id=\"SR7_30_1-78\" data-key=\"78\">\n\t\t\t\t\t\t<\/sr7-slide>\n\t\t\t\t\t<\/sr7-content>\n\t\t\t\t\t<image_lists style=\"display:none\">\n\t\t\t\t\t\t<img data-src=\"\/\/www.bepure-water.com\/wp-content\/uploads\/2025\/09\/happy-woman-enjoying-a-refreshing-drink-on-a-sunny-2025-03-10-20-44-55-utc-mit-logo-Kopie.jpg\" data-libid=\"2209\" data-lib=\"medialibrary\" title=\"happy-woman-enjoying-a-refreshing-drink-on-a-sunny-2025-03-10-20-44-55-utc-mit-logo Kopie\" width=\"0\" height=\"0\" data-dbsrc=\"Ly93d3cuYmVwdXJlLXdhdGVyLmNvbS93cC1jb250ZW50L3VwbG9hZHMvMjAyNS8wOS9oYXBweS13b21hbi1lbmpveWluZy1hLXJlZnJlc2hpbmctZHJpbmstb24tYS1zdW5ueS0yMDI1LTAzLTEwLTIwLTQ0LTU1LXV0Yy1taXQtbG9nby1Lb3BpZS5qcGc=\"\/>\n\t\t\t\t\t<\/image_lists>\n\t\t\t\t<\/sr7-module>\n\t\t\t\t<script>\n\t\t\t\t\tSR7.PMH ??={}; SR7.PMH[\"SR7_30_1\"] = {cn:100,state:false,fn: function() { if (_tpt!==undefined && _tpt.prepareModuleHeight !== undefined) {  _tpt.prepareModuleHeight({id:\"SR7_30_1\",el:[795,795,795,795,720],type:'hero',shdw:'0',gh:[600,600,600,600,720],gw:[1240,1240,1240,1240,480],vpt:['-100px&#039;,&#039;-100px&#039;,&#039;-100px&#039;,&#039;-100px&#039;,&#039;-100px'],size:{fullWidth:true, fullHeight:true},fho:'',mh:'0',onh:0,onw:0,bg:{color:'{\"orig\":\"transparent\",\"type\":\"solid\",\"string\":\"transparent\"}'}});   SR7.PMH[\"SR7_30_1\"].state=true;} else if(SR7.PMH[\"SR7_30_1\"].cn-->0)\tsetTimeout( SR7.PMH[\"SR7_30_1\"].fn,19);}};SR7.PMH[\"SR7_30_1\" ].fn();\n\t\t\t\t<\/script>\n<\/div>\n\n\t\t\t\t\t\t<\/div>\n\t\t\t\t<\/div>\n\t\t\t\t<\/div>\n\t\t<div class=\"elementor-element elementor-element-86e4f4d e-flex e-con-boxed e-con e-parent\" data-id=\"86e4f4d\" data-element_type=\"container\" data-e-type=\"container\" data-settings=\"{&quot;background_background&quot;:&quot;classic&quot;}\">\n\t\t\t\t\t<div class=\"e-con-inner\">\n\t\t<div class=\"elementor-element elementor-element-4123df4 e-con-full e-flex e-con e-child\" data-id=\"4123df4\" data-element_type=\"container\" data-e-type=\"container\" data-settings=\"{&quot;background_background&quot;:&quot;classic&quot;}\">\n\t\t\t\t<\/div>\n\t\t<div class=\"elementor-element elementor-element-211a61c e-con-full e-flex e-con e-child\" data-id=\"211a61c\" data-element_type=\"container\" data-e-type=\"container\" data-settings=\"{&quot;background_background&quot;:&quot;classic&quot;}\">\n\t\t\t\t<div class=\"elementor-element elementor-element-1d5622f elementor-widget elementor-widget-heading\" data-id=\"1d5622f\" data-element_type=\"widget\" data-e-type=\"widget\" data-widget_type=\"heading.default\">\n\t\t\t\t<div class=\"elementor-widget-container\">\n\t\t\t\t\t<h2 class=\"elementor-heading-title elementor-size-default\">Notre philosophie<\/h2>\t\t\t\t<\/div>\n\t\t\t\t<\/div>\n\t\t\t\t<div class=\"elementor-element elementor-element-b9e4190 elementor-widget-divider--view-line elementor-widget elementor-widget-divider\" data-id=\"b9e4190\" data-element_type=\"widget\" data-e-type=\"widget\" data-widget_type=\"divider.default\">\n\t\t\t\t<div class=\"elementor-widget-container\">\n\t\t\t\t\t\t\t<div class=\"elementor-divider\">\n\t\t\t<span class=\"elementor-divider-separator\">\n\t\t\t\t\t\t<\/span>\n\t\t<\/div>\n\t\t\t\t\t\t<\/div>\n\t\t\t\t<\/div>\n\t\t\t\t<div class=\"elementor-element elementor-element-108b636 elementor-widget elementor-widget-text-editor\" data-id=\"108b636\" data-element_type=\"widget\" data-e-type=\"widget\" data-widget_type=\"text-editor.default\">\n\t\t\t\t<div class=\"elementor-widget-container\">\n\t\t\t\t\t\t\t\t\t<p>Notre \u00e9quipe et nos partenaires allient passion pour la technologie, la durabilit\u00e9 et le design. Avec nos syst\u00e8mes innovants de traitement mobile de l&rsquo;eau, nous proposons des solutions qui \u00e9tablissent de nouvelles normes de qualit\u00e9, de fiabilit\u00e9 et de confort. <\/p><p>Nos installations filtrent l&rsquo;eau au niveau mol\u00e9culaire et \u00e9liminent les r\u00e9sidus les plus fins, notamment les nitrates, les pesticides, les bact\u00e9ries, les virus, les hormones, les r\u00e9sidus de m\u00e9dicaments (par exemple les antibiotiques), les m\u00e9taux lourds, les microplastiques, les PFAS, l&rsquo;aluminium, le glyphosate, l&rsquo;arsenic, le calcaire, l&rsquo;amiante, le chlore, les nanoparticules, les agents de contraste radiographiques, les sels, l&rsquo;uranium et de nombreux autres contaminants organiques et inorganiques.<\/p><p>Le r\u00e9sultat ? Une eau fra\u00eeche et min\u00e9ralis\u00e9e &#8211; pure, comme si elle provenait d&rsquo;une source alpine. <\/p><p>Les produits que nous proposons sont synonymes de qualit\u00e9 sans compromis, de simplicit\u00e9 d&rsquo;utilisation et d&rsquo;ind\u00e9pendance maximale. Ils permettent de pr\u00e9server les ressources, de r\u00e9duire les d\u00e9chets et de se sentir bien &#8211; \u00e0 chaque gorg\u00e9e. <\/p><p>Nous sommes convaincus que l&rsquo;eau potable de qualit\u00e9 sup\u00e9rieure ne devrait pas \u00eatre un luxe, mais une \u00e9vidence. Nous nous y engageons avec nos partenaires &#8211; avec responsabilit\u00e9 et enthousiasme pour tout ce qui nous lie \u00e0 l&rsquo;eau. <\/p>\t\t\t\t\t\t\t\t<\/div>\n\t\t\t\t<\/div>\n\t\t<div class=\"elementor-element elementor-element-9cb9786 e-con-full e-flex e-con e-child\" data-id=\"9cb9786\" data-element_type=\"container\" data-e-type=\"container\">\n\t\t<div class=\"elementor-element elementor-element-40af340 e-con-full e-flex e-con e-child\" data-id=\"40af340\" data-element_type=\"container\" data-e-type=\"container\">\n\t\t\t\t<div class=\"elementor-element elementor-element-edd7c9d elementor-align-justify elementor-widget elementor-widget-button\" data-id=\"edd7c9d\" data-element_type=\"widget\" data-e-type=\"widget\" data-widget_type=\"button.default\">\n\t\t\t\t<div class=\"elementor-widget-container\">\n\t\t\t\t\t\t\t\t\t<div class=\"elementor-button-wrapper\">\n\t\t\t\t\t<a class=\"elementor-button elementor-button-link elementor-size-sm\" href=\"https:\/\/www.bepure-water.com\/wp-content\/uploads\/2026\/01\/bepure-katalog-DE-web.pdf\">\n\t\t\t\t\t\t<span class=\"elementor-button-content-wrapper\">\n\t\t\t\t\t\t\t\t\t<span class=\"elementor-button-text\">Catalogue be.pure water<\/span>\n\t\t\t\t\t<\/span>\n\t\t\t\t\t<\/a>\n\t\t\t\t<\/div>\n\t\t\t\t\t\t\t\t<\/div>\n\t\t\t\t<\/div>\n\t\t\t\t<\/div>\n\t\t<div class=\"elementor-element elementor-element-42700dd e-con-full e-flex e-con e-child\" data-id=\"42700dd\" data-element_type=\"container\" data-e-type=\"container\">\n\t\t\t\t<div class=\"elementor-element elementor-element-31a20f3 elementor-align-justify elementor-hidden-desktop elementor-hidden-tablet elementor-hidden-mobile elementor-widget elementor-widget-button\" data-id=\"31a20f3\" data-element_type=\"widget\" data-e-type=\"widget\" data-widget_type=\"button.default\">\n\t\t\t\t<div class=\"elementor-widget-container\">\n\t\t\t\t\t\t\t\t\t<div class=\"elementor-button-wrapper\">\n\t\t\t\t\t<a class=\"elementor-button elementor-button-link elementor-size-sm\" href=\"https:\/\/www.bepure-water.com\/fr\/enya\/\">\n\t\t\t\t\t\t<span class=\"elementor-button-content-wrapper\">\n\t\t\t\t\t\t\t\t\t<span class=\"elementor-button-text\">Technique<\/span>\n\t\t\t\t\t<\/span>\n\t\t\t\t\t<\/a>\n\t\t\t\t<\/div>\n\t\t\t\t\t\t\t\t<\/div>\n\t\t\t\t<\/div>\n\t\t\t\t<\/div>\n\t\t\t\t<\/div>\n\t\t\t\t<\/div>\n\t\t\t\t\t<\/div>\n\t\t\t\t<\/div>\n\t\t<div class=\"elementor-element elementor-element-ef73801 e-flex e-con-boxed e-con e-parent\" data-id=\"ef73801\" data-element_type=\"container\" data-e-type=\"container\" data-settings=\"{&quot;background_background&quot;:&quot;classic&quot;}\">\n\t\t\t\t\t<div class=\"e-con-inner\">\n\t\t\t\t<div class=\"elementor-element elementor-element-edde9ba elementor-widget elementor-widget-heading\" data-id=\"edde9ba\" data-element_type=\"widget\" data-e-type=\"widget\" data-widget_type=\"heading.default\">\n\t\t\t\t<div class=\"elementor-widget-container\">\n\t\t\t\t\t<h2 class=\"elementor-heading-title elementor-size-default\">Pas de plastique - Plan\u00e8te verte<\/h2>\t\t\t\t<\/div>\n\t\t\t\t<\/div>\n\t\t\t\t<div class=\"elementor-element elementor-element-8d1d471 elementor-widget elementor-widget-text-editor\" data-id=\"8d1d471\" data-element_type=\"widget\" data-e-type=\"widget\" data-widget_type=\"text-editor.default\">\n\t\t\t\t<div class=\"elementor-widget-container\">\n\t\t\t\t\t\t\t\t\tVous partagez notre vision d&rsquo;une eau potable pure, claire et min\u00e9ralis\u00e9e \u00e0 bord, dans une tiny house ou un camping-car ? be.pure a la solution adapt\u00e9e \u00e0 chacun de vos projets ! \t\t\t\t\t\t\t\t<\/div>\n\t\t\t\t<\/div>\n\t\t\t\t<div class=\"elementor-element elementor-element-2795628 elementor-align-center elementor-widget elementor-widget-button\" data-id=\"2795628\" data-element_type=\"widget\" data-e-type=\"widget\" data-widget_type=\"button.default\">\n\t\t\t\t<div class=\"elementor-widget-container\">\n\t\t\t\t\t\t\t\t\t<div class=\"elementor-button-wrapper\">\n\t\t\t\t\t<a class=\"elementor-button elementor-button-link elementor-size-sm\" href=\"https:\/\/www.bepure-water.com\/fr\/contact\/\">\n\t\t\t\t\t\t<span class=\"elementor-button-content-wrapper\">\n\t\t\t\t\t\t\t\t\t<span class=\"elementor-button-text\">Demandez une consultation gratuite maintenant<\/span>\n\t\t\t\t\t<\/span>\n\t\t\t\t\t<\/a>\n\t\t\t\t<\/div>\n\t\t\t\t\t\t\t\t<\/div>\n\t\t\t\t<\/div>\n\t\t\t\t\t<\/div>\n\t\t\t\t<\/div>\n\t\t\t\t<\/div>\n\t\t","protected":false},"excerpt":{"rendered":"<p>Notre philosophie Notre \u00e9quipe et nos partenaires allient passion pour la technologie, la durabilit\u00e9 et le design. Avec nos syst\u00e8mes innovants de traitement mobile de l&rsquo;eau, nous proposons des solutions qui \u00e9tablissent de nouvelles normes de qualit\u00e9, de fiabilit\u00e9 et de confort. Nos installations filtrent l&rsquo;eau au niveau mol\u00e9culaire et \u00e9liminent les r\u00e9sidus les plus [&hellip;]<\/p>\n","protected":false},"author":1,"featured_media":0,"parent":0,"menu_order":0,"comment_status":"closed","ping_status":"closed","template":"","meta":{"footnotes":""},"class_list":["post-4060","page","type-page","status-publish","hentry"],"_links":{"self":[{"href":"https:\/\/www.bepure-water.com\/fr\/wp-json\/wp\/v2\/pages\/4060","targetHints":{"allow":["GET"]}}],"collection":[{"href":"https:\/\/www.bepure-water.com\/fr\/wp-json\/wp\/v2\/pages"}],"about":[{"href":"https:\/\/www.bepure-water.com\/fr\/wp-json\/wp\/v2\/types\/page"}],"author":[{"embeddable":true,"href":"https:\/\/www.bepure-water.com\/fr\/wp-json\/wp\/v2\/users\/1"}],"replies":[{"embeddable":true,"href":"https:\/\/www.bepure-water.com\/fr\/wp-json\/wp\/v2\/comments?post=4060"}],"version-history":[{"count":2,"href":"https:\/\/www.bepure-water.com\/fr\/wp-json\/wp\/v2\/pages\/4060\/revisions"}],"predecessor-version":[{"id":4098,"href":"https:\/\/www.bepure-water.com\/fr\/wp-json\/wp\/v2\/pages\/4060\/revisions\/4098"}],"wp:attachment":[{"href":"https:\/\/www.bepure-water.com\/fr\/wp-json\/wp\/v2\/media?parent=4060"}],"curies":[{"name":"wp","href":"https:\/\/api.w.org\/{rel}","templated":true}]}}