{"id":4027,"date":"2025-06-30T22:08:43","date_gmt":"2025-06-30T20:08:43","guid":{"rendered":"https:\/\/www.bepure-water.com\/katara\/"},"modified":"2026-02-23T21:24:57","modified_gmt":"2026-02-23T20:24:57","slug":"katara","status":"publish","type":"page","link":"https:\/\/www.bepure-water.com\/fr\/katara\/","title":{"rendered":"Katara"},"content":{"rendered":"\t\t<div data-elementor-type=\"wp-page\" data-elementor-id=\"4027\" class=\"elementor elementor-4027 elementor-1533\" data-elementor-post-type=\"page\">\n\t\t\t\t<div class=\"elementor-element elementor-element-075f107 e-con-full e-flex e-con e-parent\" data-id=\"075f107\" data-element_type=\"container\" data-e-type=\"container\">\n\t\t\t\t<div class=\"elementor-element elementor-element-cfc9d48 elementor-widget elementor-widget-slider_revolution\" data-id=\"cfc9d48\" data-element_type=\"widget\" data-e-type=\"widget\" data-widget_type=\"slider_revolution.default\">\n\t\t\t\t<div class=\"elementor-widget-container\">\n\t\t\t\t\t\n\t\t<div class=\"wp-block-themepunch-revslider\">\n\t\t\t\t<p class=\"rs-p-wp-fix\"><\/p>\n\t\t\t\t<sr7-module data-alias=\"nahla-2-0-1\" data-id=\"24\" id=\"SR7_24_1\" class=\"rs-ov-hidden\" data-version=\"6.7.41\">\n\t\t\t\t\t<sr7-adjuster><\/sr7-adjuster>\n\t\t\t\t\t<sr7-content>\n\t\t\t\t\t\t<sr7-slide id=\"SR7_24_1-129\" data-key=\"129\">\n\t\t\t\t\t\t\t<sr7-bg id=\"SR7_24_1-129-7\" class=\"sr7-layer\"><noscript><img decoding=\"async\" src=\"https:\/\/www.bepure-water.com\/wp-content\/uploads\/2025\/11\/bepure-katara-bg-1.png\" alt=\"\" title=\"bepure-katara-bg-1\"><\/noscript><\/sr7-bg>\n\t\t\t\t\t\t\t<h1 id=\"SR7_24_1-129-0\" class=\"sr7-layer\">KATARA \u2013 COMPACT. PR\u00c9CIS. PRATIQUE.<\/h1>\n\t\t\t\t\t\t\t<sr7-txt id=\"SR7_24_1-129-5\" class=\"sr7-layer\">KATARA est le distributeur d'eau le plus compact de la gamme be.pure. Il est id\u00e9al pour une utilisation dans les espaces de cuisine et de vie compacts, dans la cuisine, sur la terrasse, dans le garde-manger ou au bar. <br><br>Malgr\u00e9 sa taille, KATARA fournit tous les types d'eau, est intuitive \u00e0 utiliser et est \u00e9quip\u00e9e d'un bac d'\u00e9gouttement. <\/sr7-txt>\n\t\t\t\t\t\t<\/sr7-slide>\n\t\t\t\t\t\t<sr7-slide id=\"SR7_24_1-66\" data-key=\"66\">\n\t\t\t\t\t\t<\/sr7-slide>\n\t\t\t\t\t<\/sr7-content>\n\t\t\t\t\t<image_lists style=\"display:none\">\n\t\t\t\t\t\t<img data-src=\"\/\/www.bepure-water.com\/wp-content\/uploads\/2025\/11\/bepure-katara-bg-1.png\" data-libid=\"2965\" data-lib=\"medialibrary\" title=\"bepure-katara-bg-1\" width=\"0\" height=\"0\" data-dbsrc=\"Ly93d3cuYmVwdXJlLXdhdGVyLmNvbS93cC1jb250ZW50L3VwbG9hZHMvMjAyNS8xMS9iZXB1cmUta2F0YXJhLWJnLTEucG5n\"\/>\n\t\t\t\t\t<\/image_lists>\n\t\t\t\t<\/sr7-module>\n\t\t\t\t<script>\n\t\t\t\t\tSR7.PMH ??={}; SR7.PMH[\"SR7_24_1\"] = {cn:100,state:false,fn: function() { if (_tpt!==undefined && _tpt.prepareModuleHeight !== undefined) {  _tpt.prepareModuleHeight({id:\"SR7_24_1\",el:[818,818,818,818,720],type:'hero',shdw:'0',gh:[600,600,600,600,720],gw:[1240,1240,1240,1240,480],vpt:['-100px&#039;,&#039;-100px&#039;,&#039;-100px&#039;,&#039;-100px&#039;,&#039;-100px'],size:{fullWidth:true, fullHeight:true},fho:'',mh:'0',onh:0,onw:0,bg:{color:'{\"orig\":\"transparent\",\"type\":\"solid\",\"string\":\"transparent\"}'}});   SR7.PMH[\"SR7_24_1\"].state=true;} else if(SR7.PMH[\"SR7_24_1\"].cn-->0)\tsetTimeout( SR7.PMH[\"SR7_24_1\"].fn,19);}};SR7.PMH[\"SR7_24_1\" ].fn();\n\t\t\t\t<\/script>\n<\/div>\n\n\t\t\t\t\t\t<\/div>\n\t\t\t\t<\/div>\n\t\t\t\t<\/div>\n\t\t<div class=\"elementor-element elementor-element-e714287 e-flex e-con-boxed e-con e-parent\" data-id=\"e714287\" data-element_type=\"container\" data-e-type=\"container\" data-settings=\"{&quot;background_background&quot;:&quot;classic&quot;}\">\n\t\t\t\t\t<div class=\"e-con-inner\">\n\t\t<div class=\"elementor-element elementor-element-8736bce e-con-full e-flex e-con e-child\" data-id=\"8736bce\" data-element_type=\"container\" data-e-type=\"container\" data-settings=\"{&quot;background_background&quot;:&quot;classic&quot;}\">\n\t\t\t\t<\/div>\n\t\t<div class=\"elementor-element elementor-element-cef3675 e-con-full e-flex e-con e-child\" data-id=\"cef3675\" data-element_type=\"container\" data-e-type=\"container\" data-settings=\"{&quot;background_background&quot;:&quot;classic&quot;}\">\n\t\t\t\t<div class=\"elementor-element elementor-element-a9157dc elementor-widget elementor-widget-heading\" data-id=\"a9157dc\" data-element_type=\"widget\" data-e-type=\"widget\" data-widget_type=\"heading.default\">\n\t\t\t\t<div class=\"elementor-widget-container\">\n\t\t\t\t\t<h2 class=\"elementor-heading-title elementor-size-default\">Les avantages en un coup d'\u0153il<\/h2>\t\t\t\t<\/div>\n\t\t\t\t<\/div>\n\t\t\t\t<div class=\"elementor-element elementor-element-1b3f96f elementor-widget-divider--view-line elementor-widget elementor-widget-divider\" data-id=\"1b3f96f\" data-element_type=\"widget\" data-e-type=\"widget\" data-widget_type=\"divider.default\">\n\t\t\t\t<div class=\"elementor-widget-container\">\n\t\t\t\t\t\t\t<div class=\"elementor-divider\">\n\t\t\t<span class=\"elementor-divider-separator\">\n\t\t\t\t\t\t<\/span>\n\t\t<\/div>\n\t\t\t\t\t\t<\/div>\n\t\t\t\t<\/div>\n\t\t\t\t<div class=\"elementor-element elementor-element-30f6370 elementor-widget elementor-widget-text-editor\" data-id=\"30f6370\" data-element_type=\"widget\" data-e-type=\"widget\" data-widget_type=\"text-editor.default\">\n\t\t\t\t<div class=\"elementor-widget-container\">\n\t\t\t\t\t\t\t\t\t<ul class=\"checklist-css\"><li>Ultra-compact avec un grand confort de sortie<\/li><li>Fabriqu\u00e9 en acier inoxydable pur<\/li><li>Fonction Ambient, Hot, Cold ou Fizz<\/li><li>Avec bac d&rsquo;\u00e9gouttage hygi\u00e9nique<\/li><li>Parfait dans les espaces restreints<\/li><li>Utilisation avec un appareil sous \u00e9vier adapt\u00e9<\/li><\/ul>\t\t\t\t\t\t\t\t<\/div>\n\t\t\t\t<\/div>\n\t\t<div class=\"elementor-element elementor-element-85344d5 e-con-full e-flex e-con e-child\" data-id=\"85344d5\" data-element_type=\"container\" data-e-type=\"container\">\n\t\t<div class=\"elementor-element elementor-element-d72cde6 e-con-full e-flex e-con e-child\" data-id=\"d72cde6\" data-element_type=\"container\" data-e-type=\"container\">\n\t\t\t\t<div class=\"elementor-element elementor-element-649bda9 elementor-align-justify elementor-widget elementor-widget-button\" data-id=\"649bda9\" data-element_type=\"widget\" data-e-type=\"widget\" data-widget_type=\"button.default\">\n\t\t\t\t<div class=\"elementor-widget-container\">\n\t\t\t\t\t\t\t\t\t<div class=\"elementor-button-wrapper\">\n\t\t\t\t\t<a class=\"elementor-button elementor-button-link elementor-size-sm\" href=\"https:\/\/www.bepure-water.com\/wp-content\/uploads\/2026\/01\/bepure-katalog-FR-web.pdf\" target=\"_blank\">\n\t\t\t\t\t\t<span class=\"elementor-button-content-wrapper\">\n\t\t\t\t\t\t\t\t\t<span class=\"elementor-button-text\">Catalogue be.pure water<\/span>\n\t\t\t\t\t<\/span>\n\t\t\t\t\t<\/a>\n\t\t\t\t<\/div>\n\t\t\t\t\t\t\t\t<\/div>\n\t\t\t\t<\/div>\n\t\t\t\t<\/div>\n\t\t<div class=\"elementor-element elementor-element-df8366d e-con-full e-flex e-con e-child\" data-id=\"df8366d\" data-element_type=\"container\" data-e-type=\"container\">\n\t\t\t\t<div class=\"elementor-element elementor-element-83fb447 elementor-align-justify elementor-widget elementor-widget-button\" data-id=\"83fb447\" data-element_type=\"widget\" data-e-type=\"widget\" data-widget_type=\"button.default\">\n\t\t\t\t<div class=\"elementor-widget-container\">\n\t\t\t\t\t\t\t\t\t<div class=\"elementor-button-wrapper\">\n\t\t\t\t\t<a class=\"elementor-button elementor-button-link elementor-size-sm\" href=\"https:\/\/www.bepure-water.com\/fr\/technologie\/\">\n\t\t\t\t\t\t<span class=\"elementor-button-content-wrapper\">\n\t\t\t\t\t\t\t\t\t<span class=\"elementor-button-text\">Technique<\/span>\n\t\t\t\t\t<\/span>\n\t\t\t\t\t<\/a>\n\t\t\t\t<\/div>\n\t\t\t\t\t\t\t\t<\/div>\n\t\t\t\t<\/div>\n\t\t\t\t<\/div>\n\t\t\t\t<\/div>\n\t\t\t\t<\/div>\n\t\t\t\t\t<\/div>\n\t\t\t\t<\/div>\n\t\t<div class=\"elementor-element elementor-element-a51857f e-flex e-con-boxed e-con e-parent\" data-id=\"a51857f\" data-element_type=\"container\" data-e-type=\"container\" data-settings=\"{&quot;background_background&quot;:&quot;classic&quot;}\">\n\t\t\t\t\t<div class=\"e-con-inner\">\n\t\t\t\t<div class=\"elementor-element elementor-element-da626b4 elementor-widget elementor-widget-heading\" data-id=\"da626b4\" data-element_type=\"widget\" data-e-type=\"widget\" data-widget_type=\"heading.default\">\n\t\t\t\t<div class=\"elementor-widget-container\">\n\t\t\t\t\t<h2 class=\"elementor-heading-title elementor-size-default\">Pas de plastique - Plan\u00e8te verte<\/h2>\t\t\t\t<\/div>\n\t\t\t\t<\/div>\n\t\t\t\t<div class=\"elementor-element elementor-element-699dbc2 elementor-widget elementor-widget-text-editor\" data-id=\"699dbc2\" data-element_type=\"widget\" data-e-type=\"widget\" data-widget_type=\"text-editor.default\">\n\t\t\t\t<div class=\"elementor-widget-container\">\n\t\t\t\t\t\t\t\t\tVous partagez notre vision d&rsquo;une eau potable pure, claire et min\u00e9ralis\u00e9e \u00e0 bord, dans une tiny house ou un camping-car ? be.pure a la solution adapt\u00e9e \u00e0 chacun de vos projets ! \t\t\t\t\t\t\t\t<\/div>\n\t\t\t\t<\/div>\n\t\t\t\t<div class=\"elementor-element elementor-element-e4ee32a elementor-align-center elementor-widget elementor-widget-button\" data-id=\"e4ee32a\" data-element_type=\"widget\" data-e-type=\"widget\" data-widget_type=\"button.default\">\n\t\t\t\t<div class=\"elementor-widget-container\">\n\t\t\t\t\t\t\t\t\t<div class=\"elementor-button-wrapper\">\n\t\t\t\t\t<a class=\"elementor-button elementor-button-link elementor-size-sm\" href=\"https:\/\/www.bepure-water.com\/fr\/contact\/\">\n\t\t\t\t\t\t<span class=\"elementor-button-content-wrapper\">\n\t\t\t\t\t\t\t\t\t<span class=\"elementor-button-text\">Demandez une consultation gratuite maintenant<\/span>\n\t\t\t\t\t<\/span>\n\t\t\t\t\t<\/a>\n\t\t\t\t<\/div>\n\t\t\t\t\t\t\t\t<\/div>\n\t\t\t\t<\/div>\n\t\t\t\t\t<\/div>\n\t\t\t\t<\/div>\n\t\t\t\t<\/div>\n\t\t","protected":false},"excerpt":{"rendered":"<p>Les avantages en un coup d&rsquo;\u0153il Ultra-compact avec un grand confort de sortie Fabriqu\u00e9 en acier inoxydable pur Fonction Ambient, Hot, Cold ou Fizz Avec bac d&rsquo;\u00e9gouttage hygi\u00e9nique Parfait dans les espaces restreints Utilisation avec un appareil sous \u00e9vier adapt\u00e9 Catalogue be.pure water Technique Pas de plastique &#8211; Plan\u00e8te verte Vous partagez notre vision d&rsquo;une [&hellip;]<\/p>\n","protected":false},"author":1,"featured_media":0,"parent":0,"menu_order":0,"comment_status":"closed","ping_status":"closed","template":"","meta":{"footnotes":""},"class_list":["post-4027","page","type-page","status-publish","hentry"],"_links":{"self":[{"href":"https:\/\/www.bepure-water.com\/fr\/wp-json\/wp\/v2\/pages\/4027","targetHints":{"allow":["GET"]}}],"collection":[{"href":"https:\/\/www.bepure-water.com\/fr\/wp-json\/wp\/v2\/pages"}],"about":[{"href":"https:\/\/www.bepure-water.com\/fr\/wp-json\/wp\/v2\/types\/page"}],"author":[{"embeddable":true,"href":"https:\/\/www.bepure-water.com\/fr\/wp-json\/wp\/v2\/users\/1"}],"replies":[{"embeddable":true,"href":"https:\/\/www.bepure-water.com\/fr\/wp-json\/wp\/v2\/comments?post=4027"}],"version-history":[{"count":5,"href":"https:\/\/www.bepure-water.com\/fr\/wp-json\/wp\/v2\/pages\/4027\/revisions"}],"predecessor-version":[{"id":4235,"href":"https:\/\/www.bepure-water.com\/fr\/wp-json\/wp\/v2\/pages\/4027\/revisions\/4235"}],"wp:attachment":[{"href":"https:\/\/www.bepure-water.com\/fr\/wp-json\/wp\/v2\/media?parent=4027"}],"curies":[{"name":"wp","href":"https:\/\/api.w.org\/{rel}","templated":true}]}}