{"id":3968,"date":"2025-06-30T22:08:26","date_gmt":"2025-06-30T20:08:26","guid":{"rendered":"https:\/\/www.bepure-water.com\/camping-cars\/"},"modified":"2026-02-23T21:23:40","modified_gmt":"2026-02-23T20:23:40","slug":"camping-cars","status":"publish","type":"page","link":"https:\/\/www.bepure-water.com\/fr\/camping-cars\/","title":{"rendered":"Camping-cars"},"content":{"rendered":"\t\t<div data-elementor-type=\"wp-page\" data-elementor-id=\"3968\" class=\"elementor elementor-3968 elementor-1531\" data-elementor-post-type=\"page\">\n\t\t\t\t<div class=\"elementor-element elementor-element-9ca284a e-con-full e-flex e-con e-parent\" data-id=\"9ca284a\" data-element_type=\"container\" data-e-type=\"container\">\n\t\t\t\t<div class=\"elementor-element elementor-element-687c5f2 elementor-widget elementor-widget-slider_revolution\" data-id=\"687c5f2\" data-element_type=\"widget\" data-e-type=\"widget\" data-widget_type=\"slider_revolution.default\">\n\t\t\t\t<div class=\"elementor-widget-container\">\n\t\t\t\t\t\n\t\t<div class=\"wp-block-themepunch-revslider\">\n\t\t\t\t<p class=\"rs-p-wp-fix\"><\/p>\n\t\t\t\t<sr7-module data-alias=\"tiny-houses-2-0-1\" data-id=\"28\" id=\"SR7_28_1\" class=\"rs-ov-hidden\" data-version=\"6.7.41\">\n\t\t\t\t\t<sr7-adjuster><\/sr7-adjuster>\n\t\t\t\t\t<sr7-content>\n\t\t\t\t\t\t<sr7-slide id=\"SR7_28_1-133\" data-key=\"133\">\n\t\t\t\t\t\t\t<sr7-bg id=\"SR7_28_1-133-8\" class=\"sr7-layer\"><noscript><img decoding=\"async\" src=\"https:\/\/www.bepure-water.com\/wp-content\/uploads\/2025\/11\/bepure-1.jpg\" alt=\"\" title=\"bepure-1\"><\/noscript><\/sr7-bg>\n\t\t\t\t\t\t\t<h1 id=\"SR7_28_1-133-0\" class=\"sr7-layer\">UNE EAU POTABLE COMME \u00c0 LA SOURCE \u2013 POUR LES CAMPING-CARS<\/h1>\n\t\t\t\t\t\t\t<sr7-txt id=\"SR7_28_1-133-5\" class=\"sr7-layer\"><b>La filtration ultra-fine rencontre la min\u00e9ralisation intelligente<\/b><br><br><\/sr7-txt>\n\t\t\t\t\t\t\t<sr7-txt id=\"SR7_28_1-133-6\" class=\"sr7-layer\">be.pure apporte une technologie innovante de traitement de l'eau directement dans votre camping-car.<br><br><br \/>\nLe syst\u00e8me ENYA utilise les eaux grises ou l'eau de pluie pour produire une eau potable min\u00e9ralis\u00e9e au go\u00fbt typique de be.pure.<br \/>\n<br><br>Au c\u0153ur du syst\u00e8me se trouve l'unit\u00e9 d'osmose inverse ENYA 2.0 \u00e0 la pointe de la technologie, associ\u00e9e \u00e0 une unit\u00e9 de min\u00e9ralisation sp\u00e9cialis\u00e9e.<br \/>\nEnsemble, elles fournissent la meilleure eau potable, directement et de mani\u00e8re flexible pendant le voyage. Les avantages en un coup d'\u0153il.<\/sr7-txt>\n\t\t\t\t\t\t<\/sr7-slide>\n\t\t\t\t\t\t<sr7-slide id=\"SR7_28_1-74\" data-key=\"74\">\n\t\t\t\t\t\t<\/sr7-slide>\n\t\t\t\t\t<\/sr7-content>\n\t\t\t\t\t<image_lists style=\"display:none\">\n\t\t\t\t\t\t<img data-src=\"\/\/www.bepure-water.com\/wp-content\/uploads\/2025\/11\/bepure-1.jpg\" data-libid=\"2902\" data-lib=\"medialibrary\" title=\"bepure-1\" width=\"0\" height=\"0\" data-dbsrc=\"Ly93d3cuYmVwdXJlLXdhdGVyLmNvbS93cC1jb250ZW50L3VwbG9hZHMvMjAyNS8xMS9iZXB1cmUtMS5qcGc=\"\/>\n\t\t\t\t\t<\/image_lists>\n\t\t\t\t<\/sr7-module>\n\t\t\t\t<script>\n\t\t\t\t\tSR7.PMH ??={}; SR7.PMH[\"SR7_28_1\"] = {cn:100,state:false,fn: function() { if (_tpt!==undefined && _tpt.prepareModuleHeight !== undefined) {  _tpt.prepareModuleHeight({id:\"SR7_28_1\",el:[1272,1272,1272,1272,796],type:'hero',shdw:'0',gh:[600,600,600,600,720],gw:[1240,1240,1240,1240,480],vpt:['-100px&#039;,&#039;-100px&#039;,&#039;-100px&#039;,&#039;-100px&#039;,&#039;-100px'],size:{fullWidth:true, fullHeight:true},fho:'',mh:'0',onh:0,onw:0,bg:{color:'{\"orig\":\"transparent\",\"type\":\"solid\",\"string\":\"transparent\"}'}});   SR7.PMH[\"SR7_28_1\"].state=true;} else if(SR7.PMH[\"SR7_28_1\"].cn-->0)\tsetTimeout( SR7.PMH[\"SR7_28_1\"].fn,19);}};SR7.PMH[\"SR7_28_1\" ].fn();\n\t\t\t\t<\/script>\n<\/div>\n\n\t\t\t\t\t\t<\/div>\n\t\t\t\t<\/div>\n\t\t\t\t<\/div>\n\t\t<div class=\"elementor-element elementor-element-6591e6a e-flex e-con-boxed e-con e-parent\" data-id=\"6591e6a\" data-element_type=\"container\" data-e-type=\"container\" data-settings=\"{&quot;background_background&quot;:&quot;classic&quot;}\">\n\t\t\t\t\t<div class=\"e-con-inner\">\n\t\t<div class=\"elementor-element elementor-element-513806d e-con-full e-flex e-con e-child\" data-id=\"513806d\" data-element_type=\"container\" data-e-type=\"container\" data-settings=\"{&quot;background_background&quot;:&quot;classic&quot;}\">\n\t\t\t\t<\/div>\n\t\t<div class=\"elementor-element elementor-element-82e0a96 e-con-full e-flex e-con e-child\" data-id=\"82e0a96\" data-element_type=\"container\" data-e-type=\"container\" data-settings=\"{&quot;background_background&quot;:&quot;classic&quot;}\">\n\t\t\t\t<div class=\"elementor-element elementor-element-08d7cbb elementor-widget elementor-widget-heading\" data-id=\"08d7cbb\" data-element_type=\"widget\" data-e-type=\"widget\" data-widget_type=\"heading.default\">\n\t\t\t\t<div class=\"elementor-widget-container\">\n\t\t\t\t\t<h2 class=\"elementor-heading-title elementor-size-default\">Les avantages en un coup d'\u0153il<\/h2>\t\t\t\t<\/div>\n\t\t\t\t<\/div>\n\t\t\t\t<div class=\"elementor-element elementor-element-fa4cb0e elementor-widget-divider--view-line elementor-widget elementor-widget-divider\" data-id=\"fa4cb0e\" data-element_type=\"widget\" data-e-type=\"widget\" data-widget_type=\"divider.default\">\n\t\t\t\t<div class=\"elementor-widget-container\">\n\t\t\t\t\t\t\t<div class=\"elementor-divider\">\n\t\t\t<span class=\"elementor-divider-separator\">\n\t\t\t\t\t\t<\/span>\n\t\t<\/div>\n\t\t\t\t\t\t<\/div>\n\t\t\t\t<\/div>\n\t\t\t\t<div class=\"elementor-element elementor-element-206807a elementor-widget elementor-widget-text-editor\" data-id=\"206807a\" data-element_type=\"widget\" data-e-type=\"widget\" data-widget_type=\"text-editor.default\">\n\t\t\t\t<div class=\"elementor-widget-container\">\n\t\t\t\t\t\t\t\t\t<p>Avec une finesse de filtration de 0,1 nanom\u00e8tre, le syst\u00e8me \u00e9limine les contaminants les plus fins tels que les nitrates et les pesticides, les bact\u00e9ries et les virus, les hormones, les r\u00e9sidus de m\u00e9dicaments, les m\u00e9taux lourds, les microplastiques et les PFAS (un groupe de produits chimiques nocifs). <br>Une fois purifi\u00e9e, l&rsquo;eau est enrichie de mani\u00e8re cibl\u00e9e en min\u00e9raux essentiels tels que le calcium et le magn\u00e9sium, pour une exp\u00e9rience gustative fra\u00eeche, naturelle et pure.<br>Avec be.pure, vous b\u00e9n\u00e9ficiez de deux technologies cl\u00e9s dans un syst\u00e8me compact : la filtration mol\u00e9culaire et la min\u00e9ralisation cibl\u00e9e. Cette interaction permet d&rsquo;obtenir une eau potable cristalline, saine et savoureuse &#8211; id\u00e9ale pour les concepts d&rsquo;habitat mobile. <\/p><ul class=\"checklist-css\"><li>Approvisionnement en eau autonome &#8211; ind\u00e9pendant des campings<\/li><li>Filtration en profondeur &#8211; \u00e9limine m\u00eame les polluants invisibles<\/li><li>Une eau pure et fiable, \u00e0 tout moment et en tout lieu<\/li><li>Go\u00fbt frais &#8211; naturellement min\u00e9ralis\u00e9 comme \u00e0 la source<\/li><li>Syst\u00e8me peu encombrant &#8211; id\u00e9al pour les camping-cars et les d\u00e9placements<\/li><\/ul><p>Que ce soit en road trip, en autonomie ou sur un emplacement, be.pure vous garantit la meilleure qualit\u00e9 d&rsquo;eau pure, sans aucun compromis. Parfait pour tous ceux qui attachent de l&rsquo;importance \u00e0 la sant\u00e9, \u00e0 la durabilit\u00e9 et \u00e0 la technologie moderne, m\u00eame en d\u00e9placement. <\/p>\t\t\t\t\t\t\t\t<\/div>\n\t\t\t\t<\/div>\n\t\t<div class=\"elementor-element elementor-element-32e89fd e-con-full e-flex e-con e-child\" data-id=\"32e89fd\" data-element_type=\"container\" data-e-type=\"container\">\n\t\t<div class=\"elementor-element elementor-element-00625ea e-con-full e-flex e-con e-child\" data-id=\"00625ea\" data-element_type=\"container\" data-e-type=\"container\">\n\t\t\t\t<div class=\"elementor-element elementor-element-ba33cf1 elementor-align-justify elementor-widget elementor-widget-button\" data-id=\"ba33cf1\" data-element_type=\"widget\" data-e-type=\"widget\" data-widget_type=\"button.default\">\n\t\t\t\t<div class=\"elementor-widget-container\">\n\t\t\t\t\t\t\t\t\t<div class=\"elementor-button-wrapper\">\n\t\t\t\t\t<a class=\"elementor-button elementor-button-link elementor-size-sm\" href=\"https:\/\/www.bepure-water.com\/wp-content\/uploads\/2026\/01\/bepure-katalog-FR-web.pdf\" target=\"_blank\">\n\t\t\t\t\t\t<span class=\"elementor-button-content-wrapper\">\n\t\t\t\t\t\t\t\t\t<span class=\"elementor-button-text\">Catalogue be.pure water<\/span>\n\t\t\t\t\t<\/span>\n\t\t\t\t\t<\/a>\n\t\t\t\t<\/div>\n\t\t\t\t\t\t\t\t<\/div>\n\t\t\t\t<\/div>\n\t\t\t\t<\/div>\n\t\t<div class=\"elementor-element elementor-element-b04daa1 e-con-full e-flex e-con e-child\" data-id=\"b04daa1\" data-element_type=\"container\" data-e-type=\"container\">\n\t\t\t\t<div class=\"elementor-element elementor-element-23835e5 elementor-align-justify elementor-widget elementor-widget-button\" data-id=\"23835e5\" data-element_type=\"widget\" data-e-type=\"widget\" data-widget_type=\"button.default\">\n\t\t\t\t<div class=\"elementor-widget-container\">\n\t\t\t\t\t\t\t\t\t<div class=\"elementor-button-wrapper\">\n\t\t\t\t\t<a class=\"elementor-button elementor-button-link elementor-size-sm\" href=\"https:\/\/www.bepure-water.com\/fr\/technologie\/\">\n\t\t\t\t\t\t<span class=\"elementor-button-content-wrapper\">\n\t\t\t\t\t\t\t\t\t<span class=\"elementor-button-text\">Technique<\/span>\n\t\t\t\t\t<\/span>\n\t\t\t\t\t<\/a>\n\t\t\t\t<\/div>\n\t\t\t\t\t\t\t\t<\/div>\n\t\t\t\t<\/div>\n\t\t\t\t<\/div>\n\t\t\t\t<\/div>\n\t\t\t\t<\/div>\n\t\t\t\t\t<\/div>\n\t\t\t\t<\/div>\n\t\t<div class=\"elementor-element elementor-element-ac8656a e-flex e-con-boxed e-con e-parent\" data-id=\"ac8656a\" data-element_type=\"container\" data-e-type=\"container\" data-settings=\"{&quot;background_background&quot;:&quot;classic&quot;}\">\n\t\t\t\t\t<div class=\"e-con-inner\">\n\t\t\t\t<div class=\"elementor-element elementor-element-25dac0a elementor-widget elementor-widget-heading\" data-id=\"25dac0a\" data-element_type=\"widget\" data-e-type=\"widget\" data-widget_type=\"heading.default\">\n\t\t\t\t<div class=\"elementor-widget-container\">\n\t\t\t\t\t<h2 class=\"elementor-heading-title elementor-size-default\">Pas de plastique - Plan\u00e8te verte<\/h2>\t\t\t\t<\/div>\n\t\t\t\t<\/div>\n\t\t\t\t<div class=\"elementor-element elementor-element-12be393 elementor-widget elementor-widget-text-editor\" data-id=\"12be393\" data-element_type=\"widget\" data-e-type=\"widget\" data-widget_type=\"text-editor.default\">\n\t\t\t\t<div class=\"elementor-widget-container\">\n\t\t\t\t\t\t\t\t\tVous partagez notre vision d&rsquo;une eau potable pure, claire et min\u00e9ralis\u00e9e \u00e0 bord, dans une tiny house ou un camping-car ? be.pure a la solution adapt\u00e9e \u00e0 chacun de vos projets ! \t\t\t\t\t\t\t\t<\/div>\n\t\t\t\t<\/div>\n\t\t\t\t<div class=\"elementor-element elementor-element-76230e8 elementor-align-center elementor-widget elementor-widget-button\" data-id=\"76230e8\" data-element_type=\"widget\" data-e-type=\"widget\" data-widget_type=\"button.default\">\n\t\t\t\t<div class=\"elementor-widget-container\">\n\t\t\t\t\t\t\t\t\t<div class=\"elementor-button-wrapper\">\n\t\t\t\t\t<a class=\"elementor-button elementor-button-link elementor-size-sm\" href=\"https:\/\/www.bepure-water.com\/fr\/contact\/\">\n\t\t\t\t\t\t<span class=\"elementor-button-content-wrapper\">\n\t\t\t\t\t\t\t\t\t<span class=\"elementor-button-text\">Demandez une consultation gratuite maintenant<\/span>\n\t\t\t\t\t<\/span>\n\t\t\t\t\t<\/a>\n\t\t\t\t<\/div>\n\t\t\t\t\t\t\t\t<\/div>\n\t\t\t\t<\/div>\n\t\t\t\t\t<\/div>\n\t\t\t\t<\/div>\n\t\t\t\t<\/div>\n\t\t","protected":false},"excerpt":{"rendered":"<p>Les avantages en un coup d&rsquo;\u0153il Avec une finesse de filtration de 0,1 nanom\u00e8tre, le syst\u00e8me \u00e9limine les contaminants les plus fins tels que les nitrates et les pesticides, les bact\u00e9ries et les virus, les hormones, les r\u00e9sidus de m\u00e9dicaments, les m\u00e9taux lourds, les microplastiques et les PFAS (un groupe de produits chimiques nocifs). Une [&hellip;]<\/p>\n","protected":false},"author":1,"featured_media":0,"parent":0,"menu_order":0,"comment_status":"closed","ping_status":"closed","template":"","meta":{"footnotes":""},"class_list":["post-3968","page","type-page","status-publish","hentry"],"_links":{"self":[{"href":"https:\/\/www.bepure-water.com\/fr\/wp-json\/wp\/v2\/pages\/3968","targetHints":{"allow":["GET"]}}],"collection":[{"href":"https:\/\/www.bepure-water.com\/fr\/wp-json\/wp\/v2\/pages"}],"about":[{"href":"https:\/\/www.bepure-water.com\/fr\/wp-json\/wp\/v2\/types\/page"}],"author":[{"embeddable":true,"href":"https:\/\/www.bepure-water.com\/fr\/wp-json\/wp\/v2\/users\/1"}],"replies":[{"embeddable":true,"href":"https:\/\/www.bepure-water.com\/fr\/wp-json\/wp\/v2\/comments?post=3968"}],"version-history":[{"count":5,"href":"https:\/\/www.bepure-water.com\/fr\/wp-json\/wp\/v2\/pages\/3968\/revisions"}],"predecessor-version":[{"id":4229,"href":"https:\/\/www.bepure-water.com\/fr\/wp-json\/wp\/v2\/pages\/3968\/revisions\/4229"}],"wp:attachment":[{"href":"https:\/\/www.bepure-water.com\/fr\/wp-json\/wp\/v2\/media?parent=3968"}],"curies":[{"name":"wp","href":"https:\/\/api.w.org\/{rel}","templated":true}]}}