{"id":3957,"date":"2025-06-30T22:09:40","date_gmt":"2025-06-30T20:09:40","guid":{"rendered":"https:\/\/www.bepure-water.com\/tiny-houses\/"},"modified":"2026-02-23T21:23:15","modified_gmt":"2026-02-23T20:23:15","slug":"tiny-houses","status":"publish","type":"page","link":"https:\/\/www.bepure-water.com\/fr\/tiny-houses\/","title":{"rendered":"Tiny Houses"},"content":{"rendered":"\t\t<div data-elementor-type=\"wp-page\" data-elementor-id=\"3957\" class=\"elementor elementor-3957 elementor-1530\" data-elementor-post-type=\"page\">\n\t\t\t\t<div class=\"elementor-element elementor-element-d8ea883 e-con-full e-flex e-con e-parent\" data-id=\"d8ea883\" data-element_type=\"container\" data-e-type=\"container\">\n\t\t\t\t<div class=\"elementor-element elementor-element-a2ff491 elementor-widget elementor-widget-slider_revolution\" data-id=\"a2ff491\" data-element_type=\"widget\" data-e-type=\"widget\" data-widget_type=\"slider_revolution.default\">\n\t\t\t\t<div class=\"elementor-widget-container\">\n\t\t\t\t\t\n\t\t<div class=\"wp-block-themepunch-revslider\">\n\t\t\t\t<p class=\"rs-p-wp-fix\"><\/p>\n\t\t\t\t<sr7-module data-alias=\"yachtloesungen-2-0-1\" data-id=\"27\" id=\"SR7_27_1\" class=\"rs-ov-hidden\" data-version=\"6.7.41\">\n\t\t\t\t\t<sr7-adjuster><\/sr7-adjuster>\n\t\t\t\t\t<sr7-content>\n\t\t\t\t\t\t<sr7-slide id=\"SR7_27_1-135\" data-key=\"135\">\n\t\t\t\t\t\t\t<sr7-bg id=\"SR7_27_1-135-8\" class=\"sr7-layer\"><noscript><img decoding=\"async\" src=\"https:\/\/www.bepure-water.com\/wp-content\/uploads\/2025\/12\/bepure-tiny-house-2.jpg\" alt=\"\" title=\"bepure-tiny-house-2\"><\/noscript><\/sr7-bg>\n\t\t\t\t\t\t\t<h1 id=\"SR7_27_1-135-0\" class=\"sr7-layer\">UNE EAU POTABLE COMME \u00c0 LA SOURCE \u2013 POUR LES PETITES MAISONS<\/h1>\n\t\t\t\t\t\t\t<sr7-txt id=\"SR7_27_1-135-5\" class=\"sr7-layer\"><b>La filtration ultra-fine rencontre la min\u00e9ralisation intelligente<\/b><br><br><br \/>\n<\/sr7-txt>\n\t\t\t\t\t\t\t<sr7-txt id=\"SR7_27_1-135-6\" class=\"sr7-layer\">be.pure apporte une technologie innovante de traitement de l'eau dans votre petite maison.<br><br><br \/>\nGr\u00e2ce au syst\u00e8me ENYA, l'eau de pluie collect\u00e9e est transform\u00e9e en eau potable min\u00e9ralis\u00e9e au go\u00fbt typique be.pure.<br><br><br \/>\nAu c\u0153ur du syst\u00e8me se trouve l'unit\u00e9 d'osmose inverse ENYA 2.0 \u00e0 la pointe de la technologie, associ\u00e9e \u00e0 une unit\u00e9 de min\u00e9ralisation sp\u00e9cialis\u00e9e. Ensemble, elles fournissent la meilleure eau potable, la plus pure, directement dans votre tiny house.<\/sr7-txt>\n\t\t\t\t\t\t<\/sr7-slide>\n\t\t\t\t\t\t<sr7-slide id=\"SR7_27_1-72\" data-key=\"72\">\n\t\t\t\t\t\t<\/sr7-slide>\n\t\t\t\t\t<\/sr7-content>\n\t\t\t\t\t<image_lists style=\"display:none\">\n\t\t\t\t\t\t<img data-src=\"\/\/www.bepure-water.com\/wp-content\/uploads\/2025\/12\/bepure-tiny-house-2.jpg\" data-libid=\"3268\" data-lib=\"medialibrary\" title=\"bepure-tiny-house-2\" width=\"0\" height=\"0\" data-dbsrc=\"Ly93d3cuYmVwdXJlLXdhdGVyLmNvbS93cC1jb250ZW50L3VwbG9hZHMvMjAyNS8xMi9iZXB1cmUtdGlueS1ob3VzZS0yLmpwZw==\"\/>\n\t\t\t\t\t<\/image_lists>\n\t\t\t\t<\/sr7-module>\n\t\t\t\t<script>\n\t\t\t\t\tSR7.PMH ??={}; SR7.PMH[\"SR7_27_1\"] = {cn:100,state:false,fn: function() { if (_tpt!==undefined && _tpt.prepareModuleHeight !== undefined) {  _tpt.prepareModuleHeight({id:\"SR7_27_1\",el:[1249,1249,1249,1249,750],type:'hero',shdw:'0',gh:[600,600,600,600,720],gw:[1240,1240,1240,1240,480],vpt:['-100px&#039;,&#039;-100px&#039;,&#039;-100px&#039;,&#039;-100px&#039;,&#039;-100px'],size:{fullWidth:true, fullHeight:true},fho:'',mh:'0',onh:0,onw:0,bg:{color:'{\"orig\":\"transparent\",\"type\":\"solid\",\"string\":\"transparent\"}'}});   SR7.PMH[\"SR7_27_1\"].state=true;} else if(SR7.PMH[\"SR7_27_1\"].cn-->0)\tsetTimeout( SR7.PMH[\"SR7_27_1\"].fn,19);}};SR7.PMH[\"SR7_27_1\" ].fn();\n\t\t\t\t<\/script>\n<\/div>\n\n\t\t\t\t\t\t<\/div>\n\t\t\t\t<\/div>\n\t\t\t\t<\/div>\n\t\t<div class=\"elementor-element elementor-element-d59919c e-flex e-con-boxed e-con e-parent\" data-id=\"d59919c\" data-element_type=\"container\" data-e-type=\"container\" data-settings=\"{&quot;background_background&quot;:&quot;classic&quot;}\">\n\t\t\t\t\t<div class=\"e-con-inner\">\n\t\t<div class=\"elementor-element elementor-element-ca62951 e-con-full e-flex e-con e-child\" data-id=\"ca62951\" data-element_type=\"container\" data-e-type=\"container\" data-settings=\"{&quot;background_background&quot;:&quot;classic&quot;}\">\n\t\t\t\t<\/div>\n\t\t<div class=\"elementor-element elementor-element-d879f18 e-con-full e-flex e-con e-child\" data-id=\"d879f18\" data-element_type=\"container\" data-e-type=\"container\" data-settings=\"{&quot;background_background&quot;:&quot;classic&quot;}\">\n\t\t\t\t<div class=\"elementor-element elementor-element-02e2e22 elementor-widget elementor-widget-heading\" data-id=\"02e2e22\" data-element_type=\"widget\" data-e-type=\"widget\" data-widget_type=\"heading.default\">\n\t\t\t\t<div class=\"elementor-widget-container\">\n\t\t\t\t\t<h2 class=\"elementor-heading-title elementor-size-default\">Les avantages en un coup d'\u0153il<\/h2>\t\t\t\t<\/div>\n\t\t\t\t<\/div>\n\t\t\t\t<div class=\"elementor-element elementor-element-7ea1274 elementor-widget-divider--view-line elementor-widget elementor-widget-divider\" data-id=\"7ea1274\" data-element_type=\"widget\" data-e-type=\"widget\" data-widget_type=\"divider.default\">\n\t\t\t\t<div class=\"elementor-widget-container\">\n\t\t\t\t\t\t\t<div class=\"elementor-divider\">\n\t\t\t<span class=\"elementor-divider-separator\">\n\t\t\t\t\t\t<\/span>\n\t\t<\/div>\n\t\t\t\t\t\t<\/div>\n\t\t\t\t<\/div>\n\t\t\t\t<div class=\"elementor-element elementor-element-4dce1c6 elementor-widget elementor-widget-text-editor\" data-id=\"4dce1c6\" data-element_type=\"widget\" data-e-type=\"widget\" data-widget_type=\"text-editor.default\">\n\t\t\t\t<div class=\"elementor-widget-container\">\n\t\t\t\t\t\t\t\t\t<p>Avec une finesse de filtration de 0,1 nanom\u00e8tre, le syst\u00e8me \u00e9limine les contaminants les plus fins tels que les nitrates et les pesticides, les bact\u00e9ries et les virus, les hormones, les r\u00e9sidus de m\u00e9dicaments, les m\u00e9taux lourds, les microplastiques et les PFAS (un groupe de produits chimiques nocifs). Une fois purifi\u00e9e, l&rsquo;eau est enrichie en min\u00e9raux essentiels tels que le calcium et le magn\u00e9sium, pour une exp\u00e9rience gustative fra\u00eeche, naturelle et pure.<br>Avec be.pure, vous b\u00e9n\u00e9ficiez de deux technologies cl\u00e9s dans un syst\u00e8me compact : la filtration mol\u00e9culaire et la min\u00e9ralisation cibl\u00e9e. Cette interaction permet d&rsquo;obtenir une eau potable cristalline, saine et savoureuse &#8211; parfaite pour les concepts d&rsquo;habitat minimalistes.  <\/p><ul class=\"checklist-css\"><li>Approvisionnement complet en eau &#8211; sans connexion au r\u00e9seau public de distribution<\/li><li>La plus grande puret\u00e9 &#8211; jusqu&rsquo;\u00e0 la plus petite mol\u00e9cule<\/li><li>Une eau saine sur laquelle vous pouvez compter<\/li><li>Un go\u00fbt enti\u00e8rement naturel &#8211; comme s&rsquo;il venait de la source<\/li><li>Pens\u00e9e compacte &#8211; parfaite pour les petits espaces<\/li><\/ul><p>be.pure vous offre la meilleure qualit\u00e9 d&rsquo;eau et le meilleur confort, sans aucun compromis. Id\u00e9al pour tous ceux qui attachent de l&rsquo;importance \u00e0 la sant\u00e9, \u00e0 la durabilit\u00e9, \u00e0 l&rsquo;innovation technique et au confort. <\/p>\t\t\t\t\t\t\t\t<\/div>\n\t\t\t\t<\/div>\n\t\t<div class=\"elementor-element elementor-element-0c897c7 e-con-full e-flex e-con e-child\" data-id=\"0c897c7\" data-element_type=\"container\" data-e-type=\"container\">\n\t\t<div class=\"elementor-element elementor-element-a7c7dc2 e-con-full e-flex e-con e-child\" data-id=\"a7c7dc2\" data-element_type=\"container\" data-e-type=\"container\">\n\t\t\t\t<div class=\"elementor-element elementor-element-6cba779 elementor-align-justify elementor-widget elementor-widget-button\" data-id=\"6cba779\" data-element_type=\"widget\" data-e-type=\"widget\" data-widget_type=\"button.default\">\n\t\t\t\t<div class=\"elementor-widget-container\">\n\t\t\t\t\t\t\t\t\t<div class=\"elementor-button-wrapper\">\n\t\t\t\t\t<a class=\"elementor-button elementor-button-link elementor-size-sm\" href=\"https:\/\/www.bepure-water.com\/wp-content\/uploads\/2026\/01\/bepure-katalog-FR-web.pdf\" target=\"_blank\">\n\t\t\t\t\t\t<span class=\"elementor-button-content-wrapper\">\n\t\t\t\t\t\t\t\t\t<span class=\"elementor-button-text\">Catalogue be.pure water<\/span>\n\t\t\t\t\t<\/span>\n\t\t\t\t\t<\/a>\n\t\t\t\t<\/div>\n\t\t\t\t\t\t\t\t<\/div>\n\t\t\t\t<\/div>\n\t\t\t\t<\/div>\n\t\t<div class=\"elementor-element elementor-element-f18ac27 e-con-full e-flex e-con e-child\" data-id=\"f18ac27\" data-element_type=\"container\" data-e-type=\"container\">\n\t\t\t\t<div class=\"elementor-element elementor-element-494e6fa elementor-align-justify elementor-widget elementor-widget-button\" data-id=\"494e6fa\" data-element_type=\"widget\" data-e-type=\"widget\" data-widget_type=\"button.default\">\n\t\t\t\t<div class=\"elementor-widget-container\">\n\t\t\t\t\t\t\t\t\t<div class=\"elementor-button-wrapper\">\n\t\t\t\t\t<a class=\"elementor-button elementor-button-link elementor-size-sm\" href=\"https:\/\/www.bepure-water.com\/fr\/technologie\/\">\n\t\t\t\t\t\t<span class=\"elementor-button-content-wrapper\">\n\t\t\t\t\t\t\t\t\t<span class=\"elementor-button-text\">Technique<\/span>\n\t\t\t\t\t<\/span>\n\t\t\t\t\t<\/a>\n\t\t\t\t<\/div>\n\t\t\t\t\t\t\t\t<\/div>\n\t\t\t\t<\/div>\n\t\t\t\t<\/div>\n\t\t\t\t<\/div>\n\t\t\t\t<\/div>\n\t\t\t\t\t<\/div>\n\t\t\t\t<\/div>\n\t\t<div class=\"elementor-element elementor-element-5c36e2c e-flex e-con-boxed e-con e-parent\" data-id=\"5c36e2c\" data-element_type=\"container\" data-e-type=\"container\" data-settings=\"{&quot;background_background&quot;:&quot;classic&quot;}\">\n\t\t\t\t\t<div class=\"e-con-inner\">\n\t\t\t\t<div class=\"elementor-element elementor-element-a02f271 elementor-widget elementor-widget-heading\" data-id=\"a02f271\" data-element_type=\"widget\" data-e-type=\"widget\" data-widget_type=\"heading.default\">\n\t\t\t\t<div class=\"elementor-widget-container\">\n\t\t\t\t\t<h2 class=\"elementor-heading-title elementor-size-default\">Pas de plastique - Plan\u00e8te verte<\/h2>\t\t\t\t<\/div>\n\t\t\t\t<\/div>\n\t\t\t\t<div class=\"elementor-element elementor-element-b26b609 elementor-widget elementor-widget-text-editor\" data-id=\"b26b609\" data-element_type=\"widget\" data-e-type=\"widget\" data-widget_type=\"text-editor.default\">\n\t\t\t\t<div class=\"elementor-widget-container\">\n\t\t\t\t\t\t\t\t\tVous partagez notre vision d&rsquo;une eau potable pure, claire et min\u00e9ralis\u00e9e \u00e0 bord, dans une tiny house ou un camping-car ? be.pure a la solution adapt\u00e9e \u00e0 chacun de vos projets ! \t\t\t\t\t\t\t\t<\/div>\n\t\t\t\t<\/div>\n\t\t\t\t<div class=\"elementor-element elementor-element-8128072 elementor-align-center elementor-widget elementor-widget-button\" data-id=\"8128072\" data-element_type=\"widget\" data-e-type=\"widget\" data-widget_type=\"button.default\">\n\t\t\t\t<div class=\"elementor-widget-container\">\n\t\t\t\t\t\t\t\t\t<div class=\"elementor-button-wrapper\">\n\t\t\t\t\t<a class=\"elementor-button elementor-button-link elementor-size-sm\" href=\"https:\/\/www.bepure-water.com\/fr\/contact\/\">\n\t\t\t\t\t\t<span class=\"elementor-button-content-wrapper\">\n\t\t\t\t\t\t\t\t\t<span class=\"elementor-button-text\">Demandez une consultation gratuite maintenant<\/span>\n\t\t\t\t\t<\/span>\n\t\t\t\t\t<\/a>\n\t\t\t\t<\/div>\n\t\t\t\t\t\t\t\t<\/div>\n\t\t\t\t<\/div>\n\t\t\t\t\t<\/div>\n\t\t\t\t<\/div>\n\t\t\t\t<\/div>\n\t\t","protected":false},"excerpt":{"rendered":"<p>Les avantages en un coup d&rsquo;\u0153il Avec une finesse de filtration de 0,1 nanom\u00e8tre, le syst\u00e8me \u00e9limine les contaminants les plus fins tels que les nitrates et les pesticides, les bact\u00e9ries et les virus, les hormones, les r\u00e9sidus de m\u00e9dicaments, les m\u00e9taux lourds, les microplastiques et les PFAS (un groupe de produits chimiques nocifs). Une [&hellip;]<\/p>\n","protected":false},"author":1,"featured_media":0,"parent":0,"menu_order":0,"comment_status":"closed","ping_status":"closed","template":"","meta":{"footnotes":""},"class_list":["post-3957","page","type-page","status-publish","hentry"],"_links":{"self":[{"href":"https:\/\/www.bepure-water.com\/fr\/wp-json\/wp\/v2\/pages\/3957","targetHints":{"allow":["GET"]}}],"collection":[{"href":"https:\/\/www.bepure-water.com\/fr\/wp-json\/wp\/v2\/pages"}],"about":[{"href":"https:\/\/www.bepure-water.com\/fr\/wp-json\/wp\/v2\/types\/page"}],"author":[{"embeddable":true,"href":"https:\/\/www.bepure-water.com\/fr\/wp-json\/wp\/v2\/users\/1"}],"replies":[{"embeddable":true,"href":"https:\/\/www.bepure-water.com\/fr\/wp-json\/wp\/v2\/comments?post=3957"}],"version-history":[{"count":5,"href":"https:\/\/www.bepure-water.com\/fr\/wp-json\/wp\/v2\/pages\/3957\/revisions"}],"predecessor-version":[{"id":4226,"href":"https:\/\/www.bepure-water.com\/fr\/wp-json\/wp\/v2\/pages\/3957\/revisions\/4226"}],"wp:attachment":[{"href":"https:\/\/www.bepure-water.com\/fr\/wp-json\/wp\/v2\/media?parent=3957"}],"curies":[{"name":"wp","href":"https:\/\/api.w.org\/{rel}","templated":true}]}}