{"id":3835,"date":"2025-06-30T22:08:01","date_gmt":"2025-06-30T20:08:01","guid":{"rendered":"https:\/\/www.bepure-water.com\/solutions-pour-yachts\/"},"modified":"2026-02-23T21:22:44","modified_gmt":"2026-02-23T20:22:44","slug":"solutions-pour-yachts","status":"publish","type":"page","link":"https:\/\/www.bepure-water.com\/fr\/solutions-pour-yachts\/","title":{"rendered":"Solutions pour yachts"},"content":{"rendered":"\t\t<div data-elementor-type=\"wp-page\" data-elementor-id=\"3835\" class=\"elementor elementor-3835 elementor-1529\" data-elementor-post-type=\"page\">\n\t\t\t\t<div class=\"elementor-element elementor-element-5070717 e-con-full e-flex e-con e-parent\" data-id=\"5070717\" data-element_type=\"container\" data-e-type=\"container\">\n\t\t\t\t<div class=\"elementor-element elementor-element-1131c2e elementor-widget elementor-widget-slider_revolution\" data-id=\"1131c2e\" data-element_type=\"widget\" data-e-type=\"widget\" data-widget_type=\"slider_revolution.default\">\n\t\t\t\t<div class=\"elementor-widget-container\">\n\t\t\t\t\t\n\t\t<div class=\"wp-block-themepunch-revslider\">\n\t\t\t\t<p class=\"rs-p-wp-fix\"><\/p>\n\t\t\t\t<sr7-module data-alias=\"technologie-2-0-1\" data-id=\"26\" id=\"SR7_26_1\" class=\"rs-ov-hidden\" data-version=\"6.7.41\">\n\t\t\t\t\t<sr7-adjuster><\/sr7-adjuster>\n\t\t\t\t\t<sr7-content>\n\t\t\t\t\t\t<sr7-slide id=\"SR7_26_1-137\" data-key=\"137\">\n\t\t\t\t\t\t\t<sr7-bg id=\"SR7_26_1-137-8\" class=\"sr7-layer\"><noscript><img decoding=\"async\" src=\"https:\/\/www.bepure-water.com\/wp-content\/uploads\/2025\/09\/Hintergrund-2.jpg\" alt=\"\" title=\"Hintergrund-2\"><\/noscript><\/sr7-bg>\n\t\t\t\t\t\t\t<h1 id=\"SR7_26_1-137-0\" class=\"sr7-layer\">UNE EAU POTABLE CRISTALLINE SUR LES YACHTS \u2013 \u00c0 TOUT MOMENT, PARTOUT<\/h1>\n\t\t\t\t\t\t\t<sr7-txt id=\"SR7_26_1-137-5\" class=\"sr7-layer\"><b>Filtration mol\u00e9culaire et min\u00e9ralisation dans un seul syst\u00e8me<\/b><br><\/sr7-txt>\n\t\t\t\t\t\t\t<sr7-txt id=\"SR7_26_1-137-6\" class=\"sr7-layer\">be.pure embarque une technologie innovante de traitement de l'eau. Au c\u0153ur du syst\u00e8me se trouve l'<br \/>\nunit\u00e9 d'osmose inverse ENYA 2.0 \u00e0 la pointe de la technologie, associ\u00e9e \u00e0 une unit\u00e9 de min\u00e9ralisation sp\u00e9cialis\u00e9e.<br \/>\nEnsemble, elles fournissent l'eau potable la plus pure, directement sur votre yacht.<\/sr7-txt>\n\t\t\t\t\t\t<\/sr7-slide>\n\t\t\t\t\t\t<sr7-slide id=\"SR7_26_1-70\" data-key=\"70\">\n\t\t\t\t\t\t<\/sr7-slide>\n\t\t\t\t\t<\/sr7-content>\n\t\t\t\t\t<image_lists style=\"display:none\">\n\t\t\t\t\t\t<img data-src=\"\/\/www.bepure-water.com\/wp-content\/uploads\/2025\/09\/Hintergrund-2.jpg\" data-libid=\"1931\" data-lib=\"medialibrary\" title=\"Hintergrund-2\" width=\"0\" height=\"0\" data-dbsrc=\"Ly93d3cuYmVwdXJlLXdhdGVyLmNvbS93cC1jb250ZW50L3VwbG9hZHMvMjAyNS8wOS9IaW50ZXJncnVuZC0yLmpwZw==\"\/>\n\t\t\t\t\t<\/image_lists>\n\t\t\t\t<\/sr7-module>\n\t\t\t\t<script>\n\t\t\t\t\tSR7.PMH ??={}; SR7.PMH[\"SR7_26_1\"] = {cn:100,state:false,fn: function() { if (_tpt!==undefined && _tpt.prepareModuleHeight !== undefined) {  _tpt.prepareModuleHeight({id:\"SR7_26_1\",el:[999,999,999,999,720],type:'hero',shdw:'0',gh:[600,600,600,600,720],gw:[1240,1240,1240,1240,480],vpt:['-100px&#039;,&#039;-100px&#039;,&#039;-100px&#039;,&#039;-100px&#039;,&#039;-100px'],size:{fullWidth:true, fullHeight:true},fho:'',mh:'0',onh:0,onw:0,bg:{color:'{\"orig\":\"transparent\",\"type\":\"solid\",\"string\":\"transparent\"}'}});   SR7.PMH[\"SR7_26_1\"].state=true;} else if(SR7.PMH[\"SR7_26_1\"].cn-->0)\tsetTimeout( SR7.PMH[\"SR7_26_1\"].fn,19);}};SR7.PMH[\"SR7_26_1\" ].fn();\n\t\t\t\t<\/script>\n<\/div>\n\n\t\t\t\t\t\t<\/div>\n\t\t\t\t<\/div>\n\t\t\t\t<\/div>\n\t\t<div class=\"elementor-element elementor-element-e044126 e-flex e-con-boxed e-con e-parent\" data-id=\"e044126\" data-element_type=\"container\" data-e-type=\"container\" data-settings=\"{&quot;background_background&quot;:&quot;classic&quot;}\">\n\t\t\t\t\t<div class=\"e-con-inner\">\n\t\t<div class=\"elementor-element elementor-element-c3aa67c e-con-full e-flex e-con e-child\" data-id=\"c3aa67c\" data-element_type=\"container\" data-e-type=\"container\" data-settings=\"{&quot;background_background&quot;:&quot;classic&quot;}\">\n\t\t\t\t<\/div>\n\t\t<div class=\"elementor-element elementor-element-fd936db e-con-full e-flex e-con e-child\" data-id=\"fd936db\" data-element_type=\"container\" data-e-type=\"container\" data-settings=\"{&quot;background_background&quot;:&quot;classic&quot;}\">\n\t\t\t\t<div class=\"elementor-element elementor-element-e15f4fb elementor-widget elementor-widget-heading\" data-id=\"e15f4fb\" data-element_type=\"widget\" data-e-type=\"widget\" data-widget_type=\"heading.default\">\n\t\t\t\t<div class=\"elementor-widget-container\">\n\t\t\t\t\t<h2 class=\"elementor-heading-title elementor-size-default\">Comment cela fonctionne<\/h2>\t\t\t\t<\/div>\n\t\t\t\t<\/div>\n\t\t\t\t<div class=\"elementor-element elementor-element-df03418 elementor-widget-divider--view-line elementor-widget elementor-widget-divider\" data-id=\"df03418\" data-element_type=\"widget\" data-e-type=\"widget\" data-widget_type=\"divider.default\">\n\t\t\t\t<div class=\"elementor-widget-container\">\n\t\t\t\t\t\t\t<div class=\"elementor-divider\">\n\t\t\t<span class=\"elementor-divider-separator\">\n\t\t\t\t\t\t<\/span>\n\t\t<\/div>\n\t\t\t\t\t\t<\/div>\n\t\t\t\t<\/div>\n\t\t\t\t<div class=\"elementor-element elementor-element-3f20060 elementor-widget elementor-widget-text-editor\" data-id=\"3f20060\" data-element_type=\"widget\" data-e-type=\"widget\" data-widget_type=\"text-editor.default\">\n\t\t\t\t<div class=\"elementor-widget-container\">\n\t\t\t\t\t\t\t\t\t<p style=\"text-align: left;\"><strong>L&rsquo;eau du r\u00e9servoir d&rsquo;eaux grises est trait\u00e9e avec ENYA 2.0 pour devenir de l&rsquo;eau potable pure.<\/strong><\/p><p style=\"text-align: left;\">L&rsquo;eau de mer est \u00e9galement transform\u00e9e en eau potable avec le go\u00fbt caract\u00e9ristique de be.pure gr\u00e2ce au Watermaker ou \u00e0 l&rsquo;unit\u00e9 de dessalement et \u00e0 l&rsquo;installation ENYA en aval. Le syst\u00e8me de traitement de l&rsquo;eau innovant de be.pure vous offre deux technologies essentielles dans un syst\u00e8me compact : la filtration mol\u00e9culaire et la remin\u00e9ralisation cibl\u00e9e. Cette combinaison permet d&rsquo;obtenir une eau potable cristalline, saine et de haute qualit\u00e9 gustative, id\u00e9ale pour les yachts.  <\/p><p style=\"text-align: left;\">Gr\u00e2ce \u00e0 la filtration mol\u00e9culaire ultrafine avec un pouvoir de s\u00e9paration de 0,1 nanom\u00e8tre, m\u00eame les plus petits polluants sont \u00e9limin\u00e9s de mani\u00e8re fiable : les nitrates et les pesticides, les bact\u00e9ries et les virus, les hormones, les m\u00e9taux lourds, les microplastiques, les PFAS (un groupe de produits chimiques nocifs) et les r\u00e9sidus de m\u00e9dicaments n&rsquo;ont aucune chance. L&rsquo;eau purifi\u00e9e et filtr\u00e9e \u00e0 99,9 % est ensuite enrichie en min\u00e9raux essentiels tels que le calcium et le magn\u00e9sium dans l&rsquo;unit\u00e9 de min\u00e9ralisation, pour une teneur optimale en min\u00e9raux et un go\u00fbt be.pure naturel et clair. <\/p>\t\t\t\t\t\t\t\t<\/div>\n\t\t\t\t<\/div>\n\t\t<div class=\"elementor-element elementor-element-57f4eb6 e-con-full e-flex e-con e-child\" data-id=\"57f4eb6\" data-element_type=\"container\" data-e-type=\"container\">\n\t\t<div class=\"elementor-element elementor-element-bc82b85 e-con-full e-flex e-con e-child\" data-id=\"bc82b85\" data-element_type=\"container\" data-e-type=\"container\">\n\t\t\t\t<div class=\"elementor-element elementor-element-16573a1 elementor-align-justify elementor-widget elementor-widget-button\" data-id=\"16573a1\" data-element_type=\"widget\" data-e-type=\"widget\" data-widget_type=\"button.default\">\n\t\t\t\t<div class=\"elementor-widget-container\">\n\t\t\t\t\t\t\t\t\t<div class=\"elementor-button-wrapper\">\n\t\t\t\t\t<a class=\"elementor-button elementor-button-link elementor-size-sm\" href=\"https:\/\/www.bepure-water.com\/wp-content\/uploads\/2026\/01\/bepure-katalog-FR-web.pdf\">\n\t\t\t\t\t\t<span class=\"elementor-button-content-wrapper\">\n\t\t\t\t\t\t\t\t\t<span class=\"elementor-button-text\">Catalogue be.pure water<\/span>\n\t\t\t\t\t<\/span>\n\t\t\t\t\t<\/a>\n\t\t\t\t<\/div>\n\t\t\t\t\t\t\t\t<\/div>\n\t\t\t\t<\/div>\n\t\t\t\t<\/div>\n\t\t<div class=\"elementor-element elementor-element-7bb3d1a e-con-full e-flex e-con e-child\" data-id=\"7bb3d1a\" data-element_type=\"container\" data-e-type=\"container\">\n\t\t\t\t<div class=\"elementor-element elementor-element-ca1dd34 elementor-align-justify elementor-widget elementor-widget-button\" data-id=\"ca1dd34\" data-element_type=\"widget\" data-e-type=\"widget\" data-widget_type=\"button.default\">\n\t\t\t\t<div class=\"elementor-widget-container\">\n\t\t\t\t\t\t\t\t\t<div class=\"elementor-button-wrapper\">\n\t\t\t\t\t<a class=\"elementor-button elementor-button-link elementor-size-sm\" href=\"https:\/\/www.bepure-water.com\/fr\/technologie\/\">\n\t\t\t\t\t\t<span class=\"elementor-button-content-wrapper\">\n\t\t\t\t\t\t\t\t\t<span class=\"elementor-button-text\">Technique<\/span>\n\t\t\t\t\t<\/span>\n\t\t\t\t\t<\/a>\n\t\t\t\t<\/div>\n\t\t\t\t\t\t\t\t<\/div>\n\t\t\t\t<\/div>\n\t\t\t\t<\/div>\n\t\t\t\t<\/div>\n\t\t\t\t<\/div>\n\t\t\t\t\t<\/div>\n\t\t\t\t<\/div>\n\t\t<div class=\"elementor-element elementor-element-446b772 e-flex e-con-boxed e-con e-parent\" data-id=\"446b772\" data-element_type=\"container\" data-e-type=\"container\" data-settings=\"{&quot;background_background&quot;:&quot;classic&quot;}\">\n\t\t\t\t\t<div class=\"e-con-inner\">\n\t\t<div class=\"elementor-element elementor-element-3dfbf3d e-con-full e-flex e-con e-child\" data-id=\"3dfbf3d\" data-element_type=\"container\" data-e-type=\"container\" data-settings=\"{&quot;background_background&quot;:&quot;classic&quot;}\">\n\t\t\t\t<div class=\"elementor-element elementor-element-6fe1ed8 elementor-widget elementor-widget-heading\" data-id=\"6fe1ed8\" data-element_type=\"widget\" data-e-type=\"widget\" data-widget_type=\"heading.default\">\n\t\t\t\t<div class=\"elementor-widget-container\">\n\t\t\t\t\t<h2 class=\"elementor-heading-title elementor-size-default\">Les avantages en un coup d'\u0153il<\/h2>\t\t\t\t<\/div>\n\t\t\t\t<\/div>\n\t\t\t\t<div class=\"elementor-element elementor-element-34087cc elementor-widget-divider--view-line elementor-widget elementor-widget-divider\" data-id=\"34087cc\" data-element_type=\"widget\" data-e-type=\"widget\" data-widget_type=\"divider.default\">\n\t\t\t\t<div class=\"elementor-widget-container\">\n\t\t\t\t\t\t\t<div class=\"elementor-divider\">\n\t\t\t<span class=\"elementor-divider-separator\">\n\t\t\t\t\t\t<\/span>\n\t\t<\/div>\n\t\t\t\t\t\t<\/div>\n\t\t\t\t<\/div>\n\t\t\t\t<div class=\"elementor-element elementor-element-337962d elementor-widget elementor-widget-text-editor\" data-id=\"337962d\" data-element_type=\"widget\" data-e-type=\"widget\" data-widget_type=\"text-editor.default\">\n\t\t\t\t<div class=\"elementor-widget-container\">\n\t\t\t\t\t\t\t\t\t<div><strong>Qualit\u00e9 de l&rsquo;eau et filtration<\/strong><\/div><ul class=\"checklist-css\"><li>Filtration de 99,9% des polluants<\/li><li>Filtre, membrane et technologie de la plus haute qualit\u00e9<\/li><li>Filtre compact haute performance 4 en 1<\/li><li>Unit\u00e9 compacte RO haute performance 800 GPD<\/li><li>remin\u00e9ralisation comme l&rsquo;eau de source alpine la plus pure (calcium, magn\u00e9sium, coraux Sango, stabilisation du pH)<\/li><li>BackSafety &#8211; barri\u00e8re externe contre les germes avec filtre de protection contre les plastifiants et filtre de s\u00e9curit\u00e9 microbiologique<\/li><li>Une qualit\u00e9 d&rsquo;eau constante et s\u00fbre &#8211; quelle que soit la nature de l&rsquo;eau<\/li><li>ENYA 2.0 est conforme \u00e0 NSF \/ ANSI 53 &amp; 42<\/li><li>Certifi\u00e9 DIN EN ISO<\/li><\/ul>\t\t\t\t\t\t\t\t<\/div>\n\t\t\t\t<\/div>\n\t\t<div class=\"elementor-element elementor-element-27c28e4 e-con-full e-flex e-con e-child\" data-id=\"27c28e4\" data-element_type=\"container\" data-e-type=\"container\">\n\t\t<div class=\"elementor-element elementor-element-882f8c0 e-con-full e-flex e-con e-child\" data-id=\"882f8c0\" data-element_type=\"container\" data-e-type=\"container\">\n\t\t\t\t<div class=\"elementor-element elementor-element-22d3b7f elementor-align-justify elementor-widget elementor-widget-button\" data-id=\"22d3b7f\" data-element_type=\"widget\" data-e-type=\"widget\" data-widget_type=\"button.default\">\n\t\t\t\t<div class=\"elementor-widget-container\">\n\t\t\t\t\t\t\t\t\t<div class=\"elementor-button-wrapper\">\n\t\t\t\t\t<a class=\"elementor-button elementor-button-link elementor-size-sm\" href=\"https:\/\/www.bepure-water.com\/wp-content\/uploads\/2026\/01\/bepure-katalog-FR-web.pdf\" target=\"_blank\">\n\t\t\t\t\t\t<span class=\"elementor-button-content-wrapper\">\n\t\t\t\t\t\t\t\t\t<span class=\"elementor-button-text\">Catalogue be.pure water<\/span>\n\t\t\t\t\t<\/span>\n\t\t\t\t\t<\/a>\n\t\t\t\t<\/div>\n\t\t\t\t\t\t\t\t<\/div>\n\t\t\t\t<\/div>\n\t\t\t\t<\/div>\n\t\t<div class=\"elementor-element elementor-element-d0f86cf e-con-full e-flex e-con e-child\" data-id=\"d0f86cf\" data-element_type=\"container\" data-e-type=\"container\">\n\t\t\t\t<div class=\"elementor-element elementor-element-5981695 elementor-align-justify elementor-widget elementor-widget-button\" data-id=\"5981695\" data-element_type=\"widget\" data-e-type=\"widget\" data-widget_type=\"button.default\">\n\t\t\t\t<div class=\"elementor-widget-container\">\n\t\t\t\t\t\t\t\t\t<div class=\"elementor-button-wrapper\">\n\t\t\t\t\t<a class=\"elementor-button elementor-button-link elementor-size-sm\" href=\"https:\/\/www.bepure-water.com\/fr\/technologie\/\">\n\t\t\t\t\t\t<span class=\"elementor-button-content-wrapper\">\n\t\t\t\t\t\t\t\t\t<span class=\"elementor-button-text\">Technique<\/span>\n\t\t\t\t\t<\/span>\n\t\t\t\t\t<\/a>\n\t\t\t\t<\/div>\n\t\t\t\t\t\t\t\t<\/div>\n\t\t\t\t<\/div>\n\t\t\t\t<\/div>\n\t\t\t\t<\/div>\n\t\t\t\t<\/div>\n\t\t<div class=\"elementor-element elementor-element-95207ea e-con-full e-flex e-con e-child\" data-id=\"95207ea\" data-element_type=\"container\" data-e-type=\"container\" data-settings=\"{&quot;background_background&quot;:&quot;classic&quot;}\">\n\t\t\t\t<\/div>\n\t\t\t\t\t<\/div>\n\t\t\t\t<\/div>\n\t\t<div class=\"elementor-element elementor-element-07961d9 e-flex e-con-boxed e-con e-parent\" data-id=\"07961d9\" data-element_type=\"container\" data-e-type=\"container\" data-settings=\"{&quot;background_background&quot;:&quot;classic&quot;}\">\n\t\t\t\t\t<div class=\"e-con-inner\">\n\t\t<div class=\"elementor-element elementor-element-986521e e-con-full e-flex e-con e-child\" data-id=\"986521e\" data-element_type=\"container\" data-e-type=\"container\" data-settings=\"{&quot;background_background&quot;:&quot;classic&quot;}\">\n\t\t\t\t<\/div>\n\t\t<div class=\"elementor-element elementor-element-7a8f88e e-con-full e-flex e-con e-child\" data-id=\"7a8f88e\" data-element_type=\"container\" data-e-type=\"container\" data-settings=\"{&quot;background_background&quot;:&quot;classic&quot;}\">\n\t\t\t\t<div class=\"elementor-element elementor-element-dcdcdbc elementor-widget elementor-widget-text-editor\" data-id=\"dcdcdbc\" data-element_type=\"widget\" data-e-type=\"widget\" data-widget_type=\"text-editor.default\">\n\t\t\t\t<div class=\"elementor-widget-container\">\n\t\t\t\t\t\t\t\t\t<div><strong>Technologie et op\u00e9rations<\/strong><\/div><ul class=\"checklist-css\"><li>Technologie de pompe haut de gamme<\/li><li>Rin\u00e7age \u00e0 membrane enti\u00e8rement automatique et efficace (Wash \/ Auto-Flushing \/ Rin\u00e7age de vacances)<\/li><li>Fonction de protection contre les inondations<\/li><li>Manipulation simple lors du remplacement du filtre (principe du plug-in)<\/li><li>Contr\u00f4le de changement de filtre<\/li><li>Fonctionnement stable, n\u00e9cessitant peu d&rsquo;entretien<\/li><li>Une qualit\u00e9 et un design sans compromis<\/li><li>Compatible avec les fontaines \u00e0 eau Katara, Nahla &amp; Izumi, fonction Hot, Cold, Fizz &amp; Ambient<\/li><\/ul>\t\t\t\t\t\t\t\t<\/div>\n\t\t\t\t<\/div>\n\t\t\t\t<div class=\"elementor-element elementor-element-244d339 elementor-widget elementor-widget-text-editor\" data-id=\"244d339\" data-element_type=\"widget\" data-e-type=\"widget\" data-widget_type=\"text-editor.default\">\n\t\t\t\t<div class=\"elementor-widget-container\">\n\t\t\t\t\t\t\t\t\t<div><strong>Confort et performance<\/strong><\/div><ul class=\"checklist-css\"><li>Production d&rsquo;eau pure jusqu&rsquo;\u00e0 2,2 litres par minute<\/li><li>Nettement moins de production d&rsquo;eaux us\u00e9es<\/li><li>Une sensation de boisson premium &#8211; de l&rsquo;eau toujours fra\u00eeche sur simple pression d&rsquo;un bouton<\/li><li>Gain de place et confort &#8211; pas de perte d&rsquo;espace de rangement<\/li><li>Gain de temps et d&rsquo;argent<\/li><li>Pr\u00e9serve vos appareils (par ex. cafeti\u00e8res, bouilloires)<\/li><li>Cuisson \u00e0 l&rsquo;eau pure<\/li><li>Durabilit\u00e9 &#8211; \u00e9conomie de co\u00fbts par rapport \u00e0 l&rsquo;eau en bouteille<\/li><\/ul>\t\t\t\t\t\t\t\t<\/div>\n\t\t\t\t<\/div>\n\t\t<div class=\"elementor-element elementor-element-6e0a214 e-con-full e-flex e-con e-child\" data-id=\"6e0a214\" data-element_type=\"container\" data-e-type=\"container\">\n\t\t<div class=\"elementor-element elementor-element-a55c4f8 e-con-full e-flex e-con e-child\" data-id=\"a55c4f8\" data-element_type=\"container\" data-e-type=\"container\">\n\t\t\t\t<div class=\"elementor-element elementor-element-8d3549b elementor-align-justify elementor-widget elementor-widget-button\" data-id=\"8d3549b\" data-element_type=\"widget\" data-e-type=\"widget\" data-widget_type=\"button.default\">\n\t\t\t\t<div class=\"elementor-widget-container\">\n\t\t\t\t\t\t\t\t\t<div class=\"elementor-button-wrapper\">\n\t\t\t\t\t<a class=\"elementor-button elementor-button-link elementor-size-sm\" href=\"https:\/\/www.bepure-water.com\/wp-content\/uploads\/2026\/01\/bepure-katalog-FR-web.pdf\" target=\"_blank\">\n\t\t\t\t\t\t<span class=\"elementor-button-content-wrapper\">\n\t\t\t\t\t\t\t\t\t<span class=\"elementor-button-text\">Catalogue be.pure water<\/span>\n\t\t\t\t\t<\/span>\n\t\t\t\t\t<\/a>\n\t\t\t\t<\/div>\n\t\t\t\t\t\t\t\t<\/div>\n\t\t\t\t<\/div>\n\t\t\t\t<\/div>\n\t\t<div class=\"elementor-element elementor-element-0098be2 e-con-full e-flex e-con e-child\" data-id=\"0098be2\" data-element_type=\"container\" data-e-type=\"container\">\n\t\t\t\t<div class=\"elementor-element elementor-element-941bc55 elementor-align-justify elementor-widget elementor-widget-button\" data-id=\"941bc55\" data-element_type=\"widget\" data-e-type=\"widget\" data-widget_type=\"button.default\">\n\t\t\t\t<div class=\"elementor-widget-container\">\n\t\t\t\t\t\t\t\t\t<div class=\"elementor-button-wrapper\">\n\t\t\t\t\t<a class=\"elementor-button elementor-button-link elementor-size-sm\" href=\"https:\/\/www.bepure-water.com\/fr\/technologie\/\">\n\t\t\t\t\t\t<span class=\"elementor-button-content-wrapper\">\n\t\t\t\t\t\t\t\t\t<span class=\"elementor-button-text\">Technique<\/span>\n\t\t\t\t\t<\/span>\n\t\t\t\t\t<\/a>\n\t\t\t\t<\/div>\n\t\t\t\t\t\t\t\t<\/div>\n\t\t\t\t<\/div>\n\t\t\t\t<\/div>\n\t\t\t\t<\/div>\n\t\t\t\t<\/div>\n\t\t\t\t\t<\/div>\n\t\t\t\t<\/div>\n\t\t<div class=\"elementor-element elementor-element-06e1702 e-flex e-con-boxed e-con e-parent\" data-id=\"06e1702\" data-element_type=\"container\" data-e-type=\"container\" data-settings=\"{&quot;background_background&quot;:&quot;classic&quot;}\">\n\t\t\t\t\t<div class=\"e-con-inner\">\n\t\t\t\t<div class=\"elementor-element elementor-element-62459b7 elementor-widget elementor-widget-heading\" data-id=\"62459b7\" data-element_type=\"widget\" data-e-type=\"widget\" data-widget_type=\"heading.default\">\n\t\t\t\t<div class=\"elementor-widget-container\">\n\t\t\t\t\t<h2 class=\"elementor-heading-title elementor-size-default\">Pas de plastique - Plan\u00e8te verte<\/h2>\t\t\t\t<\/div>\n\t\t\t\t<\/div>\n\t\t\t\t<div class=\"elementor-element elementor-element-2c82829 elementor-widget elementor-widget-text-editor\" data-id=\"2c82829\" data-element_type=\"widget\" data-e-type=\"widget\" data-widget_type=\"text-editor.default\">\n\t\t\t\t<div class=\"elementor-widget-container\">\n\t\t\t\t\t\t\t\t\tVous partagez notre vision d&rsquo;une eau potable pure, claire et min\u00e9ralis\u00e9e \u00e0 bord, dans une tiny house ou un camping-car ? be.pure a la solution adapt\u00e9e \u00e0 chacun de vos projets ! \t\t\t\t\t\t\t\t<\/div>\n\t\t\t\t<\/div>\n\t\t\t\t<div class=\"elementor-element elementor-element-ac38bbc elementor-align-center elementor-widget elementor-widget-button\" data-id=\"ac38bbc\" data-element_type=\"widget\" data-e-type=\"widget\" data-widget_type=\"button.default\">\n\t\t\t\t<div class=\"elementor-widget-container\">\n\t\t\t\t\t\t\t\t\t<div class=\"elementor-button-wrapper\">\n\t\t\t\t\t<a class=\"elementor-button elementor-button-link elementor-size-sm\" href=\"https:\/\/www.bepure-water.com\/fr\/contact\/\">\n\t\t\t\t\t\t<span class=\"elementor-button-content-wrapper\">\n\t\t\t\t\t\t\t\t\t<span class=\"elementor-button-text\">Demandez une consultation gratuite maintenant<\/span>\n\t\t\t\t\t<\/span>\n\t\t\t\t\t<\/a>\n\t\t\t\t<\/div>\n\t\t\t\t\t\t\t\t<\/div>\n\t\t\t\t<\/div>\n\t\t\t\t\t<\/div>\n\t\t\t\t<\/div>\n\t\t\t\t<\/div>\n\t\t","protected":false},"excerpt":{"rendered":"<p>Comment cela fonctionne L&rsquo;eau du r\u00e9servoir d&rsquo;eaux grises est trait\u00e9e avec ENYA 2.0 pour devenir de l&rsquo;eau potable pure. L&rsquo;eau de mer est \u00e9galement transform\u00e9e en eau potable avec le go\u00fbt caract\u00e9ristique de be.pure gr\u00e2ce au Watermaker ou \u00e0 l&rsquo;unit\u00e9 de dessalement et \u00e0 l&rsquo;installation ENYA en aval. Le syst\u00e8me de traitement de l&rsquo;eau innovant [&hellip;]<\/p>\n","protected":false},"author":1,"featured_media":0,"parent":0,"menu_order":0,"comment_status":"closed","ping_status":"closed","template":"","meta":{"footnotes":""},"class_list":["post-3835","page","type-page","status-publish","hentry"],"_links":{"self":[{"href":"https:\/\/www.bepure-water.com\/fr\/wp-json\/wp\/v2\/pages\/3835","targetHints":{"allow":["GET"]}}],"collection":[{"href":"https:\/\/www.bepure-water.com\/fr\/wp-json\/wp\/v2\/pages"}],"about":[{"href":"https:\/\/www.bepure-water.com\/fr\/wp-json\/wp\/v2\/types\/page"}],"author":[{"embeddable":true,"href":"https:\/\/www.bepure-water.com\/fr\/wp-json\/wp\/v2\/users\/1"}],"replies":[{"embeddable":true,"href":"https:\/\/www.bepure-water.com\/fr\/wp-json\/wp\/v2\/comments?post=3835"}],"version-history":[{"count":5,"href":"https:\/\/www.bepure-water.com\/fr\/wp-json\/wp\/v2\/pages\/3835\/revisions"}],"predecessor-version":[{"id":4223,"href":"https:\/\/www.bepure-water.com\/fr\/wp-json\/wp\/v2\/pages\/3835\/revisions\/4223"}],"wp:attachment":[{"href":"https:\/\/www.bepure-water.com\/fr\/wp-json\/wp\/v2\/media?parent=3835"}],"curies":[{"name":"wp","href":"https:\/\/api.w.org\/{rel}","templated":true}]}}