{"id":4331,"date":"2025-06-30T22:28:33","date_gmt":"2025-06-30T20:28:33","guid":{"rendered":"https:\/\/www.bepure-water.com\/derecho-de-cancelacion\/"},"modified":"2026-02-23T22:49:37","modified_gmt":"2026-02-23T21:49:37","slug":"derecho-de-cancelacion","status":"publish","type":"page","link":"https:\/\/www.bepure-water.com\/es\/derecho-de-cancelacion\/","title":{"rendered":"Derecho de cancelaci\u00f3n"},"content":{"rendered":"\t\t<div data-elementor-type=\"wp-page\" data-elementor-id=\"4331\" class=\"elementor elementor-4331 elementor-1598\" data-elementor-post-type=\"page\">\n\t\t\t\t<div class=\"elementor-element elementor-element-0025d26 e-flex e-con-boxed e-con e-parent\" data-id=\"0025d26\" data-element_type=\"container\" data-e-type=\"container\" data-settings=\"{&quot;background_background&quot;:&quot;classic&quot;}\">\n\t\t\t\t\t<div class=\"e-con-inner\">\n\t\t\t\t<div class=\"elementor-element elementor-element-c90dcf9 elementor-widget elementor-widget-heading\" data-id=\"c90dcf9\" data-element_type=\"widget\" data-e-type=\"widget\" data-widget_type=\"heading.default\">\n\t\t\t\t<div class=\"elementor-widget-container\">\n\t\t\t\t\t<h2 class=\"elementor-heading-title elementor-size-default\">Derecho de cancelaci\u00f3n<\/h2>\t\t\t\t<\/div>\n\t\t\t\t<\/div>\n\t\t\t\t\t<\/div>\n\t\t\t\t<\/div>\n\t\t<div class=\"elementor-element elementor-element-6b05b7a e-flex e-con-boxed e-con e-parent\" data-id=\"6b05b7a\" data-element_type=\"container\" data-e-type=\"container\">\n\t\t\t\t\t<div class=\"e-con-inner\">\n\t\t\t\t<div class=\"elementor-element elementor-element-b4e28ae elementor-widget elementor-widget-text-editor\" data-id=\"b4e28ae\" data-element_type=\"widget\" data-e-type=\"widget\" data-widget_type=\"text-editor.default\">\n\t\t\t\t<div class=\"elementor-widget-container\">\n\t\t\t\t\t\t\t\t\t<p><strong>Garant\u00eda (B2B), notificaci\u00f3n de defectos y exclusi\u00f3n de responsabilidad<\/strong><\/p><p>El vendedor ofrece una garant\u00eda por los defectos que ya exist\u00edan en el momento de la entrega (\u00a7\u00a7 922 y ss. ABGB).<\/p><p>El periodo de garant\u00eda es de 6 meses a partir de la entrega. Las reclamaciones de garant\u00eda expiran un mes despu\u00e9s de la expiraci\u00f3n de este periodo de garant\u00eda. La existencia de defectos debe ser probada por la parte contratante. No se aplicar\u00e1n el \u00a7 924 frase 2 ABGB (presunci\u00f3n de defectuosidad) ni el \u00a7 933b ABGB. Los derechos de garant\u00eda s\u00f3lo est\u00e1n disponibles para el cliente directo y no son transferibles. Los p\u00e1rrafos anteriores contienen la garant\u00eda de los bienes de forma concluyente.     <\/p><p>El comprador est\u00e1 obligado a inspeccionar la mercanc\u00eda para detectar cualquier defecto inmediatamente despu\u00e9s de recibirla. El vendedor debe ser informado de cualquier defecto inmediatamente, pero a m\u00e1s tardar en el plazo de una semana desde la recepci\u00f3n, por escrito y detalladamente. Los defectos que no sean reconocibles en este plazo, incluso tras una inspecci\u00f3n minuciosa, deben comunicarse inmediatamente despu\u00e9s de su descubrimiento. Los defectos en una parte de la entrega no dan derecho al comprador a reclamar por toda la entrega. Si el comprador incumple su obligaci\u00f3n de notificar los defectos, ya no podr\u00e1 hacer valer sus derechos de garant\u00eda, indemnizaci\u00f3n por da\u00f1os y perjuicios debidos al propio defecto o a un error sobre la ausencia de defectos en la mercanc\u00eda. El vendedor se reserva el derecho a inspeccionar los defectos notificados por el propio comprador o a trav\u00e9s de un experto.     <\/p><p>El vendedor no ser\u00e1 responsable en ning\u00fan caso de los defectos de los bienes entregados causados por una manipulaci\u00f3n inadecuada o una modificaci\u00f3n de los bienes de cualquier tipo.<\/p><p>Las reclamaciones por da\u00f1os y perjuicios quedan excluidas a menos que el da\u00f1o haya sido causado por dolo o negligencia grave del vendedor o de sus auxiliares ejecutivos. La existencia de negligencia grave debe ser probada por el comprador. En caso de negligencia leve, el vendedor s\u00f3lo ser\u00e1 responsable de los da\u00f1os personales. La responsabilidad expira 6 meses despu\u00e9s de que el comprador tenga conocimiento del da\u00f1o y de la parte causante del mismo. El vendedor no ser\u00e1 responsable de da\u00f1os indirectos, lucro cesante, p\u00e9rdida de producci\u00f3n, p\u00e9rdida de intereses, no realizaci\u00f3n de ahorros, da\u00f1os consecuentes y p\u00e9rdidas financieras, da\u00f1os derivados de reclamaciones de terceros o por la p\u00e9rdida de datos.    <\/p><p>Las reclamaciones por da\u00f1os y perjuicios por parte del vendedor se limitan al importe del valor del pedido.<\/p><p>Los p\u00e1rrafos anteriores tambi\u00e9n se aplican a las reclamaciones por da\u00f1os y perjuicios derivados de la obligaci\u00f3n precontractual.<\/p><p><strong>Garant\u00eda y limitaci\u00f3n de responsabilidad B2C<\/strong><\/p><p>Se aplicar\u00e1n las disposiciones legales de garant\u00eda de la Rep\u00fablica de Austria.<\/p><p>Los defectos en parte de la mercanc\u00eda entregada no dan derecho al cliente a rechazar toda la entrega.<\/p><p>El vendedor no ser\u00e1 responsable en ning\u00fan caso de los defectos de los bienes entregados causados por una manipulaci\u00f3n inadecuada o una modificaci\u00f3n de los bienes de cualquier tipo.<\/p><p>Quedan excluidas las reclamaciones de indemnizaci\u00f3n por da\u00f1os materiales, a menos que los da\u00f1os hayan sido causados por dolo o negligencia grave del vendedor o de sus auxiliares ejecutivos o asistentes. En caso de negligencia leve, el vendedor s\u00f3lo ser\u00e1 responsable de los da\u00f1os personales. Queda excluida la responsabilidad por lucro cesante.  <\/p><p>Las limitaciones anteriores tambi\u00e9n se aplican a las reclamaciones por da\u00f1os derivados de la obligaci\u00f3n precontractual o da\u00f1os consecuenciales.<\/p>\t\t\t\t\t\t\t\t<\/div>\n\t\t\t\t<\/div>\n\t\t\t\t\t<\/div>\n\t\t\t\t<\/div>\n\t\t\t\t<\/div>\n\t\t","protected":false},"excerpt":{"rendered":"<p>Derecho de cancelaci\u00f3n Garant\u00eda (B2B), notificaci\u00f3n de defectos y exclusi\u00f3n de responsabilidad El vendedor ofrece una garant\u00eda por los defectos que ya exist\u00edan en el momento de la entrega (\u00a7\u00a7 922 y ss. ABGB). El periodo de garant\u00eda es de 6 meses a partir de la entrega. Las reclamaciones de garant\u00eda expiran un mes despu\u00e9s [&hellip;]<\/p>\n","protected":false},"author":1,"featured_media":0,"parent":0,"menu_order":0,"comment_status":"closed","ping_status":"closed","template":"","meta":{"footnotes":""},"class_list":["post-4331","page","type-page","status-publish","hentry"],"_links":{"self":[{"href":"https:\/\/www.bepure-water.com\/es\/wp-json\/wp\/v2\/pages\/4331","targetHints":{"allow":["GET"]}}],"collection":[{"href":"https:\/\/www.bepure-water.com\/es\/wp-json\/wp\/v2\/pages"}],"about":[{"href":"https:\/\/www.bepure-water.com\/es\/wp-json\/wp\/v2\/types\/page"}],"author":[{"embeddable":true,"href":"https:\/\/www.bepure-water.com\/es\/wp-json\/wp\/v2\/users\/1"}],"replies":[{"embeddable":true,"href":"https:\/\/www.bepure-water.com\/es\/wp-json\/wp\/v2\/comments?post=4331"}],"version-history":[{"count":2,"href":"https:\/\/www.bepure-water.com\/es\/wp-json\/wp\/v2\/pages\/4331\/revisions"}],"predecessor-version":[{"id":4333,"href":"https:\/\/www.bepure-water.com\/es\/wp-json\/wp\/v2\/pages\/4331\/revisions\/4333"}],"wp:attachment":[{"href":"https:\/\/www.bepure-water.com\/es\/wp-json\/wp\/v2\/media?parent=4331"}],"curies":[{"name":"wp","href":"https:\/\/api.w.org\/{rel}","templated":true}]}}