{"id":4328,"date":"2025-06-30T22:28:10","date_gmt":"2025-06-30T20:28:10","guid":{"rendered":"https:\/\/www.bepure-water.com\/gtc\/"},"modified":"2026-02-23T22:49:44","modified_gmt":"2026-02-23T21:49:44","slug":"gtc","status":"publish","type":"page","link":"https:\/\/www.bepure-water.com\/es\/gtc\/","title":{"rendered":"GTC"},"content":{"rendered":"\t\t<div data-elementor-type=\"wp-page\" data-elementor-id=\"4328\" class=\"elementor elementor-4328 elementor-1595\" data-elementor-post-type=\"page\">\n\t\t\t\t<div class=\"elementor-element elementor-element-f4ce5d4 e-flex e-con-boxed e-con e-parent\" data-id=\"f4ce5d4\" data-element_type=\"container\" data-e-type=\"container\" data-settings=\"{&quot;background_background&quot;:&quot;classic&quot;}\">\n\t\t\t\t\t<div class=\"e-con-inner\">\n\t\t\t\t<div class=\"elementor-element elementor-element-82cc294 elementor-widget elementor-widget-heading\" data-id=\"82cc294\" data-element_type=\"widget\" data-e-type=\"widget\" data-widget_type=\"heading.default\">\n\t\t\t\t<div class=\"elementor-widget-container\">\n\t\t\t\t\t<h2 class=\"elementor-heading-title elementor-size-default\">Condiciones generales<\/h2>\t\t\t\t<\/div>\n\t\t\t\t<\/div>\n\t\t\t\t\t<\/div>\n\t\t\t\t<\/div>\n\t\t<div class=\"elementor-element elementor-element-51d3860 e-flex e-con-boxed e-con e-parent\" data-id=\"51d3860\" data-element_type=\"container\" data-e-type=\"container\">\n\t\t\t\t\t<div class=\"e-con-inner\">\n\t\t\t\t<div class=\"elementor-element elementor-element-80efa25 elementor-widget elementor-widget-text-editor\" data-id=\"80efa25\" data-element_type=\"widget\" data-e-type=\"widget\" data-widget_type=\"text-editor.default\">\n\t\t\t\t<div class=\"elementor-widget-container\">\n\t\t\t\t\t\t\t\t\t<p style=\"font-weight: 400;\">Estas CGC se aplican a todos los contratos, entregas y otros servicios prestados por be.pure. e.U. (en adelante, \u00abVendedor\u00bb) a <\/p><p style=\"font-weight: 400;\"><strong>Empresarios<\/strong><br>Consumidores en el sentido del art\u00edculo 1 de la KSchG (B2C)<\/p><p style=\"font-weight: 400;\"><strong>A. Normativa especial para empresarios (B2B)<\/strong><\/p><p><strong>1. \u00e1mbito de aplicaci\u00f3n<\/strong><\/p><p>1.1. Estas Condiciones Generales (CGC) se aplican a todos los contratos, entregas y otros servicios entre be.pure e.U. (en adelante \u00abVendedor\u00bb) y los empresarios (en adelante \u00abComprador\u00bb).<\/p><p>1.2. Las ventas se realizan exclusivamente a empresarios (B2B). Quedan excluidas las ventas a consumidores en el sentido de la KSchG. <\/p><p>1.3. No se reconocer\u00e1n las condiciones divergentes o complementarias del Comprador a menos que el Vendedor haya aceptado expresamente su validez por escrito.<\/p><p><strong>2. celebraci\u00f3n del contrato<\/strong><\/p><p>2.1. Las ofertas realizadas por el vendedor est\u00e1n sujetas a cambios y no son vinculantes.<\/p><p>2.2. Un contrato s\u00f3lo se perfecciona con la confirmaci\u00f3n escrita del pedido o con la entrega de la mercanc\u00eda.<\/p><p><strong>3. entrega y env\u00edo<\/strong><\/p><p>3.1. Los plazos de entrega no son vinculantes a menos que se indiquen expresamente y se acuerden como vinculantes por escrito.<\/p><p>3.2. Salvo que se acuerde lo contrario por escrito, la entrega se realizar\u00e1 ex f\u00e1brica \/ almac\u00e9n (Alemania, Austria). El comprador est\u00e1 obligado a organizar la recogida o el transporte de la mercanc\u00eda de forma independiente y asume todos los costes y riesgos asociados. <\/p><p>3.3. A petici\u00f3n expresa, el vendedor puede organizar el env\u00edo de la mercanc\u00eda.<\/p><p>3.4. Los gastos de env\u00edo se calculan en funci\u00f3n del tama\u00f1o, el peso y el plazo de entrega, y s\u00f3lo se facturan tras la recepci\u00f3n del pedido.<\/p><p>3.5. El riesgo se transfiere al comprador cuando la mercanc\u00eda se entrega al transportista (\u00a7 429 ABGB).<\/p><p>3.6 Nuestra obligaci\u00f3n de entrega finaliza con la entrega de la mercanc\u00eda en el lugar de entrega dentro de la UE. Cualquier entrega posterior a terceros pa\u00edses, incluidas todas las formalidades aduaneras y de exportaci\u00f3n asociadas, ser\u00e1 responsabilidad y obligaci\u00f3n exclusiva del cliente y correr\u00e1 a su cargo. <\/p><p><strong>4 Garant\u00eda (B2B), notificaci\u00f3n de defectos y exclusi\u00f3n de responsabilidad<\/strong><\/p><p>4.1. El vendedor ofrece una garant\u00eda por los defectos que ya exist\u00edan en el momento de la entrega (\u00a7\u00a7 922 y ss. ABGB).<\/p><p>4.2. El periodo de garant\u00eda es de 6 meses a partir de la entrega. Las reclamaciones de garant\u00eda expirar\u00e1n un mes despu\u00e9s de la expiraci\u00f3n de este periodo. La existencia de defectos debe ser probada por la parte contratante. No se aplicar\u00e1n el \u00a7 924 frase 2 ABGB ni el \u00a7 933b ABGB. Los derechos de garant\u00eda s\u00f3lo est\u00e1n disponibles para el cliente directo y no son transferibles.    <\/p><p>4.3. El comprador est\u00e1 obligado a inspeccionar la mercanc\u00eda para detectar cualquier defecto inmediatamente despu\u00e9s de recibirla. Los defectos deben especificarse y comunicarse por escrito sin demora, pero a m\u00e1s tardar en el plazo de una semana desde la recepci\u00f3n. Los defectos descubiertos m\u00e1s tarde deben notificarse inmediatamente despu\u00e9s de su descubrimiento. La falta de notificaci\u00f3n de los defectos o la notificaci\u00f3n tard\u00eda dar\u00e1 lugar a la p\u00e9rdida de cualquier reclamaci\u00f3n.   <\/p><p>4.4. El vendedor no se hace responsable de los defectos causados por una manipulaci\u00f3n inadecuada o por modificaciones de la mercanc\u00eda.<\/p><p>4.5. Quedan excluidas las reclamaciones por da\u00f1os y perjuicios, a menos que el da\u00f1o haya sido causado por dolo o negligencia grave del vendedor o de sus auxiliares ejecutivos. En caso de negligencia leve, el vendedor s\u00f3lo ser\u00e1 responsable de los da\u00f1os personales. <\/p><p>4.6. Las reclamaciones por da\u00f1os y perjuicios se limitan al valor del pedido.<\/p><p>4.7. Los p\u00e1rrafos anteriores tambi\u00e9n se aplican a las reclamaciones derivadas de obligaciones precontractuales.<\/p><p><strong>5. instalaci\u00f3n y servicios<\/strong><\/p><p>5.1. El vendedor act\u00faa exclusivamente como concesionario\/revendedor.<\/p><p>5.2. El montaje, la puesta en marcha, el mantenimiento u otros servicios t\u00e9cnicos no forman parte del alcance de los servicios, a menos que se acuerde expresamente por escrito.<\/p><p>5.3. El comprador est\u00e1 obligado a comprobar y probar profesionalmente los productos entregados antes de entregarlos a terceros (clientes finales).<\/p><p><strong>6. reserva de dominio<\/strong><\/p><p>6.1. Los bienes entregados seguir\u00e1n siendo propiedad del vendedor hasta que se hayan pagado \u00edntegramente todas las reclamaciones derivadas de la relaci\u00f3n comercial. Una reventa anterior al pago \u00edntegro s\u00f3lo est\u00e1 permitida si se nos ha notificado con suficiente antelaci\u00f3n, indicando el nombre o raz\u00f3n social y la direcci\u00f3n comercial exacta del comprador, y damos nuestro consentimiento a la venta. En caso de nuestro consentimiento, la reclamaci\u00f3n del precio de compra se considerar\u00e1 cedida a nosotros y estaremos autorizados a notificar esta cesi\u00f3n al tercero deudor en cualquier momento. En caso de pluralidad de cr\u00e9ditos por nuestra parte, los pagos del deudor se asignar\u00e1n principalmente a aquellos de nuestros cr\u00e9ditos que no est\u00e9n (o hayan dejado de estar) garantizados por una reserva de dominio u otro medio de garant\u00eda.   <\/p><p>6.2. En caso de incumplimiento, tendremos derecho a hacer valer nuestros derechos derivados de la reserva de dominio. Se acuerda que el ejercicio de la reserva de dominio no constituye una rescisi\u00f3n del contrato, a menos que declaremos expresamente la rescisi\u00f3n. <\/p><p><strong>7 Precios, condiciones de pago y env\u00edo<\/strong><\/p><p>7.1. Todos los precios son netos, m\u00e1s el IVA legal y los gastos de env\u00edo.<\/p><p>7.2. Salvo que se acuerde otra cosa por escrito, el pago se realizar\u00e1 por adelantado (pago anticipado). El importe de la factura se transferir\u00e1 sin deducciones a la cuenta especificada por el vendedor tras la recepci\u00f3n de la confirmaci\u00f3n del pedido o la factura. Cualquier otra cosa requiere un acuerdo por escrito.  <\/p><p>7.3. La mercanc\u00eda s\u00f3lo se enviar\u00e1 o entregar\u00e1 una vez se haya recibido el pago \u00edntegro del importe de la factura en la cuenta del vendedor.<\/p><p>7.4. En caso de demora en el pago, el vendedor tendr\u00e1 derecho a retener las entregas hasta que se haya efectuado el pago completo y a cobrar los intereses de demora legales de acuerdo con el \u00a7 456 UGB. Otras reclamaciones, en particular por da\u00f1os y perjuicios, no se ver\u00e1n afectadas. <\/p><p><strong>8. elecci\u00f3n de ley y fuero<\/strong><\/p><p>8.1. Se aplicar\u00e1 la legislaci\u00f3n austriaca con exclusi\u00f3n de las normas de conflicto de leyes y la Convenci\u00f3n de las Naciones Unidas sobre los Contratos de Compraventa Internacional de Mercader\u00edas (CISG).<\/p><p>8.2. El fuero competente para todos los litigios derivados del presente contrato es -en la medida en que la ley lo permita- el tribunal competente del domicilio social del vendedor.<\/p><p>8.3. El lugar de cumplimiento es el domicilio social del vendedor ([Viena]).<\/p><p>8.4. El idioma del contrato es el alem\u00e1n.<\/p><p><strong>B. Normativa especial para consumidores (B2C)<\/strong><br><strong>\u00c1mbito de aplicaci\u00f3n<\/strong><\/p><p>1.1. La relaci\u00f3n jur\u00eddica entre el vendedor y el comprador, que es un consumidor en el sentido de las disposiciones aplicables en materia de protecci\u00f3n de los consumidores, se rige por las presentes Condiciones Generales de Venta (CGV). La venta se realiza a personas f\u00edsicas con fines privados. <\/p><p>1.2. Todas las entregas y servicios del vendedor se prestan exclusivamente sobre la base de los siguientes t\u00e9rminos y condiciones.<\/p><p>1.3. Si alguna de las disposiciones de estas CGC no fuera v\u00e1lida, ello no afectar\u00e1 a la validez del resto de las disposiciones y de los contratos celebrados en base a las mismas.<\/p><p><strong>1. celebraci\u00f3n del contrato<\/strong><\/p><p>1.1. Las ofertas est\u00e1n sujetas a cambios, salvo que se designen expresamente como vinculantes.<\/p><p>1.2. El contrato se perfecciona cuando el vendedor confirma el pedido.<\/p><p><strong>2. entrega y env\u00edo<\/strong><\/p><p>2.1. Los plazos de entrega no son vinculantes a menos que se indiquen expresamente y se acuerden como vinculantes por escrito.<\/p><p>2.2. Los gastos de env\u00edo se muestran claramente en el proceso de pedido.<\/p><p>2.3. La transferencia del riesgo s\u00f3lo tiene lugar cuando la mercanc\u00eda se entrega al cliente o a una persona designada por el cliente que no act\u00faa como transportista (\u00a7 7b KSchG).<\/p><p><strong>3 Garant\u00eda y limitaci\u00f3n de responsabilidad<\/strong><\/p><p>3.1. Se aplicar\u00e1n las disposiciones legales de garant\u00eda de la Rep\u00fablica de Austria.<\/p><p>3.2. Los defectos en parte de la mercanc\u00eda entregada no dan derecho al cliente a rechazar toda la entrega.<\/p><p>3.3. El vendedor no ser\u00e1 responsable de los defectos causados por una manipulaci\u00f3n incorrecta de la mercanc\u00eda o por alterarla de cualquier forma.<\/p><p>3.4. Quedan excluidas las reclamaciones de indemnizaci\u00f3n por da\u00f1os materiales, salvo que los da\u00f1os hayan sido causados por dolo o negligencia grave del vendedor o de sus auxiliares ejecutivos. En caso de negligencia leve, el vendedor s\u00f3lo ser\u00e1 responsable de los da\u00f1os personales. Queda excluida la responsabilidad por lucro cesante.  <\/p><p>3.5. Las limitaciones anteriores tambi\u00e9n se aplican a las reclamaciones derivadas de obligaciones precontractuales o da\u00f1os consecuentes.<\/p><p><strong>4. derecho de cancelaci\u00f3n (venta a distancia)<\/strong><\/p><p>4.1. El comprador tiene derecho a rescindir este contrato en un plazo de catorce d\u00edas sin indicar motivo alguno.<\/p><p>4.2. El plazo de desistimiento es de catorce d\u00edas a partir del d\u00eda en que el comprador o un tercero nombrado por \u00e9l, que no sea el transportista, haya tomado posesi\u00f3n de la mercanc\u00eda.<\/p><p>4.3. Para ejercer el derecho de cancelaci\u00f3n, el comprador debe informar al vendedor mediante una declaraci\u00f3n clara (por ejemplo, carta o correo electr\u00f3nico) de la decisi\u00f3n de cancelar este contrato.<\/p><p>4.4. El comprador puede utilizar el modelo de formulario de cancelaci\u00f3n adjunto, pero no es obligatorio.<\/p><p><strong>5. precios y pago<\/strong><\/p><p>5.1. Todos los precios incluyen el IVA y los gastos de env\u00edo.<\/p><p>5.2. Salvo acuerdo en contrario, el pago se realizar\u00e1 por adelantado (pago anticipado). El importe de la factura se transferir\u00e1 sin deducciones a la cuenta especificada por el vendedor tras la recepci\u00f3n de la confirmaci\u00f3n del pedido. <\/p><p>5.3. La mercanc\u00eda s\u00f3lo se enviar\u00e1 o entregar\u00e1 una vez se haya recibido el pago \u00edntegro del importe de la factura en la cuenta del vendedor.<\/p><p>5.4. Se informa claramente al comprador sobre la forma de pago y la fecha de vencimiento durante el proceso de pedido.<\/p><p>5.5. En caso de demora en el pago, el vendedor tendr\u00e1 derecho a retener las entregas hasta que se haya efectuado el pago completo y a exigir los intereses de demora legales de acuerdo con el \u00a7 1333 ABGB.<\/p><p><strong>6. reserva de dominio<\/strong><\/p><p>Los bienes entregados siguen siendo propiedad del vendedor hasta que el precio de compra haya sido pagado en su totalidad.<\/p><p><strong>7 Jurisdicci\u00f3n y Derecho<\/strong><\/p><p>7.1. Se aplicar\u00e1 la legislaci\u00f3n austriaca con exclusi\u00f3n de las normas de conflicto de leyes y la Convenci\u00f3n de las Naciones Unidas sobre los Contratos de Compraventa Internacional de Mercader\u00edas (CISG).<\/p><p>7.2. El lugar de cumplimiento es el domicilio social del vendedor ([Viena]).<\/p><p>7.3. El art\u00edculo 14 de la KSchG se aplica a las acciones legales del consumidor: El fuero competente es el lugar de residencia del consumidor.<\/p><p><strong>C. Disposiciones comunes<\/strong><\/p><p>8. cl\u00e1usula de divisibilidad<br>En caso de que alguna de las disposiciones de estas CGC sea inv\u00e1lida en su totalidad o en parte, la validez de las disposiciones restantes no se ver\u00e1 afectada.<br>La disposici\u00f3n inv\u00e1lida ser\u00e1 sustituida por una disposici\u00f3n v\u00e1lida que se acerque lo m\u00e1s posible a la finalidad econ\u00f3mica.<\/p>\t\t\t\t\t\t\t\t<\/div>\n\t\t\t\t<\/div>\n\t\t\t\t\t<\/div>\n\t\t\t\t<\/div>\n\t\t\t\t<\/div>\n\t\t","protected":false},"excerpt":{"rendered":"<p>Condiciones generales Estas CGC se aplican a todos los contratos, entregas y otros servicios prestados por be.pure. e.U. (en adelante, \u00abVendedor\u00bb) a EmpresariosConsumidores en el sentido del art\u00edculo 1 de la KSchG (B2C) A. Normativa especial para empresarios (B2B) 1. \u00e1mbito de aplicaci\u00f3n 1.1. Estas Condiciones Generales (CGC) se aplican a todos los contratos, entregas [&hellip;]<\/p>\n","protected":false},"author":1,"featured_media":0,"parent":0,"menu_order":0,"comment_status":"closed","ping_status":"closed","template":"","meta":{"footnotes":""},"class_list":["post-4328","page","type-page","status-publish","hentry"],"_links":{"self":[{"href":"https:\/\/www.bepure-water.com\/es\/wp-json\/wp\/v2\/pages\/4328","targetHints":{"allow":["GET"]}}],"collection":[{"href":"https:\/\/www.bepure-water.com\/es\/wp-json\/wp\/v2\/pages"}],"about":[{"href":"https:\/\/www.bepure-water.com\/es\/wp-json\/wp\/v2\/types\/page"}],"author":[{"embeddable":true,"href":"https:\/\/www.bepure-water.com\/es\/wp-json\/wp\/v2\/users\/1"}],"replies":[{"embeddable":true,"href":"https:\/\/www.bepure-water.com\/es\/wp-json\/wp\/v2\/comments?post=4328"}],"version-history":[{"count":4,"href":"https:\/\/www.bepure-water.com\/es\/wp-json\/wp\/v2\/pages\/4328\/revisions"}],"predecessor-version":[{"id":4337,"href":"https:\/\/www.bepure-water.com\/es\/wp-json\/wp\/v2\/pages\/4328\/revisions\/4337"}],"wp:attachment":[{"href":"https:\/\/www.bepure-water.com\/es\/wp-json\/wp\/v2\/media?parent=4328"}],"curies":[{"name":"wp","href":"https:\/\/api.w.org\/{rel}","templated":true}]}}