{"id":4322,"date":"2025-06-30T22:28:18","date_gmt":"2025-06-30T20:28:18","guid":{"rendered":"https:\/\/www.bepure-water.com\/proteccion-de-datos\/"},"modified":"2026-02-23T22:49:33","modified_gmt":"2026-02-23T21:49:33","slug":"proteccion-de-datos","status":"publish","type":"page","link":"https:\/\/www.bepure-water.com\/es\/proteccion-de-datos\/","title":{"rendered":"Protecci\u00f3n de datos"},"content":{"rendered":"\t\t<div data-elementor-type=\"wp-page\" data-elementor-id=\"4322\" class=\"elementor elementor-4322 elementor-1596\" data-elementor-post-type=\"page\">\n\t\t\t\t<div class=\"elementor-element elementor-element-8a683e6 e-flex e-con-boxed e-con e-parent\" data-id=\"8a683e6\" data-element_type=\"container\" data-e-type=\"container\" data-settings=\"{&quot;background_background&quot;:&quot;classic&quot;}\">\n\t\t\t\t\t<div class=\"e-con-inner\">\n\t\t\t\t<div class=\"elementor-element elementor-element-0121407 elementor-widget elementor-widget-heading\" data-id=\"0121407\" data-element_type=\"widget\" data-e-type=\"widget\" data-widget_type=\"heading.default\">\n\t\t\t\t<div class=\"elementor-widget-container\">\n\t\t\t\t\t<h2 class=\"elementor-heading-title elementor-size-default\">Pol\u00edtica de privacidad<\/h2>\t\t\t\t<\/div>\n\t\t\t\t<\/div>\n\t\t\t\t\t<\/div>\n\t\t\t\t<\/div>\n\t\t<div class=\"elementor-element elementor-element-b388837 e-flex e-con-boxed e-con e-parent\" data-id=\"b388837\" data-element_type=\"container\" data-e-type=\"container\">\n\t\t\t\t\t<div class=\"e-con-inner\">\n\t\t\t\t<div class=\"elementor-element elementor-element-cf8200d elementor-widget elementor-widget-text-editor\" data-id=\"cf8200d\" data-element_type=\"widget\" data-e-type=\"widget\" data-widget_type=\"text-editor.default\">\n\t\t\t\t<div class=\"elementor-widget-container\">\n\t\t\t\t\t\t\t\t\t<div><p class=\"TextA\"><span lang=\"DE\">Pol\u00edtica de privacidad de acuerdo con el Art. 13 GDPR (B2B)<\/span><\/p><\/div><div><p class=\"TextA\"><span lang=\"DE\">Nos tomamos muy en serio la protecci\u00f3n de tus datos personales. A continuaci\u00f3n te informamos sobre el tipo, alcance y finalidad del tratamiento de datos personales en el contexto de nuestro sitio web y nuestra relaci\u00f3n comercial. <\/span><\/p><\/div><div><p class=\"TextA\"><span lang=\"DE\">1er responsable be.pure e.U.<\/span><\/p><p><strong>Direcci\u00f3n de facturaci\u00f3n:<br><\/strong><span lang=\"DE\">Gro\u00dfe Sperlgasse 8\/2\/34 <br>1020 Viena<br>Austria<\/span><\/p><p class=\"TextA\"><span lang=\"NL\">+4369917181777<\/span><\/p><p class=\"TextA\"><span lang=\"DE\">office@bepure-water.com<\/span><\/p><\/div><div><p class=\"TextA\"><span lang=\"DE\"> <\/span><\/p><\/div><div><p class=\"TextA\"><span lang=\"DE\">2 Fines y bases jur\u00eddicas del procesamiento Procesamos datos personales (p. ej. nombre, direcci\u00f3n de correo electr\u00f3nico, n\u00famero de tel\u00e9fono) exclusivamente para procesar consultas, para la aplicaci\u00f3n de medidas precontractuales y para la prestaci\u00f3n de nuestros servicios contractuales (Art. 6 p\u00e1rr. 1 lit. b GDPR). En caso de inter\u00e9s leg\u00edtimo (por ejemplo, publicidad directa), el tratamiento se lleva a cabo sobre la base del Art. 6 p\u00e1rr. 1 lit. f GDPR.   <\/span><\/p><\/div><div><p class=\"TextA\"><span lang=\"DE\"> <\/span><\/p><\/div><div><p class=\"TextA\"><span lang=\"DE\">3. los destinatarios de los datos s\u00f3lo se transmiten a terceros si es necesario para el cumplimiento del contrato (por ejemplo, proveedores de servicios inform\u00e1ticos, empresas de transporte, asesores fiscales) o si existe una obligaci\u00f3n legal de hacerlo.<\/span><\/p><\/div><div><p class=\"TextA\"><span lang=\"DE\"> <\/span><\/p><\/div><div><p class=\"TextA\"><span lang=\"DE\">4. duraci\u00f3n del almacenamiento Los datos personales s\u00f3lo se almacenar\u00e1n durante el tiempo que sea necesario para cumplir el prop\u00f3sito respectivo. Las obligaciones de conservaci\u00f3n derivadas del derecho fiscal y mercantil no se ver\u00e1n afectadas. <\/span><\/p><\/div><div><p class=\"TextA\"><span lang=\"DE\"> <\/span><\/p><\/div><div><p class=\"TextA\"><span lang=\"DE\">5. tus derechos Tienes derecho de acceso, rectificaci\u00f3n, supresi\u00f3n y limitaci\u00f3n del tratamiento en cualquier momento.<\/span><span lang=\"SV\">\u00f6<\/span><span lang=\"DE\">Tienes derecho a solicitar la supresi\u00f3n, la limitaci\u00f3n del tratamiento, la portabilidad de los datos y a oponerte al tratamiento. Si consideras que el tratamiento infringe la legislaci\u00f3n aplicable en materia de protecci\u00f3n de datos, puedes <\/span><span lang=\"SV\">\u00f6<\/span><span lang=\"DE\">Puedes ponerte en contacto con la Autoridad Austriaca de Protecci\u00f3n de Datos<\/span><span lang=\"SV\">\u00f6<\/span><span lang=\"DE\">Autoridad de Protecci\u00f3n de Datos: <\/span><span lang=\"DE\"><a href=\"http:\/\/www.dsb.gv.at\/\"><span class=\"Hyperlink0\">www.dsb.gv.at<\/span><\/a><\/span><\/p><\/div><div><p class=\"TextA\"><span lang=\"DE\"> <\/span><\/p><\/div><div><p class=\"TextA\"><span lang=\"DE\">6. ponerse en contacto con nosotros Si te pones en contacto con nosotros por correo electr\u00f3nico o mediante el formulario de contacto, los datos que nos proporciones se almacenar\u00e1n con el fin de procesar la consulta y en caso de preguntas de seguimiento. No transmitiremos estos datos sin tu consentimiento. <\/span><\/p><\/div><div><p class=\"TextA\"><span lang=\"DE\"> <\/span><\/p><\/div><div><p class=\"TextA\"><span lang=\"DE\">7 Cookies y archivos de registro del servidor Nuestro sitio web no utiliza cookies para realizar an\u00e1lisis. El servidor web almacena autom\u00e1ticamente informaci\u00f3n como la direcci\u00f3n IP, el tipo de navegador y la hora de acceso en los llamados archivos de registro del servidor. Estos datos se utilizan para la supervisi\u00f3n t\u00e9cnica y no se fusionan con otras fuentes de datos.  <\/span><\/p><\/div><div><p class=\"TextA\"><span lang=\"DE\"> <\/span><\/p><\/div><div><p class=\"TextA\"><span lang=\"DE\">8. bolet\u00edn informativo (si se utiliza) Si te registras en nuestro bolet\u00edn informativo, utilizaremos tus datos exclusivamente para enviar nuestro bolet\u00edn informativo. Puedes revocar tu consentimiento en cualquier momento. <\/span><\/p><\/div><div><p class=\"TextA\"><span lang=\"DE\"> <\/span><\/p><\/div><div><p class=\"TextA\"><span lang=\"DE\">9 Encriptaci\u00f3n SSL Nuestro sitio web utiliza encriptaci\u00f3n SSL por razones de seguridad. Puedes reconocer una conexi\u00f3n encriptada por el \u00abhttps:\/\/\u00bb en la barra de direcciones de tu navegador. <\/span><\/p><\/div><div><p class=\"TextA\"><span lang=\"DE\"> <\/span><\/p><\/div><div><p class=\"TextA\"><span lang=\"DE\">10. estado de la pol\u00edtica de privacidad Esta pol\u00edtica de privacidad est\u00e1 fechada en agosto de 2025 y nos reservamos el derecho de actualizarla si es necesario <\/span><\/p><\/div>\t\t\t\t\t\t\t\t<\/div>\n\t\t\t\t<\/div>\n\t\t\t\t\t<\/div>\n\t\t\t\t<\/div>\n\t\t\t\t<\/div>\n\t\t","protected":false},"excerpt":{"rendered":"<p>Pol\u00edtica de privacidad Pol\u00edtica de privacidad de acuerdo con el Art. 13 GDPR (B2B) Nos tomamos muy en serio la protecci\u00f3n de tus datos personales. A continuaci\u00f3n te informamos sobre el tipo, alcance y finalidad del tratamiento de datos personales en el contexto de nuestro sitio web y nuestra relaci\u00f3n comercial. 1er responsable be.pure e.U. [&hellip;]<\/p>\n","protected":false},"author":1,"featured_media":0,"parent":0,"menu_order":0,"comment_status":"closed","ping_status":"closed","template":"","meta":{"footnotes":""},"class_list":["post-4322","page","type-page","status-publish","hentry"],"_links":{"self":[{"href":"https:\/\/www.bepure-water.com\/es\/wp-json\/wp\/v2\/pages\/4322","targetHints":{"allow":["GET"]}}],"collection":[{"href":"https:\/\/www.bepure-water.com\/es\/wp-json\/wp\/v2\/pages"}],"about":[{"href":"https:\/\/www.bepure-water.com\/es\/wp-json\/wp\/v2\/types\/page"}],"author":[{"embeddable":true,"href":"https:\/\/www.bepure-water.com\/es\/wp-json\/wp\/v2\/users\/1"}],"replies":[{"embeddable":true,"href":"https:\/\/www.bepure-water.com\/es\/wp-json\/wp\/v2\/comments?post=4322"}],"version-history":[{"count":1,"href":"https:\/\/www.bepure-water.com\/es\/wp-json\/wp\/v2\/pages\/4322\/revisions"}],"predecessor-version":[{"id":4324,"href":"https:\/\/www.bepure-water.com\/es\/wp-json\/wp\/v2\/pages\/4322\/revisions\/4324"}],"wp:attachment":[{"href":"https:\/\/www.bepure-water.com\/es\/wp-json\/wp\/v2\/media?parent=4322"}],"curies":[{"name":"wp","href":"https:\/\/api.w.org\/{rel}","templated":true}]}}