{"id":4299,"date":"2025-06-30T22:28:45","date_gmt":"2025-06-30T20:28:45","guid":{"rendered":"https:\/\/www.bepure-water.com\/envio-y-pago\/"},"modified":"2026-02-23T22:49:30","modified_gmt":"2026-02-23T21:49:30","slug":"envio-y-pago","status":"publish","type":"page","link":"https:\/\/www.bepure-water.com\/es\/envio-y-pago\/","title":{"rendered":"Env\u00edo y pago"},"content":{"rendered":"\t\t<div data-elementor-type=\"wp-page\" data-elementor-id=\"4299\" class=\"elementor elementor-4299 elementor-1599\" data-elementor-post-type=\"page\">\n\t\t\t\t<div class=\"elementor-element elementor-element-a1c8d38 e-flex e-con-boxed e-con e-parent\" data-id=\"a1c8d38\" data-element_type=\"container\" data-e-type=\"container\" data-settings=\"{&quot;background_background&quot;:&quot;classic&quot;}\">\n\t\t\t\t\t<div class=\"e-con-inner\">\n\t\t\t\t<div class=\"elementor-element elementor-element-64e2538 elementor-widget elementor-widget-heading\" data-id=\"64e2538\" data-element_type=\"widget\" data-e-type=\"widget\" data-widget_type=\"heading.default\">\n\t\t\t\t<div class=\"elementor-widget-container\">\n\t\t\t\t\t<h2 class=\"elementor-heading-title elementor-size-default\">Env\u00edo y pago<\/h2>\t\t\t\t<\/div>\n\t\t\t\t<\/div>\n\t\t\t\t\t<\/div>\n\t\t\t\t<\/div>\n\t\t<div class=\"elementor-element elementor-element-e23107d e-flex e-con-boxed e-con e-parent\" data-id=\"e23107d\" data-element_type=\"container\" data-e-type=\"container\">\n\t\t\t\t\t<div class=\"e-con-inner\">\n\t\t\t\t<div class=\"elementor-element elementor-element-5efa62f elementor-widget elementor-widget-text-editor\" data-id=\"5efa62f\" data-element_type=\"widget\" data-e-type=\"widget\" data-widget_type=\"text-editor.default\">\n\t\t\t\t<div class=\"elementor-widget-container\">\n\t\t\t\t\t\t\t\t\t<p><strong>Env\u00edos B2B<\/strong><\/p><p><strong>Condiciones de entrega<\/strong><br>La entrega se realiza siempre en f\u00e1brica \/ almac\u00e9n (EXW, Austria o Alemania). El comprador organiza \u00e9l mismo el transporte de la mercanc\u00eda y asume todos los costes y riesgos asociados. <\/p><p>Los plazos de entrega no son vinculantes, salvo que se indiquen expresamente y se acuerden como vinculantes por escrito.<br>El riesgo se transfiere al comprador cuando la mercanc\u00eda se entrega al transportista (\u00a7 429 ABGB).<\/p><p>Nuestra obligaci\u00f3n de entrega finaliza con la entrega de la mercanc\u00eda en el lugar de entrega dentro de la UE. Cualquier entrega posterior a terceros pa\u00edses, incluidas todas las formalidades aduaneras y de exportaci\u00f3n asociadas, ser\u00e1 responsabilidad y obligaci\u00f3n exclusiva del cliente y correr\u00e1 a su cargo. <\/p><p><strong>Env\u00edo a petici\u00f3n del comprador<\/strong><\/p><p>A petici\u00f3n expresa del Comprador, el Vendedor podr\u00e1 disponer el env\u00edo de la mercanc\u00eda. En este caso, la entrega tambi\u00e9n se considerar\u00e1 \u00aben f\u00e1brica\u00bb. La transferencia del riesgo tiene lugar cuando la mercanc\u00eda se entrega al transportista o transitario encargado por el vendedor. Los gastos de env\u00edo se calculan espec\u00edficamente en funci\u00f3n del tama\u00f1o, el peso y el plazo de entrega, y s\u00f3lo se facturan tras la recepci\u00f3n del pedido.   <\/p><p><strong>Transferencia del riesgo<\/strong><br>El riesgo de destrucci\u00f3n accidental, p\u00e9rdida o da\u00f1o de las mercanc\u00edas se transmitir\u00e1 al comprador cuando las mercanc\u00edas se pongan a disposici\u00f3n en el establecimiento del vendedor o, a m\u00e1s tardar, cuando se entreguen al transportista. ( 3 429 ABGB )<br>Fechas y plazos de entrega<br>Las fechas y plazos de entrega acordados est\u00e1n sujetos a acontecimientos imprevisibles, fuerza mayor o retrasos causados por terceros (por ejemplo, proveedores, transportistas).<br>B2C <\/p><p>Realizamos env\u00edos con varios transportistas y siempre seleccionamos la opci\u00f3n de env\u00edo m\u00e1s rentable para ti.<\/p><p>Los gastos de env\u00edo se calculan en funci\u00f3n del peso y las dimensiones del pedido y se muestran por separado en la factura.<\/p><p>Los plazos de entrega no son vinculantes a menos que se indiquen expresamente y se acuerden como vinculantes por escrito.<\/p><p>La transferencia del riesgo tiene lugar cuando la mercanc\u00eda se entrega al cliente o a un tercero designado por el cliente que no act\u00faa como transportista.<\/p><p style=\"caret-color: #000000; color: #000000; letter-spacing: normal;\"><strong>Precios, condiciones de pago y env\u00edo<\/strong><\/p><ol><li><span style=\"font-family: var( --e-global-typography-text-font-family ), Sans-serif; font-size: var( --e-global-typography-text-font-size ); text-align: var(--text-align);\">Todos los precios son netos, m\u00e1s el IVA legal y los gastos de env\u00edo.<\/span><\/li><li><span style=\"font-family: var( --e-global-typography-text-font-family ), Sans-serif; font-size: var( --e-global-typography-text-font-size ); text-align: var(--text-align);\">Salvo que se acuerde otra cosa por escrito, el pago se realizar\u00e1 por adelantado (pago anticipado). El importe de la factura se transferir\u00e1 sin deducciones a la cuenta especificada por el vendedor tras la recepci\u00f3n de la confirmaci\u00f3n del pedido o la factura. Cualquier otra cosa requiere un acuerdo por escrito.  <\/span><\/li><li><span style=\"font-family: var( --e-global-typography-text-font-family ), Sans-serif; font-size: var( --e-global-typography-text-font-size ); text-align: var(--text-align);\">La mercanc\u00eda s\u00f3lo se enviar\u00e1 o entregar\u00e1 una vez se haya recibido el pago \u00edntegro del importe de la factura en la cuenta del vendedor.<\/span><\/li><li><span style=\"font-family: var( --e-global-typography-text-font-family ), Sans-serif; font-size: var( --e-global-typography-text-font-size ); text-align: var(--text-align);\">En caso de demora en el pago, el vendedor tendr\u00e1 derecho a retener las entregas hasta que se haya efectuado el pago completo y a cobrar los intereses de demora legales de acuerdo con el \u00a7 456 UGB. Otras reclamaciones, en particular por da\u00f1os y perjuicios, no se ver\u00e1n afectadas. <\/span><\/li><\/ol><div> <\/div><p><strong>Normativa especial para consumidores (B2C)<\/strong><\/p><p><strong>1. entrega y env\u00edo<\/strong><\/p><p>1.1. Los plazos de entrega no son vinculantes a menos que se indiquen expresamente y se acuerden como vinculantes por escrito.<\/p><p>1.2. Los gastos de env\u00edo se muestran claramente en el proceso de pedido.<\/p><p>1.3. La transferencia del riesgo s\u00f3lo tiene lugar cuando la mercanc\u00eda se entrega al cliente o a una persona designada por el cliente que no act\u00faa como transportista (\u00a7 7b KSchG).<\/p><p><strong>2. precios y pago<\/strong><\/p><p>2.1. Todos los precios incluyen el IVA y los gastos de env\u00edo.<\/p><p>2.2. Salvo acuerdo en contrario, el pago se realizar\u00e1 por adelantado (pago anticipado). El importe de la factura se transferir\u00e1 sin deducciones a la cuenta especificada por el vendedor tras la recepci\u00f3n de la confirmaci\u00f3n del pedido. <\/p><p>2.3. La mercanc\u00eda s\u00f3lo se enviar\u00e1 o entregar\u00e1 una vez se haya recibido el pago \u00edntegro del importe de la factura en la cuenta del vendedor.<\/p><p>2.4. Se informa claramente al comprador sobre la forma de pago y la fecha de vencimiento durante el proceso de pedido.<\/p><p>2.5. En caso de demora en el pago, el vendedor tendr\u00e1 derecho a retener las entregas hasta que se haya efectuado el pago completo y a exigir los intereses de demora legales de acuerdo con el \u00a7 1333 ABGB.<\/p>\t\t\t\t\t\t\t\t<\/div>\n\t\t\t\t<\/div>\n\t\t\t\t\t<\/div>\n\t\t\t\t<\/div>\n\t\t\t\t<\/div>\n\t\t","protected":false},"excerpt":{"rendered":"<p>Env\u00edo y pago Env\u00edos B2B Condiciones de entregaLa entrega se realiza siempre en f\u00e1brica \/ almac\u00e9n (EXW, Austria o Alemania). El comprador organiza \u00e9l mismo el transporte de la mercanc\u00eda y asume todos los costes y riesgos asociados. Los plazos de entrega no son vinculantes, salvo que se indiquen expresamente y se acuerden como vinculantes [&hellip;]<\/p>\n","protected":false},"author":1,"featured_media":0,"parent":0,"menu_order":0,"comment_status":"closed","ping_status":"closed","template":"","meta":{"footnotes":""},"class_list":["post-4299","page","type-page","status-publish","hentry"],"_links":{"self":[{"href":"https:\/\/www.bepure-water.com\/es\/wp-json\/wp\/v2\/pages\/4299","targetHints":{"allow":["GET"]}}],"collection":[{"href":"https:\/\/www.bepure-water.com\/es\/wp-json\/wp\/v2\/pages"}],"about":[{"href":"https:\/\/www.bepure-water.com\/es\/wp-json\/wp\/v2\/types\/page"}],"author":[{"embeddable":true,"href":"https:\/\/www.bepure-water.com\/es\/wp-json\/wp\/v2\/users\/1"}],"replies":[{"embeddable":true,"href":"https:\/\/www.bepure-water.com\/es\/wp-json\/wp\/v2\/comments?post=4299"}],"version-history":[{"count":4,"href":"https:\/\/www.bepure-water.com\/es\/wp-json\/wp\/v2\/pages\/4299\/revisions"}],"predecessor-version":[{"id":4320,"href":"https:\/\/www.bepure-water.com\/es\/wp-json\/wp\/v2\/pages\/4299\/revisions\/4320"}],"wp:attachment":[{"href":"https:\/\/www.bepure-water.com\/es\/wp-json\/wp\/v2\/media?parent=4299"}],"curies":[{"name":"wp","href":"https:\/\/api.w.org\/{rel}","templated":true}]}}