{"id":3965,"date":"2025-06-30T22:08:26","date_gmt":"2025-06-30T20:08:26","guid":{"rendered":"https:\/\/www.bepure-water.com\/autocaravanas\/"},"modified":"2026-02-23T21:36:59","modified_gmt":"2026-02-23T20:36:59","slug":"autocaravanas","status":"publish","type":"page","link":"https:\/\/www.bepure-water.com\/es\/autocaravanas\/","title":{"rendered":"Autocaravanas"},"content":{"rendered":"\t\t<div data-elementor-type=\"wp-page\" data-elementor-id=\"3965\" class=\"elementor elementor-3965 elementor-1531\" data-elementor-post-type=\"page\">\n\t\t\t\t<div class=\"elementor-element elementor-element-9ca284a e-con-full e-flex e-con e-parent\" data-id=\"9ca284a\" data-element_type=\"container\" data-e-type=\"container\">\n\t\t\t\t<div class=\"elementor-element elementor-element-687c5f2 elementor-widget elementor-widget-slider_revolution\" data-id=\"687c5f2\" data-element_type=\"widget\" data-e-type=\"widget\" data-widget_type=\"slider_revolution.default\">\n\t\t\t\t<div class=\"elementor-widget-container\">\n\t\t\t\t\t\n\t\t<div class=\"wp-block-themepunch-revslider\">\n\t\t\t\t<p class=\"rs-p-wp-fix\"><\/p>\n\t\t\t\t<sr7-module data-alias=\"tiny-houses-2-0-1\" data-id=\"28\" id=\"SR7_28_1\" class=\"rs-ov-hidden\" data-version=\"6.7.41\">\n\t\t\t\t\t<sr7-adjuster><\/sr7-adjuster>\n\t\t\t\t\t<sr7-content>\n\t\t\t\t\t\t<sr7-slide id=\"SR7_28_1-134\" data-key=\"134\">\n\t\t\t\t\t\t\t<sr7-bg id=\"SR7_28_1-134-8\" class=\"sr7-layer\"><noscript><img decoding=\"async\" src=\"https:\/\/www.bepure-water.com\/wp-content\/uploads\/2025\/11\/bepure-1.jpg\" alt=\"\" title=\"bepure-1\"><\/noscript><\/sr7-bg>\n\t\t\t\t\t\t\t<h1 id=\"SR7_28_1-134-0\" class=\"sr7-layer\">AGUA POTABLE COMO DE FUENTE \u2013 PARA AUTOCARAVANAS<\/h1>\n\t\t\t\t\t\t\t<sr7-txt id=\"SR7_28_1-134-5\" class=\"sr7-layer\"><b>La filtraci\u00f3n ultrafina se une a la mineralizaci\u00f3n inteligente<\/b><br><br><\/sr7-txt>\n\t\t\t\t\t\t\t<sr7-txt id=\"SR7_28_1-134-6\" class=\"sr7-layer\">be.pure lleva la innovadora tecnolog\u00eda de tratamiento de agua directamente a tu autocaravana.<br><br><br \/>\nEl sistema ENYA utiliza aguas grises o agua de lluvia para producir agua potable mineralizada con el sabor caracter\u00edstico de be.pure.<br \/>\n<br><br>El coraz\u00f3n del sistema es la unidad de \u00f3smosis inversa ENYA 2.0 de \u00faltima generaci\u00f3n, combinada con una unidad de mineralizaci\u00f3n especializada.<br \/>\nJuntas, proporcionan la mejor agua potable, de forma directa y flexible durante el viaje. Las ventajas de un vistazo.<\/sr7-txt>\n\t\t\t\t\t\t<\/sr7-slide>\n\t\t\t\t\t\t<sr7-slide id=\"SR7_28_1-74\" data-key=\"74\">\n\t\t\t\t\t\t<\/sr7-slide>\n\t\t\t\t\t<\/sr7-content>\n\t\t\t\t\t<image_lists style=\"display:none\">\n\t\t\t\t\t\t<img data-src=\"\/\/www.bepure-water.com\/wp-content\/uploads\/2025\/11\/bepure-1.jpg\" data-libid=\"2902\" data-lib=\"medialibrary\" title=\"bepure-1\" width=\"0\" height=\"0\" data-dbsrc=\"Ly93d3cuYmVwdXJlLXdhdGVyLmNvbS93cC1jb250ZW50L3VwbG9hZHMvMjAyNS8xMS9iZXB1cmUtMS5qcGc=\"\/>\n\t\t\t\t\t<\/image_lists>\n\t\t\t\t<\/sr7-module>\n\t\t\t\t<script>\n\t\t\t\t\tSR7.PMH ??={}; SR7.PMH[\"SR7_28_1\"] = {cn:100,state:false,fn: function() { if (_tpt!==undefined && _tpt.prepareModuleHeight !== undefined) {  _tpt.prepareModuleHeight({id:\"SR7_28_1\",el:[1272,1272,1272,1272,796],type:'hero',shdw:'0',gh:[600,600,600,600,720],gw:[1240,1240,1240,1240,480],vpt:['-100px&#039;,&#039;-100px&#039;,&#039;-100px&#039;,&#039;-100px&#039;,&#039;-100px'],size:{fullWidth:true, fullHeight:true},fho:'',mh:'0',onh:0,onw:0,bg:{color:'{\"orig\":\"transparent\",\"type\":\"solid\",\"string\":\"transparent\"}'}});   SR7.PMH[\"SR7_28_1\"].state=true;} else if(SR7.PMH[\"SR7_28_1\"].cn-->0)\tsetTimeout( SR7.PMH[\"SR7_28_1\"].fn,19);}};SR7.PMH[\"SR7_28_1\" ].fn();\n\t\t\t\t<\/script>\n<\/div>\n\n\t\t\t\t\t\t<\/div>\n\t\t\t\t<\/div>\n\t\t\t\t<\/div>\n\t\t<div class=\"elementor-element elementor-element-6591e6a e-flex e-con-boxed e-con e-parent\" data-id=\"6591e6a\" data-element_type=\"container\" data-e-type=\"container\" data-settings=\"{&quot;background_background&quot;:&quot;classic&quot;}\">\n\t\t\t\t\t<div class=\"e-con-inner\">\n\t\t<div class=\"elementor-element elementor-element-513806d e-con-full e-flex e-con e-child\" data-id=\"513806d\" data-element_type=\"container\" data-e-type=\"container\" data-settings=\"{&quot;background_background&quot;:&quot;classic&quot;}\">\n\t\t\t\t<\/div>\n\t\t<div class=\"elementor-element elementor-element-82e0a96 e-con-full e-flex e-con e-child\" data-id=\"82e0a96\" data-element_type=\"container\" data-e-type=\"container\" data-settings=\"{&quot;background_background&quot;:&quot;classic&quot;}\">\n\t\t\t\t<div class=\"elementor-element elementor-element-08d7cbb elementor-widget elementor-widget-heading\" data-id=\"08d7cbb\" data-element_type=\"widget\" data-e-type=\"widget\" data-widget_type=\"heading.default\">\n\t\t\t\t<div class=\"elementor-widget-container\">\n\t\t\t\t\t<h2 class=\"elementor-heading-title elementor-size-default\">Las ventajas de un vistazo<\/h2>\t\t\t\t<\/div>\n\t\t\t\t<\/div>\n\t\t\t\t<div class=\"elementor-element elementor-element-fa4cb0e elementor-widget-divider--view-line elementor-widget elementor-widget-divider\" data-id=\"fa4cb0e\" data-element_type=\"widget\" data-e-type=\"widget\" data-widget_type=\"divider.default\">\n\t\t\t\t<div class=\"elementor-widget-container\">\n\t\t\t\t\t\t\t<div class=\"elementor-divider\">\n\t\t\t<span class=\"elementor-divider-separator\">\n\t\t\t\t\t\t<\/span>\n\t\t<\/div>\n\t\t\t\t\t\t<\/div>\n\t\t\t\t<\/div>\n\t\t\t\t<div class=\"elementor-element elementor-element-206807a elementor-widget elementor-widget-text-editor\" data-id=\"206807a\" data-element_type=\"widget\" data-e-type=\"widget\" data-widget_type=\"text-editor.default\">\n\t\t\t\t<div class=\"elementor-widget-container\">\n\t\t\t\t\t\t\t\t\t<p>Con una finura de filtrado de 0,1 nan\u00f3metros, el sistema elimina incluso las impurezas m\u00e1s finas, como nitratos y pesticidas, bacterias y virus, hormonas, residuos de medicamentos, metales pesados, micropl\u00e1sticos y PFAS (un grupo de sustancias qu\u00edmicas nocivas). <br>Tras la purificaci\u00f3n, el agua se enriquece espec\u00edficamente con minerales esenciales como el calcio y el magnesio, para una experiencia de sabor fresco, natural y puro.<br>Con be.pure, obtienes dos tecnolog\u00edas centrales en un sistema compacto: filtraci\u00f3n molecular y mineralizaci\u00f3n dirigida. Esta combinaci\u00f3n garantiza un agua potable cristalina, sana y sabrosa, ideal para los conceptos de vida m\u00f3vil. <\/p><ul class=\"checklist-css\"><li>Suministro de agua autosuficiente &#8211; independiente de los campings<\/li><li>Filtraci\u00f3n en profundidad: elimina incluso los contaminantes invisibles<\/li><li>Agua pura y fiable, en cualquier momento y lugar<\/li><li>Sabor fresco &#8211; naturalmente mineralizado como el del manantial<\/li><li>Sistema que ahorra espacio: ideal para autocaravanas y cuando viajas<\/li><\/ul><p>Tanto si est\u00e1s de viaje por carretera, como si viajas por libre o en una parcela: be.pure te garantiza la mejor calidad de agua pura, sin compromisos. Perfecto para cualquiera que valore la salud, la sostenibilidad y la tecnolog\u00eda moderna cuando viaja. <\/p>\t\t\t\t\t\t\t\t<\/div>\n\t\t\t\t<\/div>\n\t\t<div class=\"elementor-element elementor-element-32e89fd e-con-full e-flex e-con e-child\" data-id=\"32e89fd\" data-element_type=\"container\" data-e-type=\"container\">\n\t\t<div class=\"elementor-element elementor-element-00625ea e-con-full e-flex e-con e-child\" data-id=\"00625ea\" data-element_type=\"container\" data-e-type=\"container\">\n\t\t\t\t<div class=\"elementor-element elementor-element-ba33cf1 elementor-align-justify elementor-widget elementor-widget-button\" data-id=\"ba33cf1\" data-element_type=\"widget\" data-e-type=\"widget\" data-widget_type=\"button.default\">\n\t\t\t\t<div class=\"elementor-widget-container\">\n\t\t\t\t\t\t\t\t\t<div class=\"elementor-button-wrapper\">\n\t\t\t\t\t<a class=\"elementor-button elementor-button-link elementor-size-sm\" href=\"https:\/\/www.bepure-water.com\/wp-content\/uploads\/2026\/01\/bepure-katalog-ES-web.pdf\" target=\"_blank\">\n\t\t\t\t\t\t<span class=\"elementor-button-content-wrapper\">\n\t\t\t\t\t\t\t\t\t<span class=\"elementor-button-text\">cat\u00e1logo be.pure water<\/span>\n\t\t\t\t\t<\/span>\n\t\t\t\t\t<\/a>\n\t\t\t\t<\/div>\n\t\t\t\t\t\t\t\t<\/div>\n\t\t\t\t<\/div>\n\t\t\t\t<\/div>\n\t\t<div class=\"elementor-element elementor-element-b04daa1 e-con-full e-flex e-con e-child\" data-id=\"b04daa1\" data-element_type=\"container\" data-e-type=\"container\">\n\t\t\t\t<div class=\"elementor-element elementor-element-23835e5 elementor-align-justify elementor-widget elementor-widget-button\" data-id=\"23835e5\" data-element_type=\"widget\" data-e-type=\"widget\" data-widget_type=\"button.default\">\n\t\t\t\t<div class=\"elementor-widget-container\">\n\t\t\t\t\t\t\t\t\t<div class=\"elementor-button-wrapper\">\n\t\t\t\t\t<a class=\"elementor-button elementor-button-link elementor-size-sm\" href=\"https:\/\/www.bepure-water.com\/technologie-2\/\">\n\t\t\t\t\t\t<span class=\"elementor-button-content-wrapper\">\n\t\t\t\t\t\t\t\t\t<span class=\"elementor-button-text\">Tecnolog\u00eda<\/span>\n\t\t\t\t\t<\/span>\n\t\t\t\t\t<\/a>\n\t\t\t\t<\/div>\n\t\t\t\t\t\t\t\t<\/div>\n\t\t\t\t<\/div>\n\t\t\t\t<\/div>\n\t\t\t\t<\/div>\n\t\t\t\t<\/div>\n\t\t\t\t\t<\/div>\n\t\t\t\t<\/div>\n\t\t<div class=\"elementor-element elementor-element-ac8656a e-flex e-con-boxed e-con e-parent\" data-id=\"ac8656a\" data-element_type=\"container\" data-e-type=\"container\" data-settings=\"{&quot;background_background&quot;:&quot;classic&quot;}\">\n\t\t\t\t\t<div class=\"e-con-inner\">\n\t\t\t\t<div class=\"elementor-element elementor-element-25dac0a elementor-widget elementor-widget-heading\" data-id=\"25dac0a\" data-element_type=\"widget\" data-e-type=\"widget\" data-widget_type=\"heading.default\">\n\t\t\t\t<div class=\"elementor-widget-container\">\n\t\t\t\t\t<h2 class=\"elementor-heading-title elementor-size-default\">Sin pl\u00e1stico - Planeta verde<\/h2>\t\t\t\t<\/div>\n\t\t\t\t<\/div>\n\t\t\t\t<div class=\"elementor-element elementor-element-12be393 elementor-widget elementor-widget-text-editor\" data-id=\"12be393\" data-element_type=\"widget\" data-e-type=\"widget\" data-widget_type=\"text-editor.default\">\n\t\t\t\t<div class=\"elementor-widget-container\">\n\t\t\t\t\t\t\t\t\t\u00bfCompartes nuestra visi\u00f3n del agua potable pura, clara y mineralizada a bordo, en una casita o en una casa m\u00f3vil? be.pure tiene la soluci\u00f3n adecuada para cada uno de tus proyectos. \t\t\t\t\t\t\t\t<\/div>\n\t\t\t\t<\/div>\n\t\t\t\t<div class=\"elementor-element elementor-element-76230e8 elementor-align-center elementor-widget elementor-widget-button\" data-id=\"76230e8\" data-element_type=\"widget\" data-e-type=\"widget\" data-widget_type=\"button.default\">\n\t\t\t\t<div class=\"elementor-widget-container\">\n\t\t\t\t\t\t\t\t\t<div class=\"elementor-button-wrapper\">\n\t\t\t\t\t<a class=\"elementor-button elementor-button-link elementor-size-sm\" href=\"https:\/\/www.bepure-water.com\/es\/contacta-con-nosotros\/\">\n\t\t\t\t\t\t<span class=\"elementor-button-content-wrapper\">\n\t\t\t\t\t\t\t\t\t<span class=\"elementor-button-text\">Solicita ahora una consulta gratuita<\/span>\n\t\t\t\t\t<\/span>\n\t\t\t\t\t<\/a>\n\t\t\t\t<\/div>\n\t\t\t\t\t\t\t\t<\/div>\n\t\t\t\t<\/div>\n\t\t\t\t\t<\/div>\n\t\t\t\t<\/div>\n\t\t\t\t<\/div>\n\t\t","protected":false},"excerpt":{"rendered":"<p>Las ventajas de un vistazo Con una finura de filtrado de 0,1 nan\u00f3metros, el sistema elimina incluso las impurezas m\u00e1s finas, como nitratos y pesticidas, bacterias y virus, hormonas, residuos de medicamentos, metales pesados, micropl\u00e1sticos y PFAS (un grupo de sustancias qu\u00edmicas nocivas). Tras la purificaci\u00f3n, el agua se enriquece espec\u00edficamente con minerales esenciales como [&hellip;]<\/p>\n","protected":false},"author":1,"featured_media":0,"parent":0,"menu_order":0,"comment_status":"closed","ping_status":"closed","template":"","meta":{"footnotes":""},"class_list":["post-3965","page","type-page","status-publish","hentry"],"_links":{"self":[{"href":"https:\/\/www.bepure-water.com\/es\/wp-json\/wp\/v2\/pages\/3965","targetHints":{"allow":["GET"]}}],"collection":[{"href":"https:\/\/www.bepure-water.com\/es\/wp-json\/wp\/v2\/pages"}],"about":[{"href":"https:\/\/www.bepure-water.com\/es\/wp-json\/wp\/v2\/types\/page"}],"author":[{"embeddable":true,"href":"https:\/\/www.bepure-water.com\/es\/wp-json\/wp\/v2\/users\/1"}],"replies":[{"embeddable":true,"href":"https:\/\/www.bepure-water.com\/es\/wp-json\/wp\/v2\/comments?post=3965"}],"version-history":[{"count":4,"href":"https:\/\/www.bepure-water.com\/es\/wp-json\/wp\/v2\/pages\/3965\/revisions"}],"predecessor-version":[{"id":4256,"href":"https:\/\/www.bepure-water.com\/es\/wp-json\/wp\/v2\/pages\/3965\/revisions\/4256"}],"wp:attachment":[{"href":"https:\/\/www.bepure-water.com\/es\/wp-json\/wp\/v2\/media?parent=3965"}],"curies":[{"name":"wp","href":"https:\/\/api.w.org\/{rel}","templated":true}]}}