{"id":3825,"date":"2025-06-30T22:08:01","date_gmt":"2025-06-30T20:08:01","guid":{"rendered":"https:\/\/www.bepure-water.com\/soluciones-para-yates\/"},"modified":"2026-02-23T21:36:19","modified_gmt":"2026-02-23T20:36:19","slug":"soluciones-para-yates","status":"publish","type":"page","link":"https:\/\/www.bepure-water.com\/es\/soluciones-para-yates\/","title":{"rendered":"Soluciones para yates"},"content":{"rendered":"\t\t<div data-elementor-type=\"wp-page\" data-elementor-id=\"3825\" class=\"elementor elementor-3825 elementor-1529\" data-elementor-post-type=\"page\">\n\t\t\t\t<div class=\"elementor-element elementor-element-5070717 e-con-full e-flex e-con e-parent\" data-id=\"5070717\" data-element_type=\"container\" data-e-type=\"container\">\n\t\t\t\t<div class=\"elementor-element elementor-element-1131c2e elementor-widget elementor-widget-slider_revolution\" data-id=\"1131c2e\" data-element_type=\"widget\" data-e-type=\"widget\" data-widget_type=\"slider_revolution.default\">\n\t\t\t\t<div class=\"elementor-widget-container\">\n\t\t\t\t\t\n\t\t<div class=\"wp-block-themepunch-revslider\">\n\t\t\t\t<p class=\"rs-p-wp-fix\"><\/p>\n\t\t\t\t<sr7-module data-alias=\"technologie-2-0-1\" data-id=\"26\" id=\"SR7_26_1\" class=\"rs-ov-hidden\" data-version=\"6.7.41\">\n\t\t\t\t\t<sr7-adjuster><\/sr7-adjuster>\n\t\t\t\t\t<sr7-content>\n\t\t\t\t\t\t<sr7-slide id=\"SR7_26_1-138\" data-key=\"138\">\n\t\t\t\t\t\t\t<sr7-bg id=\"SR7_26_1-138-8\" class=\"sr7-layer\"><noscript><img decoding=\"async\" src=\"https:\/\/www.bepure-water.com\/wp-content\/uploads\/2025\/09\/Hintergrund-2.jpg\" alt=\"\" title=\"Hintergrund-2\"><\/noscript><\/sr7-bg>\n\t\t\t\t\t\t\t<h1 id=\"SR7_26_1-138-0\" class=\"sr7-layer\">AGUA POTABLE CRISTALINA EN LOS YATES: EN CUALQUIER MOMENTO Y EN CUALQUIER LUGAR<\/h1>\n\t\t\t\t\t\t\t<sr7-txt id=\"SR7_26_1-138-5\" class=\"sr7-layer\"><b>Filtraci\u00f3n molecular y mineralizaci\u00f3n en un solo sistema<\/b><br><\/sr7-txt>\n\t\t\t\t\t\t\t<sr7-txt id=\"SR7_26_1-138-6\" class=\"sr7-layer\">be.pure incorpora una innovadora tecnolog\u00eda de tratamiento de agua. El coraz\u00f3n del sistema es la<br \/>\nunidad de \u00f3smosis inversa ENYA 2.0 de \u00faltima generaci\u00f3n, combinada con una unidad de mineralizaci\u00f3n especializada.<br \/>\nJuntas, proporcionan el agua potable m\u00e1s pura, directamente en su yate.<\/sr7-txt>\n\t\t\t\t\t\t<\/sr7-slide>\n\t\t\t\t\t\t<sr7-slide id=\"SR7_26_1-70\" data-key=\"70\">\n\t\t\t\t\t\t<\/sr7-slide>\n\t\t\t\t\t<\/sr7-content>\n\t\t\t\t\t<image_lists style=\"display:none\">\n\t\t\t\t\t\t<img data-src=\"\/\/www.bepure-water.com\/wp-content\/uploads\/2025\/09\/Hintergrund-2.jpg\" data-libid=\"1931\" data-lib=\"medialibrary\" title=\"Hintergrund-2\" width=\"0\" height=\"0\" data-dbsrc=\"Ly93d3cuYmVwdXJlLXdhdGVyLmNvbS93cC1jb250ZW50L3VwbG9hZHMvMjAyNS8wOS9IaW50ZXJncnVuZC0yLmpwZw==\"\/>\n\t\t\t\t\t<\/image_lists>\n\t\t\t\t<\/sr7-module>\n\t\t\t\t<script>\n\t\t\t\t\tSR7.PMH ??={}; SR7.PMH[\"SR7_26_1\"] = {cn:100,state:false,fn: function() { if (_tpt!==undefined && _tpt.prepareModuleHeight !== undefined) {  _tpt.prepareModuleHeight({id:\"SR7_26_1\",el:[999,999,999,999,720],type:'hero',shdw:'0',gh:[600,600,600,600,720],gw:[1240,1240,1240,1240,480],vpt:['-100px&#039;,&#039;-100px&#039;,&#039;-100px&#039;,&#039;-100px&#039;,&#039;-100px'],size:{fullWidth:true, fullHeight:true},fho:'',mh:'0',onh:0,onw:0,bg:{color:'{\"orig\":\"transparent\",\"type\":\"solid\",\"string\":\"transparent\"}'}});   SR7.PMH[\"SR7_26_1\"].state=true;} else if(SR7.PMH[\"SR7_26_1\"].cn-->0)\tsetTimeout( SR7.PMH[\"SR7_26_1\"].fn,19);}};SR7.PMH[\"SR7_26_1\" ].fn();\n\t\t\t\t<\/script>\n<\/div>\n\n\t\t\t\t\t\t<\/div>\n\t\t\t\t<\/div>\n\t\t\t\t<\/div>\n\t\t<div class=\"elementor-element elementor-element-e044126 e-flex e-con-boxed e-con e-parent\" data-id=\"e044126\" data-element_type=\"container\" data-e-type=\"container\" data-settings=\"{&quot;background_background&quot;:&quot;classic&quot;}\">\n\t\t\t\t\t<div class=\"e-con-inner\">\n\t\t<div class=\"elementor-element elementor-element-c3aa67c e-con-full e-flex e-con e-child\" data-id=\"c3aa67c\" data-element_type=\"container\" data-e-type=\"container\" data-settings=\"{&quot;background_background&quot;:&quot;classic&quot;}\">\n\t\t\t\t<\/div>\n\t\t<div class=\"elementor-element elementor-element-fd936db e-con-full e-flex e-con e-child\" data-id=\"fd936db\" data-element_type=\"container\" data-e-type=\"container\" data-settings=\"{&quot;background_background&quot;:&quot;classic&quot;}\">\n\t\t\t\t<div class=\"elementor-element elementor-element-e15f4fb elementor-widget elementor-widget-heading\" data-id=\"e15f4fb\" data-element_type=\"widget\" data-e-type=\"widget\" data-widget_type=\"heading.default\">\n\t\t\t\t<div class=\"elementor-widget-container\">\n\t\t\t\t\t<h2 class=\"elementor-heading-title elementor-size-default\">C\u00f3mo funciona<\/h2>\t\t\t\t<\/div>\n\t\t\t\t<\/div>\n\t\t\t\t<div class=\"elementor-element elementor-element-df03418 elementor-widget-divider--view-line elementor-widget elementor-widget-divider\" data-id=\"df03418\" data-element_type=\"widget\" data-e-type=\"widget\" data-widget_type=\"divider.default\">\n\t\t\t\t<div class=\"elementor-widget-container\">\n\t\t\t\t\t\t\t<div class=\"elementor-divider\">\n\t\t\t<span class=\"elementor-divider-separator\">\n\t\t\t\t\t\t<\/span>\n\t\t<\/div>\n\t\t\t\t\t\t<\/div>\n\t\t\t\t<\/div>\n\t\t\t\t<div class=\"elementor-element elementor-element-3f20060 elementor-widget elementor-widget-text-editor\" data-id=\"3f20060\" data-element_type=\"widget\" data-e-type=\"widget\" data-widget_type=\"text-editor.default\">\n\t\t\t\t<div class=\"elementor-widget-container\">\n\t\t\t\t\t\t\t\t\t<p style=\"text-align: left;\"><strong>El agua del dep\u00f3sito de aguas grises se trata con ENYA 2.0 para producir agua potable pura.<\/strong><\/p><p style=\"text-align: left;\">El agua de mar tambi\u00e9n se convierte en agua potable con el t\u00edpico sabor be.pure mediante una potabilizadora o un sistema de desalinizaci\u00f3n y un sistema ENYA aguas abajo. Con el innovador sistema de tratamiento de agua de be.pure, obtienes dos tecnolog\u00edas clave en un sistema compacto: filtraci\u00f3n molecular y remineralizaci\u00f3n selectiva. Esta combinaci\u00f3n garantiza un agua potable cristalina, sana y sabrosa, ideal para su uso en yates.  <\/p><p style=\"text-align: left;\">Gracias a la filtraci\u00f3n molecular ultrafina con una eficacia de separaci\u00f3n de 0,1 nan\u00f3metros, se eliminan de forma fiable hasta los contaminantes m\u00e1s peque\u00f1os: nitratos y pesticidas, bacterias y virus, hormonas, metales pesados, micropl\u00e1sticos, PFAS (un grupo de sustancias qu\u00edmicas nocivas) y residuos de medicamentos no tienen ninguna oportunidad. A continuaci\u00f3n, el agua purificada y filtrada al 99,9% se enriquece con minerales vitales como el calcio y el magnesio en la unidad de mineralizaci\u00f3n, para obtener un contenido mineral \u00f3ptimo y el sabor be.pure natural y claro. <\/p>\t\t\t\t\t\t\t\t<\/div>\n\t\t\t\t<\/div>\n\t\t<div class=\"elementor-element elementor-element-57f4eb6 e-con-full e-flex e-con e-child\" data-id=\"57f4eb6\" data-element_type=\"container\" data-e-type=\"container\">\n\t\t<div class=\"elementor-element elementor-element-bc82b85 e-con-full e-flex e-con e-child\" data-id=\"bc82b85\" data-element_type=\"container\" data-e-type=\"container\">\n\t\t\t\t<div class=\"elementor-element elementor-element-16573a1 elementor-align-justify elementor-widget elementor-widget-button\" data-id=\"16573a1\" data-element_type=\"widget\" data-e-type=\"widget\" data-widget_type=\"button.default\">\n\t\t\t\t<div class=\"elementor-widget-container\">\n\t\t\t\t\t\t\t\t\t<div class=\"elementor-button-wrapper\">\n\t\t\t\t\t<a class=\"elementor-button elementor-button-link elementor-size-sm\" href=\"https:\/\/www.bepure-water.com\/wp-content\/uploads\/2026\/01\/bepure-katalog-ES-web.pdf\">\n\t\t\t\t\t\t<span class=\"elementor-button-content-wrapper\">\n\t\t\t\t\t\t\t\t\t<span class=\"elementor-button-text\">cat\u00e1logo be.pure water<\/span>\n\t\t\t\t\t<\/span>\n\t\t\t\t\t<\/a>\n\t\t\t\t<\/div>\n\t\t\t\t\t\t\t\t<\/div>\n\t\t\t\t<\/div>\n\t\t\t\t<\/div>\n\t\t<div class=\"elementor-element elementor-element-7bb3d1a e-con-full e-flex e-con e-child\" data-id=\"7bb3d1a\" data-element_type=\"container\" data-e-type=\"container\">\n\t\t\t\t<div class=\"elementor-element elementor-element-ca1dd34 elementor-align-justify elementor-widget elementor-widget-button\" data-id=\"ca1dd34\" data-element_type=\"widget\" data-e-type=\"widget\" data-widget_type=\"button.default\">\n\t\t\t\t<div class=\"elementor-widget-container\">\n\t\t\t\t\t\t\t\t\t<div class=\"elementor-button-wrapper\">\n\t\t\t\t\t<a class=\"elementor-button elementor-button-link elementor-size-sm\" href=\"https:\/\/www.bepure-water.com\/technologie-2\/\">\n\t\t\t\t\t\t<span class=\"elementor-button-content-wrapper\">\n\t\t\t\t\t\t\t\t\t<span class=\"elementor-button-text\">Tecnolog\u00eda<\/span>\n\t\t\t\t\t<\/span>\n\t\t\t\t\t<\/a>\n\t\t\t\t<\/div>\n\t\t\t\t\t\t\t\t<\/div>\n\t\t\t\t<\/div>\n\t\t\t\t<\/div>\n\t\t\t\t<\/div>\n\t\t\t\t<\/div>\n\t\t\t\t\t<\/div>\n\t\t\t\t<\/div>\n\t\t<div class=\"elementor-element elementor-element-446b772 e-flex e-con-boxed e-con e-parent\" data-id=\"446b772\" data-element_type=\"container\" data-e-type=\"container\" data-settings=\"{&quot;background_background&quot;:&quot;classic&quot;}\">\n\t\t\t\t\t<div class=\"e-con-inner\">\n\t\t<div class=\"elementor-element elementor-element-3dfbf3d e-con-full e-flex e-con e-child\" data-id=\"3dfbf3d\" data-element_type=\"container\" data-e-type=\"container\" data-settings=\"{&quot;background_background&quot;:&quot;classic&quot;}\">\n\t\t\t\t<div class=\"elementor-element elementor-element-6fe1ed8 elementor-widget elementor-widget-heading\" data-id=\"6fe1ed8\" data-element_type=\"widget\" data-e-type=\"widget\" data-widget_type=\"heading.default\">\n\t\t\t\t<div class=\"elementor-widget-container\">\n\t\t\t\t\t<h2 class=\"elementor-heading-title elementor-size-default\">Las ventajas de un vistazo<\/h2>\t\t\t\t<\/div>\n\t\t\t\t<\/div>\n\t\t\t\t<div class=\"elementor-element elementor-element-34087cc elementor-widget-divider--view-line elementor-widget elementor-widget-divider\" data-id=\"34087cc\" data-element_type=\"widget\" data-e-type=\"widget\" data-widget_type=\"divider.default\">\n\t\t\t\t<div class=\"elementor-widget-container\">\n\t\t\t\t\t\t\t<div class=\"elementor-divider\">\n\t\t\t<span class=\"elementor-divider-separator\">\n\t\t\t\t\t\t<\/span>\n\t\t<\/div>\n\t\t\t\t\t\t<\/div>\n\t\t\t\t<\/div>\n\t\t\t\t<div class=\"elementor-element elementor-element-337962d elementor-widget elementor-widget-text-editor\" data-id=\"337962d\" data-element_type=\"widget\" data-e-type=\"widget\" data-widget_type=\"text-editor.default\">\n\t\t\t\t<div class=\"elementor-widget-container\">\n\t\t\t\t\t\t\t\t\t<div><strong>Calidad del agua y filtraci\u00f3n<\/strong><\/div><ul class=\"checklist-css\"><li>99,9 % de filtraci\u00f3n de contaminantes<\/li><li>Filtros, membranas y tecnolog\u00eda de la m\u00e1s alta calidad<\/li><li>Filtro compacto 4 en 1 de alto rendimiento<\/li><li>Unidad compacta de \u00f3smosis inversa de alto rendimiento 800 GPD<\/li><li>Remineralizaci\u00f3n como el agua de manantial alpino m\u00e1s pura (calcio, magnesio, coral sango, estabilizaci\u00f3n del pH)<\/li><li>BackSafety &#8211; barrera externa contra g\u00e9rmenes con filtro de protecci\u00f3n contra plastificantes y filtro de seguridad microbiol\u00f3gica<\/li><li>Calidad del agua constante y segura, independientemente de la calidad del agua<\/li><li>La ENYA 2.0 cumple las normas NSF \/ ANSI 53 y 42<\/li><li>Certificado DIN EN ISO<\/li><\/ul>\t\t\t\t\t\t\t\t<\/div>\n\t\t\t\t<\/div>\n\t\t<div class=\"elementor-element elementor-element-27c28e4 e-con-full e-flex e-con e-child\" data-id=\"27c28e4\" data-element_type=\"container\" data-e-type=\"container\">\n\t\t<div class=\"elementor-element elementor-element-882f8c0 e-con-full e-flex e-con e-child\" data-id=\"882f8c0\" data-element_type=\"container\" data-e-type=\"container\">\n\t\t\t\t<div class=\"elementor-element elementor-element-22d3b7f elementor-align-justify elementor-widget elementor-widget-button\" data-id=\"22d3b7f\" data-element_type=\"widget\" data-e-type=\"widget\" data-widget_type=\"button.default\">\n\t\t\t\t<div class=\"elementor-widget-container\">\n\t\t\t\t\t\t\t\t\t<div class=\"elementor-button-wrapper\">\n\t\t\t\t\t<a class=\"elementor-button elementor-button-link elementor-size-sm\" href=\"https:\/\/www.bepure-water.com\/wp-content\/uploads\/2026\/01\/bepure-katalog-ES-web.pdf\" target=\"_blank\">\n\t\t\t\t\t\t<span class=\"elementor-button-content-wrapper\">\n\t\t\t\t\t\t\t\t\t<span class=\"elementor-button-text\">cat\u00e1logo be.pure water<\/span>\n\t\t\t\t\t<\/span>\n\t\t\t\t\t<\/a>\n\t\t\t\t<\/div>\n\t\t\t\t\t\t\t\t<\/div>\n\t\t\t\t<\/div>\n\t\t\t\t<\/div>\n\t\t<div class=\"elementor-element elementor-element-d0f86cf e-con-full e-flex e-con e-child\" data-id=\"d0f86cf\" data-element_type=\"container\" data-e-type=\"container\">\n\t\t\t\t<div class=\"elementor-element elementor-element-5981695 elementor-align-justify elementor-widget elementor-widget-button\" data-id=\"5981695\" data-element_type=\"widget\" data-e-type=\"widget\" data-widget_type=\"button.default\">\n\t\t\t\t<div class=\"elementor-widget-container\">\n\t\t\t\t\t\t\t\t\t<div class=\"elementor-button-wrapper\">\n\t\t\t\t\t<a class=\"elementor-button elementor-button-link elementor-size-sm\" href=\"https:\/\/www.bepure-water.com\/technologie-2\/\">\n\t\t\t\t\t\t<span class=\"elementor-button-content-wrapper\">\n\t\t\t\t\t\t\t\t\t<span class=\"elementor-button-text\">Tecnolog\u00eda<\/span>\n\t\t\t\t\t<\/span>\n\t\t\t\t\t<\/a>\n\t\t\t\t<\/div>\n\t\t\t\t\t\t\t\t<\/div>\n\t\t\t\t<\/div>\n\t\t\t\t<\/div>\n\t\t\t\t<\/div>\n\t\t\t\t<\/div>\n\t\t<div class=\"elementor-element elementor-element-95207ea e-con-full e-flex e-con e-child\" data-id=\"95207ea\" data-element_type=\"container\" data-e-type=\"container\" data-settings=\"{&quot;background_background&quot;:&quot;classic&quot;}\">\n\t\t\t\t<\/div>\n\t\t\t\t\t<\/div>\n\t\t\t\t<\/div>\n\t\t<div class=\"elementor-element elementor-element-07961d9 e-flex e-con-boxed e-con e-parent\" data-id=\"07961d9\" data-element_type=\"container\" data-e-type=\"container\" data-settings=\"{&quot;background_background&quot;:&quot;classic&quot;}\">\n\t\t\t\t\t<div class=\"e-con-inner\">\n\t\t<div class=\"elementor-element elementor-element-986521e e-con-full e-flex e-con e-child\" data-id=\"986521e\" data-element_type=\"container\" data-e-type=\"container\" data-settings=\"{&quot;background_background&quot;:&quot;classic&quot;}\">\n\t\t\t\t<\/div>\n\t\t<div class=\"elementor-element elementor-element-7a8f88e e-con-full e-flex e-con e-child\" data-id=\"7a8f88e\" data-element_type=\"container\" data-e-type=\"container\" data-settings=\"{&quot;background_background&quot;:&quot;classic&quot;}\">\n\t\t\t\t<div class=\"elementor-element elementor-element-dcdcdbc elementor-widget elementor-widget-text-editor\" data-id=\"dcdcdbc\" data-element_type=\"widget\" data-e-type=\"widget\" data-widget_type=\"text-editor.default\">\n\t\t\t\t<div class=\"elementor-widget-container\">\n\t\t\t\t\t\t\t\t\t<div><strong>Tecnolog\u00eda y funcionamiento<\/strong><\/div><ul class=\"checklist-css\"><li>Tecnolog\u00eda de bombeo de alta gama<\/li><li>Lavado de membranas totalmente autom\u00e1tico y eficaz (lavado \/ autolavado \/ lavado en vacaciones)<\/li><li>Funci\u00f3n de protecci\u00f3n contra inundaciones<\/li><li>Manejo sencillo al sustituir los filtros (principio de enchufe)<\/li><li>Comprobaci\u00f3n del cambio de filtro<\/li><li>Funcionamiento estable y de bajo mantenimiento<\/li><li>Calidad y dise\u00f1o sin concesiones<\/li><li>Compatible con los dispensadores de agua Katara, Nahla e Izumi, funci\u00f3n Caliente, Fr\u00eda, Efervescente y Ambiente<\/li><\/ul>\t\t\t\t\t\t\t\t<\/div>\n\t\t\t\t<\/div>\n\t\t\t\t<div class=\"elementor-element elementor-element-244d339 elementor-widget elementor-widget-text-editor\" data-id=\"244d339\" data-element_type=\"widget\" data-e-type=\"widget\" data-widget_type=\"text-editor.default\">\n\t\t\t\t<div class=\"elementor-widget-container\">\n\t\t\t\t\t\t\t\t\t<div><strong>Comodidad y rendimiento<\/strong><\/div><ul class=\"checklist-css\"><li>Producci\u00f3n de agua pura de hasta 2,2 litros por minuto<\/li><li>Reducci\u00f3n significativa de la producci\u00f3n de aguas residuales<\/li><li>La mejor experiencia de beber: agua siempre fresca con s\u00f3lo pulsar un bot\u00f3n<\/li><li>Ahorro de espacio y comodidad: sin p\u00e9rdida de espacio de almacenamiento<\/li><li>Ahorra tiempo y dinero<\/li><li>Protege tus electrodom\u00e9sticos (por ejemplo, cafeteras, hervidores de agua)<\/li><li>Cocinar con agua pura<\/li><li>Sostenibilidad: ahorro de costes en comparaci\u00f3n con el agua embotellada<\/li><\/ul>\t\t\t\t\t\t\t\t<\/div>\n\t\t\t\t<\/div>\n\t\t<div class=\"elementor-element elementor-element-6e0a214 e-con-full e-flex e-con e-child\" data-id=\"6e0a214\" data-element_type=\"container\" data-e-type=\"container\">\n\t\t<div class=\"elementor-element elementor-element-a55c4f8 e-con-full e-flex e-con e-child\" data-id=\"a55c4f8\" data-element_type=\"container\" data-e-type=\"container\">\n\t\t\t\t<div class=\"elementor-element elementor-element-8d3549b elementor-align-justify elementor-widget elementor-widget-button\" data-id=\"8d3549b\" data-element_type=\"widget\" data-e-type=\"widget\" data-widget_type=\"button.default\">\n\t\t\t\t<div class=\"elementor-widget-container\">\n\t\t\t\t\t\t\t\t\t<div class=\"elementor-button-wrapper\">\n\t\t\t\t\t<a class=\"elementor-button elementor-button-link elementor-size-sm\" href=\"https:\/\/www.bepure-water.com\/wp-content\/uploads\/2026\/01\/bepure-katalog-ES-web.pdf\" target=\"_blank\">\n\t\t\t\t\t\t<span class=\"elementor-button-content-wrapper\">\n\t\t\t\t\t\t\t\t\t<span class=\"elementor-button-text\">cat\u00e1logo be.pure water<\/span>\n\t\t\t\t\t<\/span>\n\t\t\t\t\t<\/a>\n\t\t\t\t<\/div>\n\t\t\t\t\t\t\t\t<\/div>\n\t\t\t\t<\/div>\n\t\t\t\t<\/div>\n\t\t<div class=\"elementor-element elementor-element-0098be2 e-con-full e-flex e-con e-child\" data-id=\"0098be2\" data-element_type=\"container\" data-e-type=\"container\">\n\t\t\t\t<div class=\"elementor-element elementor-element-941bc55 elementor-align-justify elementor-widget elementor-widget-button\" data-id=\"941bc55\" data-element_type=\"widget\" data-e-type=\"widget\" data-widget_type=\"button.default\">\n\t\t\t\t<div class=\"elementor-widget-container\">\n\t\t\t\t\t\t\t\t\t<div class=\"elementor-button-wrapper\">\n\t\t\t\t\t<a class=\"elementor-button elementor-button-link elementor-size-sm\" href=\"https:\/\/www.bepure-water.com\/technologie-2\/\">\n\t\t\t\t\t\t<span class=\"elementor-button-content-wrapper\">\n\t\t\t\t\t\t\t\t\t<span class=\"elementor-button-text\">Tecnolog\u00eda<\/span>\n\t\t\t\t\t<\/span>\n\t\t\t\t\t<\/a>\n\t\t\t\t<\/div>\n\t\t\t\t\t\t\t\t<\/div>\n\t\t\t\t<\/div>\n\t\t\t\t<\/div>\n\t\t\t\t<\/div>\n\t\t\t\t<\/div>\n\t\t\t\t\t<\/div>\n\t\t\t\t<\/div>\n\t\t<div class=\"elementor-element elementor-element-06e1702 e-flex e-con-boxed e-con e-parent\" data-id=\"06e1702\" data-element_type=\"container\" data-e-type=\"container\" data-settings=\"{&quot;background_background&quot;:&quot;classic&quot;}\">\n\t\t\t\t\t<div class=\"e-con-inner\">\n\t\t\t\t<div class=\"elementor-element elementor-element-62459b7 elementor-widget elementor-widget-heading\" data-id=\"62459b7\" data-element_type=\"widget\" data-e-type=\"widget\" data-widget_type=\"heading.default\">\n\t\t\t\t<div class=\"elementor-widget-container\">\n\t\t\t\t\t<h2 class=\"elementor-heading-title elementor-size-default\">Sin pl\u00e1stico - Planeta verde<\/h2>\t\t\t\t<\/div>\n\t\t\t\t<\/div>\n\t\t\t\t<div class=\"elementor-element elementor-element-2c82829 elementor-widget elementor-widget-text-editor\" data-id=\"2c82829\" data-element_type=\"widget\" data-e-type=\"widget\" data-widget_type=\"text-editor.default\">\n\t\t\t\t<div class=\"elementor-widget-container\">\n\t\t\t\t\t\t\t\t\t\u00bfCompartes nuestra visi\u00f3n del agua potable pura, clara y mineralizada a bordo, en tu casita o autocaravana? \u00a1be.pure tiene la soluci\u00f3n adecuada para cada uno de tus proyectos!\t\t\t\t\t\t\t\t<\/div>\n\t\t\t\t<\/div>\n\t\t\t\t<div class=\"elementor-element elementor-element-ac38bbc elementor-align-center elementor-widget elementor-widget-button\" data-id=\"ac38bbc\" data-element_type=\"widget\" data-e-type=\"widget\" data-widget_type=\"button.default\">\n\t\t\t\t<div class=\"elementor-widget-container\">\n\t\t\t\t\t\t\t\t\t<div class=\"elementor-button-wrapper\">\n\t\t\t\t\t<a class=\"elementor-button elementor-button-link elementor-size-sm\" href=\"https:\/\/www.bepure-water.com\/es\/contacta-con-nosotros\/\">\n\t\t\t\t\t\t<span class=\"elementor-button-content-wrapper\">\n\t\t\t\t\t\t\t\t\t<span class=\"elementor-button-text\">Solicita ahora una consulta gratuita<\/span>\n\t\t\t\t\t<\/span>\n\t\t\t\t\t<\/a>\n\t\t\t\t<\/div>\n\t\t\t\t\t\t\t\t<\/div>\n\t\t\t\t<\/div>\n\t\t\t\t\t<\/div>\n\t\t\t\t<\/div>\n\t\t\t\t<\/div>\n\t\t","protected":false},"excerpt":{"rendered":"<p>C\u00f3mo funciona El agua del dep\u00f3sito de aguas grises se trata con ENYA 2.0 para producir agua potable pura. El agua de mar tambi\u00e9n se convierte en agua potable con el t\u00edpico sabor be.pure mediante una potabilizadora o un sistema de desalinizaci\u00f3n y un sistema ENYA aguas abajo. Con el innovador sistema de tratamiento de [&hellip;]<\/p>\n","protected":false},"author":1,"featured_media":0,"parent":0,"menu_order":0,"comment_status":"closed","ping_status":"closed","template":"","meta":{"footnotes":""},"class_list":["post-3825","page","type-page","status-publish","hentry"],"_links":{"self":[{"href":"https:\/\/www.bepure-water.com\/es\/wp-json\/wp\/v2\/pages\/3825","targetHints":{"allow":["GET"]}}],"collection":[{"href":"https:\/\/www.bepure-water.com\/es\/wp-json\/wp\/v2\/pages"}],"about":[{"href":"https:\/\/www.bepure-water.com\/es\/wp-json\/wp\/v2\/types\/page"}],"author":[{"embeddable":true,"href":"https:\/\/www.bepure-water.com\/es\/wp-json\/wp\/v2\/users\/1"}],"replies":[{"embeddable":true,"href":"https:\/\/www.bepure-water.com\/es\/wp-json\/wp\/v2\/comments?post=3825"}],"version-history":[{"count":4,"href":"https:\/\/www.bepure-water.com\/es\/wp-json\/wp\/v2\/pages\/3825\/revisions"}],"predecessor-version":[{"id":4250,"href":"https:\/\/www.bepure-water.com\/es\/wp-json\/wp\/v2\/pages\/3825\/revisions\/4250"}],"wp:attachment":[{"href":"https:\/\/www.bepure-water.com\/es\/wp-json\/wp\/v2\/media?parent=3825"}],"curies":[{"name":"wp","href":"https:\/\/api.w.org\/{rel}","templated":true}]}}