{"id":3728,"date":"2025-06-30T22:08:56","date_gmt":"2025-06-30T20:08:56","guid":{"rendered":"https:\/\/www.bepure-water.com\/filosofia\/"},"modified":"2026-02-23T21:39:37","modified_gmt":"2026-02-23T20:39:37","slug":"filosofia","status":"publish","type":"page","link":"https:\/\/www.bepure-water.com\/es\/filosofia\/","title":{"rendered":"Filosof\u00eda"},"content":{"rendered":"\t\t<div data-elementor-type=\"wp-page\" data-elementor-id=\"3728\" class=\"elementor elementor-3728 elementor-1537\" data-elementor-post-type=\"page\">\n\t\t\t\t<div class=\"elementor-element elementor-element-3dd100c e-con-full e-flex e-con e-parent\" data-id=\"3dd100c\" data-element_type=\"container\" data-e-type=\"container\">\n\t\t\t\t<div class=\"elementor-element elementor-element-a755861 elementor-widget elementor-widget-slider_revolution\" data-id=\"a755861\" data-element_type=\"widget\" data-e-type=\"widget\" data-widget_type=\"slider_revolution.default\">\n\t\t\t\t<div class=\"elementor-widget-container\">\n\t\t\t\t\t\n\t\t<div class=\"wp-block-themepunch-revslider\">\n\t\t\t\t<p class=\"rs-p-wp-fix\"><\/p>\n\t\t\t\t<sr7-module data-alias=\"faqs-1\" data-id=\"30\" id=\"SR7_30_1\" class=\"rs-ov-hidden\" data-version=\"6.7.41\">\n\t\t\t\t\t<sr7-adjuster><\/sr7-adjuster>\n\t\t\t\t\t<sr7-content>\n\t\t\t\t\t\t<sr7-slide id=\"SR7_30_1-121\" data-key=\"121\">\n\t\t\t\t\t\t\t<sr7-bg id=\"SR7_30_1-121-7\" class=\"sr7-layer\"><noscript><img decoding=\"async\" src=\"https:\/\/www.bepure-water.com\/wp-content\/uploads\/2025\/09\/happy-woman-enjoying-a-refreshing-drink-on-a-sunny-2025-03-10-20-44-55-utc-mit-logo-Kopie.jpg\" alt=\"\" title=\"happy-woman-enjoying-a-refreshing-drink-on-a-sunny-2025-03-10-20-44-55-utc-mit-logo Kopie\"><\/noscript><\/sr7-bg>\n\t\t\t\t\t\t\t<h1 id=\"SR7_30_1-121-0\" class=\"sr7-layer\">CREEMOS EN EL AGUA LIMPIA. EN TODAS PARTES.<\/h1>\n\t\t\t\t\t\t\t<sr7-txt id=\"SR7_30_1-121-5\" class=\"sr7-layer\">Somos be.pure, una empresa con una visi\u00f3n clara: todo el mundo deber\u00eda tener acceso a agua potable saludable y de alta calidad. Incluso en lugares donde el agua limpia no es algo habitual, como en yates, autocaravanas o casas diminutas.<\/sr7-txt>\n\t\t\t\t\t\t<\/sr7-slide>\n\t\t\t\t\t\t<sr7-slide id=\"SR7_30_1-78\" data-key=\"78\">\n\t\t\t\t\t\t<\/sr7-slide>\n\t\t\t\t\t<\/sr7-content>\n\t\t\t\t\t<image_lists style=\"display:none\">\n\t\t\t\t\t\t<img data-src=\"\/\/www.bepure-water.com\/wp-content\/uploads\/2025\/09\/happy-woman-enjoying-a-refreshing-drink-on-a-sunny-2025-03-10-20-44-55-utc-mit-logo-Kopie.jpg\" data-libid=\"2209\" data-lib=\"medialibrary\" title=\"happy-woman-enjoying-a-refreshing-drink-on-a-sunny-2025-03-10-20-44-55-utc-mit-logo Kopie\" width=\"0\" height=\"0\" data-dbsrc=\"Ly93d3cuYmVwdXJlLXdhdGVyLmNvbS93cC1jb250ZW50L3VwbG9hZHMvMjAyNS8wOS9oYXBweS13b21hbi1lbmpveWluZy1hLXJlZnJlc2hpbmctZHJpbmstb24tYS1zdW5ueS0yMDI1LTAzLTEwLTIwLTQ0LTU1LXV0Yy1taXQtbG9nby1Lb3BpZS5qcGc=\"\/>\n\t\t\t\t\t<\/image_lists>\n\t\t\t\t<\/sr7-module>\n\t\t\t\t<script>\n\t\t\t\t\tSR7.PMH ??={}; SR7.PMH[\"SR7_30_1\"] = {cn:100,state:false,fn: function() { if (_tpt!==undefined && _tpt.prepareModuleHeight !== undefined) {  _tpt.prepareModuleHeight({id:\"SR7_30_1\",el:[795,795,795,795,720],type:'hero',shdw:'0',gh:[600,600,600,600,720],gw:[1240,1240,1240,1240,480],vpt:['-100px&#039;,&#039;-100px&#039;,&#039;-100px&#039;,&#039;-100px&#039;,&#039;-100px'],size:{fullWidth:true, fullHeight:true},fho:'',mh:'0',onh:0,onw:0,bg:{color:'{\"orig\":\"transparent\",\"type\":\"solid\",\"string\":\"transparent\"}'}});   SR7.PMH[\"SR7_30_1\"].state=true;} else if(SR7.PMH[\"SR7_30_1\"].cn-->0)\tsetTimeout( SR7.PMH[\"SR7_30_1\"].fn,19);}};SR7.PMH[\"SR7_30_1\" ].fn();\n\t\t\t\t<\/script>\n<\/div>\n\n\t\t\t\t\t\t<\/div>\n\t\t\t\t<\/div>\n\t\t\t\t<\/div>\n\t\t<div class=\"elementor-element elementor-element-86e4f4d e-flex e-con-boxed e-con e-parent\" data-id=\"86e4f4d\" data-element_type=\"container\" data-e-type=\"container\" data-settings=\"{&quot;background_background&quot;:&quot;classic&quot;}\">\n\t\t\t\t\t<div class=\"e-con-inner\">\n\t\t<div class=\"elementor-element elementor-element-4123df4 e-con-full e-flex e-con e-child\" data-id=\"4123df4\" data-element_type=\"container\" data-e-type=\"container\" data-settings=\"{&quot;background_background&quot;:&quot;classic&quot;}\">\n\t\t\t\t<\/div>\n\t\t<div class=\"elementor-element elementor-element-211a61c e-con-full e-flex e-con e-child\" data-id=\"211a61c\" data-element_type=\"container\" data-e-type=\"container\" data-settings=\"{&quot;background_background&quot;:&quot;classic&quot;}\">\n\t\t\t\t<div class=\"elementor-element elementor-element-1d5622f elementor-widget elementor-widget-heading\" data-id=\"1d5622f\" data-element_type=\"widget\" data-e-type=\"widget\" data-widget_type=\"heading.default\">\n\t\t\t\t<div class=\"elementor-widget-container\">\n\t\t\t\t\t<h2 class=\"elementor-heading-title elementor-size-default\">Nuestra filosof\u00eda<\/h2>\t\t\t\t<\/div>\n\t\t\t\t<\/div>\n\t\t\t\t<div class=\"elementor-element elementor-element-b9e4190 elementor-widget-divider--view-line elementor-widget elementor-widget-divider\" data-id=\"b9e4190\" data-element_type=\"widget\" data-e-type=\"widget\" data-widget_type=\"divider.default\">\n\t\t\t\t<div class=\"elementor-widget-container\">\n\t\t\t\t\t\t\t<div class=\"elementor-divider\">\n\t\t\t<span class=\"elementor-divider-separator\">\n\t\t\t\t\t\t<\/span>\n\t\t<\/div>\n\t\t\t\t\t\t<\/div>\n\t\t\t\t<\/div>\n\t\t\t\t<div class=\"elementor-element elementor-element-108b636 elementor-widget elementor-widget-text-editor\" data-id=\"108b636\" data-element_type=\"widget\" data-e-type=\"widget\" data-widget_type=\"text-editor.default\">\n\t\t\t\t<div class=\"elementor-widget-container\">\n\t\t\t\t\t\t\t\t\t<p>Nuestro equipo y nuestros socios combinan la pasi\u00f3n por la tecnolog\u00eda, la sostenibilidad y el dise\u00f1o. Con nuestros innovadores sistemas para el tratamiento m\u00f3vil del agua, ofrecemos soluciones que establecen nuevos est\u00e1ndares de calidad, fiabilidad y comodidad.<\/p><p>Nuestros sistemas filtran el agua a nivel molecular y eliminan hasta los residuos m\u00e1s finos, como nitratos, pesticidas, bacterias, virus, hormonas, residuos de medicamentos (por ejemplo, antibi\u00f3ticos), metales pesados, micropl\u00e1sticos, PFAS, aluminio, glifosato, ars\u00e9nico, cal, amianto, cloro, nanopart\u00edculas, agentes de contraste de rayos X, sales, uranio y muchos otros contaminantes org\u00e1nicos e inorg\u00e1nicos.<\/p><p>\u00bfEl resultado? Agua fresca y mineralizada, pura, como de un manantial alpino.<\/p><p>Los productos que ofrecemos son sin\u00f3nimo de calidad sin concesiones, facilidad de uso y m\u00e1xima independencia. Ayudan a conservar los recursos, evitan los residuos y te dan una buena sensaci\u00f3n, con cada sorbo.<\/p><p>Estamos convencidos de que beber agua de primera calidad no debe ser un lujo, sino una cuesti\u00f3n de rutina. Nos comprometemos a ello junto con nuestros socios, con responsabilidad y entusiasmo por todo lo que nos conecta con el agua.<\/p>\t\t\t\t\t\t\t\t<\/div>\n\t\t\t\t<\/div>\n\t\t<div class=\"elementor-element elementor-element-9cb9786 e-con-full e-flex e-con e-child\" data-id=\"9cb9786\" data-element_type=\"container\" data-e-type=\"container\">\n\t\t<div class=\"elementor-element elementor-element-40af340 e-con-full e-flex e-con e-child\" data-id=\"40af340\" data-element_type=\"container\" data-e-type=\"container\">\n\t\t\t\t<div class=\"elementor-element elementor-element-edd7c9d elementor-align-justify elementor-widget elementor-widget-button\" data-id=\"edd7c9d\" data-element_type=\"widget\" data-e-type=\"widget\" data-widget_type=\"button.default\">\n\t\t\t\t<div class=\"elementor-widget-container\">\n\t\t\t\t\t\t\t\t\t<div class=\"elementor-button-wrapper\">\n\t\t\t\t\t<a class=\"elementor-button elementor-button-link elementor-size-sm\" href=\"https:\/\/www.bepure-water.com\/wp-content\/uploads\/2026\/01\/bepure-katalog-ES-web.pdf\">\n\t\t\t\t\t\t<span class=\"elementor-button-content-wrapper\">\n\t\t\t\t\t\t\t\t\t<span class=\"elementor-button-text\">cat\u00e1logo be.pure water<\/span>\n\t\t\t\t\t<\/span>\n\t\t\t\t\t<\/a>\n\t\t\t\t<\/div>\n\t\t\t\t\t\t\t\t<\/div>\n\t\t\t\t<\/div>\n\t\t\t\t<\/div>\n\t\t<div class=\"elementor-element elementor-element-42700dd e-con-full e-flex e-con e-child\" data-id=\"42700dd\" data-element_type=\"container\" data-e-type=\"container\">\n\t\t\t\t<div class=\"elementor-element elementor-element-31a20f3 elementor-align-justify elementor-hidden-desktop elementor-hidden-tablet elementor-hidden-mobile elementor-widget elementor-widget-button\" data-id=\"31a20f3\" data-element_type=\"widget\" data-e-type=\"widget\" data-widget_type=\"button.default\">\n\t\t\t\t<div class=\"elementor-widget-container\">\n\t\t\t\t\t\t\t\t\t<div class=\"elementor-button-wrapper\">\n\t\t\t\t\t<a class=\"elementor-button elementor-button-link elementor-size-sm\" href=\"https:\/\/www.bepure-water.com\/es\/enya\/\">\n\t\t\t\t\t\t<span class=\"elementor-button-content-wrapper\">\n\t\t\t\t\t\t\t\t\t<span class=\"elementor-button-text\">Tecnolog\u00eda<\/span>\n\t\t\t\t\t<\/span>\n\t\t\t\t\t<\/a>\n\t\t\t\t<\/div>\n\t\t\t\t\t\t\t\t<\/div>\n\t\t\t\t<\/div>\n\t\t\t\t<\/div>\n\t\t\t\t<\/div>\n\t\t\t\t<\/div>\n\t\t\t\t\t<\/div>\n\t\t\t\t<\/div>\n\t\t<div class=\"elementor-element elementor-element-ef73801 e-flex e-con-boxed e-con e-parent\" data-id=\"ef73801\" data-element_type=\"container\" data-e-type=\"container\" data-settings=\"{&quot;background_background&quot;:&quot;classic&quot;}\">\n\t\t\t\t\t<div class=\"e-con-inner\">\n\t\t\t\t<div class=\"elementor-element elementor-element-edde9ba elementor-widget elementor-widget-heading\" data-id=\"edde9ba\" data-element_type=\"widget\" data-e-type=\"widget\" data-widget_type=\"heading.default\">\n\t\t\t\t<div class=\"elementor-widget-container\">\n\t\t\t\t\t<h2 class=\"elementor-heading-title elementor-size-default\">Sin pl\u00e1stico - Planeta verde<\/h2>\t\t\t\t<\/div>\n\t\t\t\t<\/div>\n\t\t\t\t<div class=\"elementor-element elementor-element-8d1d471 elementor-widget elementor-widget-text-editor\" data-id=\"8d1d471\" data-element_type=\"widget\" data-e-type=\"widget\" data-widget_type=\"text-editor.default\">\n\t\t\t\t<div class=\"elementor-widget-container\">\n\t\t\t\t\t\t\t\t\t\u00bfCompartes nuestra visi\u00f3n del agua potable pura, clara y mineralizada a bordo, en tu casita o autocaravana? \u00a1be.pure tiene la soluci\u00f3n adecuada para cada uno de tus proyectos!\t\t\t\t\t\t\t\t<\/div>\n\t\t\t\t<\/div>\n\t\t\t\t<div class=\"elementor-element elementor-element-2795628 elementor-align-center elementor-widget elementor-widget-button\" data-id=\"2795628\" data-element_type=\"widget\" data-e-type=\"widget\" data-widget_type=\"button.default\">\n\t\t\t\t<div class=\"elementor-widget-container\">\n\t\t\t\t\t\t\t\t\t<div class=\"elementor-button-wrapper\">\n\t\t\t\t\t<a class=\"elementor-button elementor-button-link elementor-size-sm\" href=\"https:\/\/www.bepure-water.com\/es\/contacta-con-nosotros\/\">\n\t\t\t\t\t\t<span class=\"elementor-button-content-wrapper\">\n\t\t\t\t\t\t\t\t\t<span class=\"elementor-button-text\">Solicita ahora una consulta gratuita<\/span>\n\t\t\t\t\t<\/span>\n\t\t\t\t\t<\/a>\n\t\t\t\t<\/div>\n\t\t\t\t\t\t\t\t<\/div>\n\t\t\t\t<\/div>\n\t\t\t\t\t<\/div>\n\t\t\t\t<\/div>\n\t\t\t\t<\/div>\n\t\t","protected":false},"excerpt":{"rendered":"<p>Nuestra filosof\u00eda Nuestro equipo y nuestros socios combinan la pasi\u00f3n por la tecnolog\u00eda, la sostenibilidad y el dise\u00f1o. Con nuestros innovadores sistemas para el tratamiento m\u00f3vil del agua, ofrecemos soluciones que establecen nuevos est\u00e1ndares de calidad, fiabilidad y comodidad. Nuestros sistemas filtran el agua a nivel molecular y eliminan hasta los residuos m\u00e1s finos, como [&hellip;]<\/p>\n","protected":false},"author":1,"featured_media":0,"parent":0,"menu_order":0,"comment_status":"closed","ping_status":"closed","template":"","meta":{"footnotes":""},"class_list":["post-3728","page","type-page","status-publish","hentry"],"_links":{"self":[{"href":"https:\/\/www.bepure-water.com\/es\/wp-json\/wp\/v2\/pages\/3728","targetHints":{"allow":["GET"]}}],"collection":[{"href":"https:\/\/www.bepure-water.com\/es\/wp-json\/wp\/v2\/pages"}],"about":[{"href":"https:\/\/www.bepure-water.com\/es\/wp-json\/wp\/v2\/types\/page"}],"author":[{"embeddable":true,"href":"https:\/\/www.bepure-water.com\/es\/wp-json\/wp\/v2\/users\/1"}],"replies":[{"embeddable":true,"href":"https:\/\/www.bepure-water.com\/es\/wp-json\/wp\/v2\/comments?post=3728"}],"version-history":[{"count":5,"href":"https:\/\/www.bepure-water.com\/es\/wp-json\/wp\/v2\/pages\/3728\/revisions"}],"predecessor-version":[{"id":4271,"href":"https:\/\/www.bepure-water.com\/es\/wp-json\/wp\/v2\/pages\/3728\/revisions\/4271"}],"wp:attachment":[{"href":"https:\/\/www.bepure-water.com\/es\/wp-json\/wp\/v2\/media?parent=3728"}],"curies":[{"name":"wp","href":"https:\/\/api.w.org\/{rel}","templated":true}]}}