{"id":3721,"date":"2025-06-30T22:27:43","date_gmt":"2025-06-30T20:27:43","guid":{"rendered":"https:\/\/www.bepure-water.com\/todo-gira-en-torno-al-agua\/"},"modified":"2026-02-20T20:15:11","modified_gmt":"2026-02-20T19:15:11","slug":"todo-gira-en-torno-al-agua","status":"publish","type":"page","link":"https:\/\/www.bepure-water.com\/es\/todo-gira-en-torno-al-agua\/","title":{"rendered":"Todo gira en torno al agua"},"content":{"rendered":"\t\t<div data-elementor-type=\"wp-page\" data-elementor-id=\"3721\" class=\"elementor elementor-3721 elementor-1592\" data-elementor-post-type=\"page\">\n\t\t\t\t<div class=\"elementor-element elementor-element-941b9e8 e-flex e-con-boxed e-con e-parent\" data-id=\"941b9e8\" data-element_type=\"container\" data-e-type=\"container\" data-settings=\"{&quot;background_background&quot;:&quot;classic&quot;}\">\n\t\t\t\t\t<div class=\"e-con-inner\">\n\t\t\t\t<div class=\"elementor-element elementor-element-3177ff9 elementor-widget elementor-widget-heading\" data-id=\"3177ff9\" data-element_type=\"widget\" data-e-type=\"widget\" data-widget_type=\"heading.default\">\n\t\t\t\t<div class=\"elementor-widget-container\">\n\t\t\t\t\t<h2 class=\"elementor-heading-title elementor-size-default\">Porque para nosotros, todo gira en torno al agua<\/h2>\t\t\t\t<\/div>\n\t\t\t\t<\/div>\n\t\t\t\t<div class=\"elementor-element elementor-element-7c530d2 elementor-widget elementor-widget-text-editor\" data-id=\"7c530d2\" data-element_type=\"widget\" data-e-type=\"widget\" data-widget_type=\"text-editor.default\">\n\t\t\t\t<div class=\"elementor-widget-container\">\n\t\t\t\t\t\t\t\t\tLos cient\u00edficos tienen ahora la certeza de que la vida en la Tierra nunca podr\u00eda haberse desarrollado sin agua. Nuestro planeta ocupa una posici\u00f3n especial en el sistema solar: es el \u00fanico en el que el agua se presenta en forma l\u00edquida. Seg\u00fan las investigaciones actuales, la Tierra es tambi\u00e9n el \u00fanico lugar conocido del sistema solar donde existe vida.  \t\t\t\t\t\t\t\t<\/div>\n\t\t\t\t<\/div>\n\t\t\t\t\t<\/div>\n\t\t\t\t<\/div>\n\t\t<div class=\"elementor-element elementor-element-eeed5ca e-flex e-con-boxed e-con e-parent\" data-id=\"eeed5ca\" data-element_type=\"container\" data-e-type=\"container\" data-settings=\"{&quot;background_background&quot;:&quot;classic&quot;}\">\n\t\t\t\t\t<div class=\"e-con-inner\">\n\t\t<div class=\"elementor-element elementor-element-c041b7a e-con-full e-flex e-con e-child\" data-id=\"c041b7a\" data-element_type=\"container\" data-e-type=\"container\" data-settings=\"{&quot;background_background&quot;:&quot;classic&quot;}\">\n\t\t\t\t<\/div>\n\t\t<div class=\"elementor-element elementor-element-4ce2bb2 e-con-full e-flex e-con e-child\" data-id=\"4ce2bb2\" data-element_type=\"container\" data-e-type=\"container\" data-settings=\"{&quot;background_background&quot;:&quot;classic&quot;}\">\n\t\t\t\t<div class=\"elementor-element elementor-element-1ab6fd2 elementor-widget elementor-widget-heading\" data-id=\"1ab6fd2\" data-element_type=\"widget\" data-e-type=\"widget\" data-widget_type=\"heading.default\">\n\t\t\t\t<div class=\"elementor-widget-container\">\n\t\t\t\t\t<h2 class=\"elementor-heading-title elementor-size-default\">Donde hay agua, la vida no suele estar lejos<\/h2>\t\t\t\t<\/div>\n\t\t\t\t<\/div>\n\t\t\t\t<div class=\"elementor-element elementor-element-8326be0 elementor-widget-divider--view-line elementor-widget elementor-widget-divider\" data-id=\"8326be0\" data-element_type=\"widget\" data-e-type=\"widget\" data-widget_type=\"divider.default\">\n\t\t\t\t<div class=\"elementor-widget-container\">\n\t\t\t\t\t\t\t<div class=\"elementor-divider\">\n\t\t\t<span class=\"elementor-divider-separator\">\n\t\t\t\t\t\t<\/span>\n\t\t<\/div>\n\t\t\t\t\t\t<\/div>\n\t\t\t\t<\/div>\n\t\t\t\t<div class=\"elementor-element elementor-element-d9ba11e elementor-widget elementor-widget-text-editor\" data-id=\"d9ba11e\" data-element_type=\"widget\" data-e-type=\"widget\" data-widget_type=\"text-editor.default\">\n\t\t\t\t<div class=\"elementor-widget-container\">\n\t\t\t\t\t\t\t\t\t<p>El agua constituye la base de todas las formas de vida conocidas. Tambi\u00e9n es destacable el alto contenido de agua del cuerpo humano: en los adultos representa hasta el 70 %. Los ni\u00f1os y adolescentes suelen tener un contenido de agua a\u00fan mayor, que disminuye constantemente con la edad. Sin agua potable, los seres humanos no suelen sobrevivir m\u00e1s de tres d\u00edas.   <\/p><p>El agua de nuestro planeta se mueve en un ciclo cerrado, lo que significa que la cantidad total permanece constante, pero el estado agregado cambia. M\u00e1s del 70% de la superficie terrestre est\u00e1 cubierta de agua. La mayor parte -alrededor del 97%- est\u00e1 en forma de agua salada en los oc\u00e9anos. S\u00f3lo alrededor del 2,5% del agua del planeta es agua dulce. De ella, unos dos tercios est\u00e1n almacenados en forma de hielo en los glaciares y en los polos. Otra gran proporci\u00f3n est\u00e1 oculta bajo tierra en forma de aguas subterr\u00e1neas.<br>S\u00f3lo el 0,3% del agua dulce est\u00e1 disponible directamente en forma de r\u00edos, lagos y arroyos, una proporci\u00f3n extremadamente peque\u00f1a y preciosa.<br>Durante siglos, si no milenios, nuestra agua ha sido moldeada por la influencia humana. Los pesticidas, fertilizantes y otros contaminantes se abren camino en el suelo y a menudo permanecen invisibles, pero no sin consecuencias.<br>Cada vez m\u00e1s, los residuos de estas sustancias tambi\u00e9n se encuentran en nuestra agua potable. Para protegerte a ti y a tu familia de sustancias no deseadas, un sistema de \u00f3smosis puede ser una soluci\u00f3n sensata. Puedes encontrar m\u00e1s informaci\u00f3n sobre la calidad del agua y sus posibles peligros aqu\u00ed.        <\/p>\t\t\t\t\t\t\t\t<\/div>\n\t\t\t\t<\/div>\n\t\t<div class=\"elementor-element elementor-element-1f2b033 e-con-full e-flex e-con e-child\" data-id=\"1f2b033\" data-element_type=\"container\" data-e-type=\"container\">\n\t\t<div class=\"elementor-element elementor-element-034ecb0 e-con-full e-flex e-con e-child\" data-id=\"034ecb0\" data-element_type=\"container\" data-e-type=\"container\">\n\t\t\t\t<div class=\"elementor-element elementor-element-e3fc470 elementor-align-justify elementor-widget elementor-widget-button\" data-id=\"e3fc470\" data-element_type=\"widget\" data-e-type=\"widget\" data-widget_type=\"button.default\">\n\t\t\t\t<div class=\"elementor-widget-container\">\n\t\t\t\t\t\t\t\t\t<div class=\"elementor-button-wrapper\">\n\t\t\t\t\t<a class=\"elementor-button elementor-button-link elementor-size-sm\" href=\"https:\/\/www.bepure-water.com\/wp-content\/uploads\/2026\/01\/bepure-katalog-DE-web.pdf\">\n\t\t\t\t\t\t<span class=\"elementor-button-content-wrapper\">\n\t\t\t\t\t\t\t\t\t<span class=\"elementor-button-text\">cat\u00e1logo be.pure water<\/span>\n\t\t\t\t\t<\/span>\n\t\t\t\t\t<\/a>\n\t\t\t\t<\/div>\n\t\t\t\t\t\t\t\t<\/div>\n\t\t\t\t<\/div>\n\t\t\t\t<\/div>\n\t\t<div class=\"elementor-element elementor-element-e54dc0d e-con-full e-flex e-con e-child\" data-id=\"e54dc0d\" data-element_type=\"container\" data-e-type=\"container\">\n\t\t\t\t<div class=\"elementor-element elementor-element-bce04fc elementor-align-justify elementor-widget elementor-widget-button\" data-id=\"bce04fc\" data-element_type=\"widget\" data-e-type=\"widget\" data-widget_type=\"button.default\">\n\t\t\t\t<div class=\"elementor-widget-container\">\n\t\t\t\t\t\t\t\t\t<div class=\"elementor-button-wrapper\">\n\t\t\t\t\t<a class=\"elementor-button elementor-button-link elementor-size-sm\" href=\"https:\/\/www.bepure-water.com\/es\/enya\/\">\n\t\t\t\t\t\t<span class=\"elementor-button-content-wrapper\">\n\t\t\t\t\t\t\t\t\t<span class=\"elementor-button-text\">Tecnolog\u00eda<\/span>\n\t\t\t\t\t<\/span>\n\t\t\t\t\t<\/a>\n\t\t\t\t<\/div>\n\t\t\t\t\t\t\t\t<\/div>\n\t\t\t\t<\/div>\n\t\t\t\t<\/div>\n\t\t\t\t<\/div>\n\t\t\t\t<\/div>\n\t\t\t\t\t<\/div>\n\t\t\t\t<\/div>\n\t\t<div class=\"elementor-element elementor-element-f68fb54 e-flex e-con-boxed e-con e-parent\" data-id=\"f68fb54\" data-element_type=\"container\" data-e-type=\"container\" data-settings=\"{&quot;background_background&quot;:&quot;classic&quot;}\">\n\t\t\t\t\t<div class=\"e-con-inner\">\n\t\t<div class=\"elementor-element elementor-element-d89e3b8 e-con-full e-flex e-con e-child\" data-id=\"d89e3b8\" data-element_type=\"container\" data-e-type=\"container\" data-settings=\"{&quot;background_background&quot;:&quot;classic&quot;}\">\n\t\t\t\t<div class=\"elementor-element elementor-element-6f9c48d elementor-widget elementor-widget-heading\" data-id=\"6f9c48d\" data-element_type=\"widget\" data-e-type=\"widget\" data-widget_type=\"heading.default\">\n\t\t\t\t<div class=\"elementor-widget-container\">\n\t\t\t\t\t<h2 class=\"elementor-heading-title elementor-size-default\">La sed mundial de agua aumenta constantemente<\/h2>\t\t\t\t<\/div>\n\t\t\t\t<\/div>\n\t\t\t\t<div class=\"elementor-element elementor-element-27d3181 elementor-widget-divider--view-line elementor-widget elementor-widget-divider\" data-id=\"27d3181\" data-element_type=\"widget\" data-e-type=\"widget\" data-widget_type=\"divider.default\">\n\t\t\t\t<div class=\"elementor-widget-container\">\n\t\t\t\t\t\t\t<div class=\"elementor-divider\">\n\t\t\t<span class=\"elementor-divider-separator\">\n\t\t\t\t\t\t<\/span>\n\t\t<\/div>\n\t\t\t\t\t\t<\/div>\n\t\t\t\t<\/div>\n\t\t\t\t<div class=\"elementor-element elementor-element-26c0a8d elementor-widget elementor-widget-text-editor\" data-id=\"26c0a8d\" data-element_type=\"widget\" data-e-type=\"widget\" data-widget_type=\"text-editor.default\">\n\t\t\t\t<div class=\"elementor-widget-container\">\n\t\t\t\t\t\t\t\t\t<p>El agua dulce no est\u00e1 disponible en la misma medida en todas partes: los suministros mundiales est\u00e1n distribuidos de forma desigual. En muchas regiones de clima seco, como grandes zonas de \u00c1frica, el agua ya escasea. Las consecuencias del cambio clim\u00e1tico est\u00e1n agravando esta situaci\u00f3n: en algunas zonas apenas llueve desde hace a\u00f1os, se han secado franjas enteras de tierra, y se han vuelto casi inhabitables para los seres humanos. A esto se a\u00f1ade el uso a menudo despilfarrador del agua, por ejemplo mediante una agricultura intensiva con grandes necesidades de agua.   <\/p><p>Naciones Unidas advierte de que hasta 5.700 millones de personas en todo el mundo podr\u00edan sufrir escasez de agua en 2050. Aunque la escasez de agua est\u00e1 aumentando dr\u00e1sticamente en algunas regiones, la poblaci\u00f3n mundial crece de forma imparable, y con ella la necesidad de agua limpia y potable. <\/p>\t\t\t\t\t\t\t\t<\/div>\n\t\t\t\t<\/div>\n\t\t<div class=\"elementor-element elementor-element-b2e36d7 e-con-full e-flex e-con e-child\" data-id=\"b2e36d7\" data-element_type=\"container\" data-e-type=\"container\">\n\t\t<div class=\"elementor-element elementor-element-7a4eded e-con-full e-flex e-con e-child\" data-id=\"7a4eded\" data-element_type=\"container\" data-e-type=\"container\">\n\t\t\t\t<div class=\"elementor-element elementor-element-0add3fe elementor-align-justify elementor-widget elementor-widget-button\" data-id=\"0add3fe\" data-element_type=\"widget\" data-e-type=\"widget\" data-widget_type=\"button.default\">\n\t\t\t\t<div class=\"elementor-widget-container\">\n\t\t\t\t\t\t\t\t\t<div class=\"elementor-button-wrapper\">\n\t\t\t\t\t<a class=\"elementor-button elementor-button-link elementor-size-sm\" href=\"https:\/\/www.bepure-water.com\/wp-content\/uploads\/2026\/01\/bepure-katalog-DE-web.pdf\">\n\t\t\t\t\t\t<span class=\"elementor-button-content-wrapper\">\n\t\t\t\t\t\t\t\t\t<span class=\"elementor-button-text\">cat\u00e1logo be.pure water<\/span>\n\t\t\t\t\t<\/span>\n\t\t\t\t\t<\/a>\n\t\t\t\t<\/div>\n\t\t\t\t\t\t\t\t<\/div>\n\t\t\t\t<\/div>\n\t\t\t\t<\/div>\n\t\t<div class=\"elementor-element elementor-element-2d403e0 e-con-full e-flex e-con e-child\" data-id=\"2d403e0\" data-element_type=\"container\" data-e-type=\"container\">\n\t\t\t\t<div class=\"elementor-element elementor-element-fb17ac7 elementor-align-justify elementor-widget elementor-widget-button\" data-id=\"fb17ac7\" data-element_type=\"widget\" data-e-type=\"widget\" data-widget_type=\"button.default\">\n\t\t\t\t<div class=\"elementor-widget-container\">\n\t\t\t\t\t\t\t\t\t<div class=\"elementor-button-wrapper\">\n\t\t\t\t\t<a class=\"elementor-button elementor-button-link elementor-size-sm\" href=\"https:\/\/www.bepure-water.com\/es\/enya\/\">\n\t\t\t\t\t\t<span class=\"elementor-button-content-wrapper\">\n\t\t\t\t\t\t\t\t\t<span class=\"elementor-button-text\">Tecnolog\u00eda<\/span>\n\t\t\t\t\t<\/span>\n\t\t\t\t\t<\/a>\n\t\t\t\t<\/div>\n\t\t\t\t\t\t\t\t<\/div>\n\t\t\t\t<\/div>\n\t\t\t\t<\/div>\n\t\t\t\t<\/div>\n\t\t\t\t<\/div>\n\t\t<div class=\"elementor-element elementor-element-d757192 e-con-full e-flex e-con e-child\" data-id=\"d757192\" data-element_type=\"container\" data-e-type=\"container\" data-settings=\"{&quot;background_background&quot;:&quot;classic&quot;}\">\n\t\t\t\t<\/div>\n\t\t\t\t\t<\/div>\n\t\t\t\t<\/div>\n\t\t<div class=\"elementor-element elementor-element-a845d13 e-flex e-con-boxed e-con e-parent\" data-id=\"a845d13\" data-element_type=\"container\" data-e-type=\"container\" data-settings=\"{&quot;background_background&quot;:&quot;classic&quot;}\">\n\t\t\t\t\t<div class=\"e-con-inner\">\n\t\t\t\t<div class=\"elementor-element elementor-element-bb28154 elementor-widget elementor-widget-heading\" data-id=\"bb28154\" data-element_type=\"widget\" data-e-type=\"widget\" data-widget_type=\"heading.default\">\n\t\t\t\t<div class=\"elementor-widget-container\">\n\t\t\t\t\t<h2 class=\"elementor-heading-title elementor-size-default\">Sin pl\u00e1stico - Planeta verde<\/h2>\t\t\t\t<\/div>\n\t\t\t\t<\/div>\n\t\t\t\t<div class=\"elementor-element elementor-element-ceb6cb1 elementor-widget elementor-widget-text-editor\" data-id=\"ceb6cb1\" data-element_type=\"widget\" data-e-type=\"widget\" data-widget_type=\"text-editor.default\">\n\t\t\t\t<div class=\"elementor-widget-container\">\n\t\t\t\t\t\t\t\t\t\u00bfCompartes nuestra visi\u00f3n del agua potable pura, clara y mineralizada a bordo, en una casita o en una casa m\u00f3vil? be.pure tiene la soluci\u00f3n adecuada para cada uno de tus proyectos. \t\t\t\t\t\t\t\t<\/div>\n\t\t\t\t<\/div>\n\t\t\t\t<div class=\"elementor-element elementor-element-b40a6eb elementor-align-center elementor-widget elementor-widget-button\" data-id=\"b40a6eb\" data-element_type=\"widget\" data-e-type=\"widget\" data-widget_type=\"button.default\">\n\t\t\t\t<div class=\"elementor-widget-container\">\n\t\t\t\t\t\t\t\t\t<div class=\"elementor-button-wrapper\">\n\t\t\t\t\t<a class=\"elementor-button elementor-button-link elementor-size-sm\" href=\"https:\/\/www.bepure-water.com\/es\/contacta-con-nosotros\/\">\n\t\t\t\t\t\t<span class=\"elementor-button-content-wrapper\">\n\t\t\t\t\t\t\t\t\t<span class=\"elementor-button-text\">Solicita ahora una consulta gratuita<\/span>\n\t\t\t\t\t<\/span>\n\t\t\t\t\t<\/a>\n\t\t\t\t<\/div>\n\t\t\t\t\t\t\t\t<\/div>\n\t\t\t\t<\/div>\n\t\t\t\t\t<\/div>\n\t\t\t\t<\/div>\n\t\t\t\t<\/div>\n\t\t","protected":false},"excerpt":{"rendered":"<p>Porque para nosotros, todo gira en torno al agua Los cient\u00edficos tienen ahora la certeza de que la vida en la Tierra nunca podr\u00eda haberse desarrollado sin agua. Nuestro planeta ocupa una posici\u00f3n especial en el sistema solar: es el \u00fanico en el que el agua se presenta en forma l\u00edquida. Seg\u00fan las investigaciones actuales, [&hellip;]<\/p>\n","protected":false},"author":1,"featured_media":0,"parent":0,"menu_order":0,"comment_status":"closed","ping_status":"closed","template":"","meta":{"footnotes":""},"class_list":["post-3721","page","type-page","status-publish","hentry"],"_links":{"self":[{"href":"https:\/\/www.bepure-water.com\/es\/wp-json\/wp\/v2\/pages\/3721","targetHints":{"allow":["GET"]}}],"collection":[{"href":"https:\/\/www.bepure-water.com\/es\/wp-json\/wp\/v2\/pages"}],"about":[{"href":"https:\/\/www.bepure-water.com\/es\/wp-json\/wp\/v2\/types\/page"}],"author":[{"embeddable":true,"href":"https:\/\/www.bepure-water.com\/es\/wp-json\/wp\/v2\/users\/1"}],"replies":[{"embeddable":true,"href":"https:\/\/www.bepure-water.com\/es\/wp-json\/wp\/v2\/comments?post=3721"}],"version-history":[{"count":2,"href":"https:\/\/www.bepure-water.com\/es\/wp-json\/wp\/v2\/pages\/3721\/revisions"}],"predecessor-version":[{"id":4049,"href":"https:\/\/www.bepure-water.com\/es\/wp-json\/wp\/v2\/pages\/3721\/revisions\/4049"}],"wp:attachment":[{"href":"https:\/\/www.bepure-water.com\/es\/wp-json\/wp\/v2\/media?parent=3721"}],"curies":[{"name":"wp","href":"https:\/\/api.w.org\/{rel}","templated":true}]}}