{"id":3720,"date":"2025-06-30T22:09:08","date_gmt":"2025-06-30T20:09:08","guid":{"rendered":"https:\/\/www.bepure-water.com\/contacta-con-nosotros\/"},"modified":"2026-02-19T23:32:40","modified_gmt":"2026-02-19T22:32:40","slug":"contacta-con-nosotros","status":"publish","type":"page","link":"https:\/\/www.bepure-water.com\/es\/contacta-con-nosotros\/","title":{"rendered":"Contacta con nosotros"},"content":{"rendered":"\t\t<div data-elementor-type=\"wp-page\" data-elementor-id=\"3720\" class=\"elementor elementor-3720 elementor-1543\" data-elementor-post-type=\"page\">\n\t\t\t\t<div class=\"elementor-element elementor-element-7edf9e6 e-flex e-con-boxed e-con e-parent\" data-id=\"7edf9e6\" data-element_type=\"container\" data-e-type=\"container\" data-settings=\"{&quot;background_background&quot;:&quot;classic&quot;}\">\n\t\t\t\t\t<div class=\"e-con-inner\">\n\t\t\t\t<div class=\"elementor-element elementor-element-24eee53 elementor-widget elementor-widget-heading\" data-id=\"24eee53\" data-element_type=\"widget\" data-e-type=\"widget\" data-widget_type=\"heading.default\">\n\t\t\t\t<div class=\"elementor-widget-container\">\n\t\t\t\t\t<h2 class=\"elementor-heading-title elementor-size-default\">Contacta con nosotros<\/h2>\t\t\t\t<\/div>\n\t\t\t\t<\/div>\n\t\t\t\t\t<\/div>\n\t\t\t\t<\/div>\n\t\t<div class=\"elementor-element elementor-element-351d83d e-flex e-con-boxed e-con e-parent\" data-id=\"351d83d\" data-element_type=\"container\" data-e-type=\"container\" data-settings=\"{&quot;background_background&quot;:&quot;classic&quot;}\">\n\t\t\t\t\t<div class=\"e-con-inner\">\n\t\t<div class=\"elementor-element elementor-element-c3f17d7 e-flex e-con-boxed e-con e-child\" data-id=\"c3f17d7\" data-element_type=\"container\" data-e-type=\"container\">\n\t\t\t\t\t<div class=\"e-con-inner\">\n\t\t\t\t<div class=\"elementor-element elementor-element-d3662cc elementor-widget elementor-widget-heading\" data-id=\"d3662cc\" data-element_type=\"widget\" data-e-type=\"widget\" data-widget_type=\"heading.default\">\n\t\t\t\t<div class=\"elementor-widget-container\">\n\t\t\t\t\t<h2 class=\"elementor-heading-title elementor-size-default\">Hablemos del agua<\/h2>\t\t\t\t<\/div>\n\t\t\t\t<\/div>\n\t\t\t\t<div class=\"elementor-element elementor-element-de419ba elementor-widget elementor-widget-text-editor\" data-id=\"de419ba\" data-element_type=\"widget\" data-e-type=\"widget\" data-widget_type=\"text-editor.default\">\n\t\t\t\t<div class=\"elementor-widget-container\">\n\t\t\t\t\t\t\t\t\t<p style=\"text-align: center;\"><strong>be.pure e.U. | Direcci\u00f3n de facturaci\u00f3n: Gro\u00dfe Sperlgasse 8\/2\/34 | 1020 Viena | AUSTRIA<\/strong><br>E-Mail <a href=\"mailto:office@bepure-water.com\">office@bepure-water.com<\/a><\/p>\t\t\t\t\t\t\t\t<\/div>\n\t\t\t\t<\/div>\n\t\t\t\t<div class=\"elementor-element elementor-element-d62fd49 elementor-widget elementor-widget-text-editor\" data-id=\"d62fd49\" data-element_type=\"widget\" data-e-type=\"widget\" data-widget_type=\"text-editor.default\">\n\t\t\t\t<div class=\"elementor-widget-container\">\n\t\t\t\t\t\t\t\t\t<p>\u00bfQuieres instalar be.pure a bordo, en una casita o en una autocaravana? \u00bfO tienes preguntas sobre nuestros productos y sus posibles aplicaciones? Te asesoraremos personalmente y trabajaremos contigo para encontrar la soluci\u00f3n adecuada: t\u00e9cnica, pr\u00e1ctica y adaptada a tus necesidades.  <\/p>\t\t\t\t\t\t\t\t<\/div>\n\t\t\t\t<\/div>\n\t\t\t\t<div class=\"elementor-element elementor-element-30bcfa4 elementor-button-align-stretch elementor-widget elementor-widget-form\" data-id=\"30bcfa4\" data-element_type=\"widget\" data-e-type=\"widget\" data-settings=\"{&quot;step_next_label&quot;:&quot;M\\u00e1s informaci\\u00f3n en&quot;,&quot;step_previous_label&quot;:&quot;Volver&quot;,&quot;button_width&quot;:&quot;100&quot;,&quot;step_type&quot;:&quot;number_text&quot;,&quot;step_icon_shape&quot;:&quot;circle&quot;}\" data-widget_type=\"form.default\">\n\t\t\t\t<div class=\"elementor-widget-container\">\n\t\t\t\t\t\t\t<form class=\"elementor-form\" method=\"post\" name=\"Contacta con nosotros\" aria-label=\"Contacta con nosotros\">\n\t\t\t<input type=\"hidden\" name=\"post_id\" value=\"3720\"\/>\n\t\t\t<input type=\"hidden\" name=\"form_id\" value=\"30bcfa4\"\/>\n\t\t\t<input type=\"hidden\" name=\"referer_title\" value=\"\" \/>\n\n\t\t\t\n\t\t\t<div class=\"elementor-form-fields-wrapper elementor-labels-\">\n\t\t\t\t\t\t\t\t<div class=\"elementor-field-type-text elementor-field-group elementor-column elementor-field-group-name elementor-col-50 elementor-field-required\">\n\t\t\t\t\t\t\t\t\t\t\t\t<label for=\"form-field-name\" class=\"elementor-field-label elementor-screen-only\">\n\t\t\t\t\t\t\t\tNombre\t\t\t\t\t\t\t<\/label>\n\t\t\t\t\t\t\t\t\t\t\t\t\t\t<input size=\"1\" type=\"text\" name=\"form_fields[name]\" id=\"form-field-name\" class=\"elementor-field elementor-size-sm  elementor-field-textual\" placeholder=\"Nombre\" required=\"required\">\n\t\t\t\t\t\t\t\t\t\t\t<\/div>\n\t\t\t\t\t\t\t\t<div class=\"elementor-field-type-text elementor-field-group elementor-column elementor-field-group-field_defb46e elementor-col-50 elementor-field-required\">\n\t\t\t\t\t\t\t\t\t\t\t\t<label for=\"form-field-field_defb46e\" class=\"elementor-field-label elementor-screen-only\">\n\t\t\t\t\t\t\t\tApellido\t\t\t\t\t\t\t<\/label>\n\t\t\t\t\t\t\t\t\t\t\t\t\t\t<input size=\"1\" type=\"text\" name=\"form_fields[field_defb46e]\" id=\"form-field-field_defb46e\" class=\"elementor-field elementor-size-sm  elementor-field-textual\" placeholder=\"Apellidos\" required=\"required\">\n\t\t\t\t\t\t\t\t\t\t\t<\/div>\n\t\t\t\t\t\t\t\t<div class=\"elementor-field-type-email elementor-field-group elementor-column elementor-field-group-email elementor-col-50 elementor-field-required\">\n\t\t\t\t\t\t\t\t\t\t\t\t<label for=\"form-field-email\" class=\"elementor-field-label elementor-screen-only\">\n\t\t\t\t\t\t\t\tcorreo electr\u00f3nico\t\t\t\t\t\t\t<\/label>\n\t\t\t\t\t\t\t\t\t\t\t\t\t\t<input size=\"1\" type=\"email\" name=\"form_fields[email]\" id=\"form-field-email\" class=\"elementor-field elementor-size-sm  elementor-field-textual\" placeholder=\"Correo electr\u00f3nico\" required=\"required\">\n\t\t\t\t\t\t\t\t\t\t\t<\/div>\n\t\t\t\t\t\t\t\t<div class=\"elementor-field-type-tel elementor-field-group elementor-column elementor-field-group-field_c160d60 elementor-col-50 elementor-field-required\">\n\t\t\t\t\t\t\t\t\t\t\t\t<label for=\"form-field-field_c160d60\" class=\"elementor-field-label elementor-screen-only\">\n\t\t\t\t\t\t\t\tTel\u00e9fono\t\t\t\t\t\t\t<\/label>\n\t\t\t\t\t\t\t\t<input size=\"1\" type=\"tel\" name=\"form_fields[field_c160d60]\" id=\"form-field-field_c160d60\" class=\"elementor-field elementor-size-sm  elementor-field-textual\" placeholder=\"Tel\u00e9fono\" required=\"required\" pattern=\"[0-9()#&amp;+*-=.]+\" title=\"Solo se aceptan n\u00fameros y caracteres de tel\u00e9fono (#,-,*,etc).\">\n\n\t\t\t\t\t\t<\/div>\n\t\t\t\t\t\t\t\t<div class=\"elementor-field-type-text elementor-field-group elementor-column elementor-field-group-field_1a92efb elementor-col-33 elementor-field-required\">\n\t\t\t\t\t\t\t\t\t\t\t\t<label for=\"form-field-field_1a92efb\" class=\"elementor-field-label elementor-screen-only\">\n\t\t\t\t\t\t\t\tC\u00d3DIGO POSTAL\t\t\t\t\t\t\t<\/label>\n\t\t\t\t\t\t\t\t\t\t\t\t\t\t<input size=\"1\" type=\"text\" name=\"form_fields[field_1a92efb]\" id=\"form-field-field_1a92efb\" class=\"elementor-field elementor-size-sm  elementor-field-textual\" placeholder=\"C\u00d3DIGO POSTAL\" required=\"required\">\n\t\t\t\t\t\t\t\t\t\t\t<\/div>\n\t\t\t\t\t\t\t\t<div class=\"elementor-field-type-text elementor-field-group elementor-column elementor-field-group-field_c414f5c elementor-col-33 elementor-field-required\">\n\t\t\t\t\t\t\t\t\t\t\t\t<label for=\"form-field-field_c414f5c\" class=\"elementor-field-label elementor-screen-only\">\n\t\t\t\t\t\t\t\tCiudad\t\t\t\t\t\t\t<\/label>\n\t\t\t\t\t\t\t\t\t\t\t\t\t\t<input size=\"1\" type=\"text\" name=\"form_fields[field_c414f5c]\" id=\"form-field-field_c414f5c\" class=\"elementor-field elementor-size-sm  elementor-field-textual\" placeholder=\"Ciudad\" required=\"required\">\n\t\t\t\t\t\t\t\t\t\t\t<\/div>\n\t\t\t\t\t\t\t\t<div class=\"elementor-field-type-text elementor-field-group elementor-column elementor-field-group-field_42fd0da elementor-col-33 elementor-field-required\">\n\t\t\t\t\t\t\t\t\t\t\t\t<label for=\"form-field-field_42fd0da\" class=\"elementor-field-label elementor-screen-only\">\n\t\t\t\t\t\t\t\tPa\u00eds\t\t\t\t\t\t\t<\/label>\n\t\t\t\t\t\t\t\t\t\t\t\t\t\t<input size=\"1\" type=\"text\" name=\"form_fields[field_42fd0da]\" id=\"form-field-field_42fd0da\" class=\"elementor-field elementor-size-sm  elementor-field-textual\" placeholder=\"Pa\u00eds\" required=\"required\">\n\t\t\t\t\t\t\t\t\t\t\t<\/div>\n\t\t\t\t\t\t\t\t<div class=\"elementor-field-type-html elementor-field-group elementor-column elementor-field-group-field_94959ae elementor-col-100\">\n\t\t\t\t\t<span style=\"color: #e1c07c; font-size:16px; font-weight:400; line-height:30px;\">Atento a trav\u00e9s de  <\/span>\t\t\t\t<\/div>\n\t\t\t\t\t\t\t\t<div class=\"elementor-field-type-text elementor-field-group elementor-column elementor-field-group-field_2ad4f0c elementor-col-100\">\n\t\t\t\t\t\t\t\t\t\t\t\t<label for=\"form-field-field_2ad4f0c\" class=\"elementor-field-label elementor-screen-only\">\n\t\t\t\t\t\t\t\tVisto\t\t\t\t\t\t\t<\/label>\n\t\t\t\t\t\t\t\t\t\t\t\t\t\t<input size=\"1\" type=\"text\" name=\"form_fields[field_2ad4f0c]\" id=\"form-field-field_2ad4f0c\" class=\"elementor-field elementor-size-sm  elementor-field-textual\" placeholder=\"Nos dimos cuenta de ello a trav\u00e9s de\">\n\t\t\t\t\t\t\t\t\t\t\t<\/div>\n\t\t\t\t\t\t\t\t<div class=\"elementor-field-type-textarea elementor-field-group elementor-column elementor-field-group-message elementor-col-100\">\n\t\t\t\t\t\t\t\t\t\t\t\t<label for=\"form-field-message\" class=\"elementor-field-label elementor-screen-only\">\n\t\t\t\t\t\t\t\tMensaje\t\t\t\t\t\t\t<\/label>\n\t\t\t\t\t\t<textarea class=\"elementor-field-textual elementor-field  elementor-size-sm\" name=\"form_fields[message]\" id=\"form-field-message\" rows=\"4\" placeholder=\"Mensaje\"><\/textarea>\t\t\t\t<\/div>\n\t\t\t\t\t\t\t\t<div class=\"elementor-field-type-acceptance elementor-field-group elementor-column elementor-field-group-field_cc3ea3e elementor-col-100 elementor-field-required\">\n\t\t\t\t\t\t\t\t\t\t\t\t<label for=\"form-field-field_cc3ea3e\" class=\"elementor-field-label elementor-screen-only\">\n\t\t\t\t\t\t\t\tProtecci\u00f3n de datos\t\t\t\t\t\t\t<\/label>\n\t\t\t\t\t\t\t\t<div class=\"elementor-field-subgroup\">\n\t\t\t<span class=\"elementor-field-option\">\n\t\t\t\t<input type=\"checkbox\" name=\"form_fields[field_cc3ea3e]\" id=\"form-field-field_cc3ea3e\" class=\"elementor-field elementor-size-sm  elementor-acceptance-field\" required=\"required\">\n\t\t\t\t<label for=\"form-field-field_cc3ea3e\">Acepto...  <\/label>\t\t\t<\/span>\n\t\t<\/div>\n\t\t\t\t\t\t<\/div>\n\t\t\t\t\t\t\t\t<div class=\"elementor-field-group elementor-column elementor-field-type-submit elementor-col-100 e-form__buttons\">\n\t\t\t\t\t<button class=\"elementor-button elementor-size-sm\" type=\"submit\">\n\t\t\t\t\t\t<span class=\"elementor-button-content-wrapper\">\n\t\t\t\t\t\t\t\t\t\t\t\t\t\t\t\t\t\t\t\t\t\t<span class=\"elementor-button-text\">Env\u00eda<\/span>\n\t\t\t\t\t\t\t\t\t\t\t\t\t<\/span>\n\t\t\t\t\t<\/button>\n\t\t\t\t<\/div>\n\t\t\t<\/div>\n\t\t<\/form>\n\t\t\t\t\t\t<\/div>\n\t\t\t\t<\/div>\n\t\t\t\t<div class=\"elementor-element elementor-element-cb7ba07 elementor-hidden-desktop elementor-hidden-tablet elementor-hidden-mobile elementor-widget elementor-widget-image\" data-id=\"cb7ba07\" data-element_type=\"widget\" data-e-type=\"widget\" data-widget_type=\"image.default\">\n\t\t\t\t<div class=\"elementor-widget-container\">\n\t\t\t\t\t\t\t\t\t\t\t\t\t\t\t<img decoding=\"async\" src=\"https:\/\/www.bepure-water.com\/wp-content\/uploads\/elementor\/thumbs\/taste-of-austria-logo-gold0-qwj0sq4nxkik6ufhicuujrzzds6foek8iewg41yjtc.png\" title=\"taste-of-austria-logo-gold0\" alt=\"taste-of-austria-logo-gold0\" loading=\"lazy\" \/>\t\t\t\t\t\t\t\t\t\t\t\t\t\t\t<\/div>\n\t\t\t\t<\/div>\n\t\t\t\t\t<\/div>\n\t\t\t\t<\/div>\n\t\t\t\t\t<\/div>\n\t\t\t\t<\/div>\n\t\t\t\t<\/div>\n\t\t","protected":false},"excerpt":{"rendered":"<p>Contacta con nosotros Hablemos del agua be.pure e.U. | Direcci\u00f3n de facturaci\u00f3n: Gro\u00dfe Sperlgasse 8\/2\/34 | 1020 Viena | AUSTRIAE-Mail office@bepure-water.com \u00bfQuieres instalar be.pure a bordo, en una casita o en una autocaravana? \u00bfO tienes preguntas sobre nuestros productos y sus posibles aplicaciones? Te asesoraremos personalmente y trabajaremos contigo para encontrar la soluci\u00f3n adecuada: t\u00e9cnica, [&hellip;]<\/p>\n","protected":false},"author":1,"featured_media":0,"parent":0,"menu_order":0,"comment_status":"closed","ping_status":"closed","template":"","meta":{"footnotes":""},"class_list":["post-3720","page","type-page","status-publish","hentry"],"_links":{"self":[{"href":"https:\/\/www.bepure-water.com\/es\/wp-json\/wp\/v2\/pages\/3720","targetHints":{"allow":["GET"]}}],"collection":[{"href":"https:\/\/www.bepure-water.com\/es\/wp-json\/wp\/v2\/pages"}],"about":[{"href":"https:\/\/www.bepure-water.com\/es\/wp-json\/wp\/v2\/types\/page"}],"author":[{"embeddable":true,"href":"https:\/\/www.bepure-water.com\/es\/wp-json\/wp\/v2\/users\/1"}],"replies":[{"embeddable":true,"href":"https:\/\/www.bepure-water.com\/es\/wp-json\/wp\/v2\/comments?post=3720"}],"version-history":[{"count":2,"href":"https:\/\/www.bepure-water.com\/es\/wp-json\/wp\/v2\/pages\/3720\/revisions"}],"predecessor-version":[{"id":3725,"href":"https:\/\/www.bepure-water.com\/es\/wp-json\/wp\/v2\/pages\/3720\/revisions\/3725"}],"wp:attachment":[{"href":"https:\/\/www.bepure-water.com\/es\/wp-json\/wp\/v2\/media?parent=3720"}],"curies":[{"name":"wp","href":"https:\/\/api.w.org\/{rel}","templated":true}]}}