{"id":3712,"date":"2025-06-30T22:09:40","date_gmt":"2025-06-30T20:09:40","guid":{"rendered":"https:\/\/www.bepure-water.com\/casas-minusculas\/"},"modified":"2026-02-23T21:36:38","modified_gmt":"2026-02-23T20:36:38","slug":"casas-minusculas","status":"publish","type":"page","link":"https:\/\/www.bepure-water.com\/es\/casas-minusculas\/","title":{"rendered":"Casas min\u00fasculas"},"content":{"rendered":"\t\t<div data-elementor-type=\"wp-page\" data-elementor-id=\"3712\" class=\"elementor elementor-3712 elementor-1530\" data-elementor-post-type=\"page\">\n\t\t\t\t<div class=\"elementor-element elementor-element-d8ea883 e-con-full e-flex e-con e-parent\" data-id=\"d8ea883\" data-element_type=\"container\" data-e-type=\"container\">\n\t\t\t\t<div class=\"elementor-element elementor-element-a2ff491 elementor-widget elementor-widget-slider_revolution\" data-id=\"a2ff491\" data-element_type=\"widget\" data-e-type=\"widget\" data-widget_type=\"slider_revolution.default\">\n\t\t\t\t<div class=\"elementor-widget-container\">\n\t\t\t\t\t\n\t\t<div class=\"wp-block-themepunch-revslider\">\n\t\t\t\t<p class=\"rs-p-wp-fix\"><\/p>\n\t\t\t\t<sr7-module data-alias=\"yachtloesungen-2-0-1\" data-id=\"27\" id=\"SR7_27_1\" class=\"rs-ov-hidden\" data-version=\"6.7.41\">\n\t\t\t\t\t<sr7-adjuster><\/sr7-adjuster>\n\t\t\t\t\t<sr7-content>\n\t\t\t\t\t\t<sr7-slide id=\"SR7_27_1-136\" data-key=\"136\">\n\t\t\t\t\t\t\t<sr7-bg id=\"SR7_27_1-136-8\" class=\"sr7-layer\"><noscript><img decoding=\"async\" src=\"https:\/\/www.bepure-water.com\/wp-content\/uploads\/2025\/12\/bepure-tiny-house-2.jpg\" alt=\"\" title=\"bepure-tiny-house-2\"><\/noscript><\/sr7-bg>\n\t\t\t\t\t\t\t<h1 id=\"SR7_27_1-136-0\" class=\"sr7-layer\">AGUA POTABLE COMO LA DE MANANTIAL: PARA CASAS PEQUE\u00d1AS<\/h1>\n\t\t\t\t\t\t\t<sr7-txt id=\"SR7_27_1-136-5\" class=\"sr7-layer\"><b>La filtraci\u00f3n ultrafina se une a la mineralizaci\u00f3n inteligente<\/b><br><br><br \/>\n<\/sr7-txt>\n\t\t\t\t\t\t\t<sr7-txt id=\"SR7_27_1-136-6\" class=\"sr7-layer\">be.pure lleva la innovadora tecnolog\u00eda de tratamiento de agua a tu peque\u00f1a casa.<br><br><br \/>\nGracias al sistema ENYA, el agua de lluvia recogida se convierte en agua potable mineralizada con el sabor caracter\u00edstico de be.pure.<br><br>El coraz\u00f3n del sistema es la unidad de \u00f3smosis inversa ENYA 2.0 de \u00faltima generaci\u00f3n, combinada con una unidad de mineralizaci\u00f3n especializada. Juntas, proporcionan el mejor y m\u00e1s puro agua potable, directamente a tu peque\u00f1a casa. <\/sr7-txt>\n\t\t\t\t\t\t<\/sr7-slide>\n\t\t\t\t\t\t<sr7-slide id=\"SR7_27_1-72\" data-key=\"72\">\n\t\t\t\t\t\t<\/sr7-slide>\n\t\t\t\t\t<\/sr7-content>\n\t\t\t\t\t<image_lists style=\"display:none\">\n\t\t\t\t\t\t<img data-src=\"\/\/www.bepure-water.com\/wp-content\/uploads\/2025\/12\/bepure-tiny-house-2.jpg\" data-libid=\"3268\" data-lib=\"medialibrary\" title=\"bepure-tiny-house-2\" width=\"0\" height=\"0\" data-dbsrc=\"Ly93d3cuYmVwdXJlLXdhdGVyLmNvbS93cC1jb250ZW50L3VwbG9hZHMvMjAyNS8xMi9iZXB1cmUtdGlueS1ob3VzZS0yLmpwZw==\"\/>\n\t\t\t\t\t<\/image_lists>\n\t\t\t\t<\/sr7-module>\n\t\t\t\t<script>\n\t\t\t\t\tSR7.PMH ??={}; SR7.PMH[\"SR7_27_1\"] = {cn:100,state:false,fn: function() { if (_tpt!==undefined && _tpt.prepareModuleHeight !== undefined) {  _tpt.prepareModuleHeight({id:\"SR7_27_1\",el:[1249,1249,1249,1249,750],type:'hero',shdw:'0',gh:[600,600,600,600,720],gw:[1240,1240,1240,1240,480],vpt:['-100px&#039;,&#039;-100px&#039;,&#039;-100px&#039;,&#039;-100px&#039;,&#039;-100px'],size:{fullWidth:true, fullHeight:true},fho:'',mh:'0',onh:0,onw:0,bg:{color:'{\"orig\":\"transparent\",\"type\":\"solid\",\"string\":\"transparent\"}'}});   SR7.PMH[\"SR7_27_1\"].state=true;} else if(SR7.PMH[\"SR7_27_1\"].cn-->0)\tsetTimeout( SR7.PMH[\"SR7_27_1\"].fn,19);}};SR7.PMH[\"SR7_27_1\" ].fn();\n\t\t\t\t<\/script>\n<\/div>\n\n\t\t\t\t\t\t<\/div>\n\t\t\t\t<\/div>\n\t\t\t\t<\/div>\n\t\t<div class=\"elementor-element elementor-element-d59919c e-flex e-con-boxed e-con e-parent\" data-id=\"d59919c\" data-element_type=\"container\" data-e-type=\"container\" data-settings=\"{&quot;background_background&quot;:&quot;classic&quot;}\">\n\t\t\t\t\t<div class=\"e-con-inner\">\n\t\t<div class=\"elementor-element elementor-element-ca62951 e-con-full e-flex e-con e-child\" data-id=\"ca62951\" data-element_type=\"container\" data-e-type=\"container\" data-settings=\"{&quot;background_background&quot;:&quot;classic&quot;}\">\n\t\t\t\t<\/div>\n\t\t<div class=\"elementor-element elementor-element-d879f18 e-con-full e-flex e-con e-child\" data-id=\"d879f18\" data-element_type=\"container\" data-e-type=\"container\" data-settings=\"{&quot;background_background&quot;:&quot;classic&quot;}\">\n\t\t\t\t<div class=\"elementor-element elementor-element-02e2e22 elementor-widget elementor-widget-heading\" data-id=\"02e2e22\" data-element_type=\"widget\" data-e-type=\"widget\" data-widget_type=\"heading.default\">\n\t\t\t\t<div class=\"elementor-widget-container\">\n\t\t\t\t\t<h2 class=\"elementor-heading-title elementor-size-default\">Las ventajas de un vistazo<\/h2>\t\t\t\t<\/div>\n\t\t\t\t<\/div>\n\t\t\t\t<div class=\"elementor-element elementor-element-7ea1274 elementor-widget-divider--view-line elementor-widget elementor-widget-divider\" data-id=\"7ea1274\" data-element_type=\"widget\" data-e-type=\"widget\" data-widget_type=\"divider.default\">\n\t\t\t\t<div class=\"elementor-widget-container\">\n\t\t\t\t\t\t\t<div class=\"elementor-divider\">\n\t\t\t<span class=\"elementor-divider-separator\">\n\t\t\t\t\t\t<\/span>\n\t\t<\/div>\n\t\t\t\t\t\t<\/div>\n\t\t\t\t<\/div>\n\t\t\t\t<div class=\"elementor-element elementor-element-4dce1c6 elementor-widget elementor-widget-text-editor\" data-id=\"4dce1c6\" data-element_type=\"widget\" data-e-type=\"widget\" data-widget_type=\"text-editor.default\">\n\t\t\t\t<div class=\"elementor-widget-container\">\n\t\t\t\t\t\t\t\t\t<p>Con una finura de filtrado de 0,1 nan\u00f3metros, el sistema elimina incluso las impurezas m\u00e1s finas, como nitratos y pesticidas, bacterias y virus, hormonas, residuos de medicamentos, metales pesados, micropl\u00e1sticos y PFAS (un grupo de sustancias qu\u00edmicas nocivas). Tras la purificaci\u00f3n, el agua se enriquece con minerales esenciales como el calcio y el magnesio, para una experiencia de sabor fresco, natural y puro.<br>Con be.pure, obtienes dos tecnolog\u00edas centrales en un sistema compacto: filtraci\u00f3n molecular y mineralizaci\u00f3n dirigida. Esta combinaci\u00f3n garantiza un agua potable cristalina, sana y sabrosa, perfecta para conceptos de vida minimalistas.  <\/p><ul class=\"checklist-css\"><li>Suministro total de agua &#8211; sin conexi\u00f3n al sistema p\u00fablico de suministro<\/li><li>M\u00e1xima pureza: hasta la mol\u00e9cula m\u00e1s peque\u00f1a<\/li><li>Agua saludable en la que puedes confiar<\/li><li>Sabor totalmente natural, como reci\u00e9n salido de la fuente<\/li><li>Dise\u00f1o compacto: perfecto para habitaciones peque\u00f1as<\/li><\/ul><p>be.pure te ofrece la m\u00e1xima calidad de agua y comodidad, sin concesiones. Ideal para cualquiera que valore la salud, la sostenibilidad, la innovaci\u00f3n t\u00e9cnica y la comodidad. <\/p>\t\t\t\t\t\t\t\t<\/div>\n\t\t\t\t<\/div>\n\t\t<div class=\"elementor-element elementor-element-0c897c7 e-con-full e-flex e-con e-child\" data-id=\"0c897c7\" data-element_type=\"container\" data-e-type=\"container\">\n\t\t<div class=\"elementor-element elementor-element-a7c7dc2 e-con-full e-flex e-con e-child\" data-id=\"a7c7dc2\" data-element_type=\"container\" data-e-type=\"container\">\n\t\t\t\t<div class=\"elementor-element elementor-element-6cba779 elementor-align-justify elementor-widget elementor-widget-button\" data-id=\"6cba779\" data-element_type=\"widget\" data-e-type=\"widget\" data-widget_type=\"button.default\">\n\t\t\t\t<div class=\"elementor-widget-container\">\n\t\t\t\t\t\t\t\t\t<div class=\"elementor-button-wrapper\">\n\t\t\t\t\t<a class=\"elementor-button elementor-button-link elementor-size-sm\" href=\"https:\/\/www.bepure-water.com\/wp-content\/uploads\/2026\/01\/bepure-katalog-ES-web.pdf\" target=\"_blank\">\n\t\t\t\t\t\t<span class=\"elementor-button-content-wrapper\">\n\t\t\t\t\t\t\t\t\t<span class=\"elementor-button-text\">cat\u00e1logo be.pure water<\/span>\n\t\t\t\t\t<\/span>\n\t\t\t\t\t<\/a>\n\t\t\t\t<\/div>\n\t\t\t\t\t\t\t\t<\/div>\n\t\t\t\t<\/div>\n\t\t\t\t<\/div>\n\t\t<div class=\"elementor-element elementor-element-f18ac27 e-con-full e-flex e-con e-child\" data-id=\"f18ac27\" data-element_type=\"container\" data-e-type=\"container\">\n\t\t\t\t<div class=\"elementor-element elementor-element-494e6fa elementor-align-justify elementor-widget elementor-widget-button\" data-id=\"494e6fa\" data-element_type=\"widget\" data-e-type=\"widget\" data-widget_type=\"button.default\">\n\t\t\t\t<div class=\"elementor-widget-container\">\n\t\t\t\t\t\t\t\t\t<div class=\"elementor-button-wrapper\">\n\t\t\t\t\t<a class=\"elementor-button elementor-button-link elementor-size-sm\" href=\"https:\/\/www.bepure-water.com\/technologie-2\/\">\n\t\t\t\t\t\t<span class=\"elementor-button-content-wrapper\">\n\t\t\t\t\t\t\t\t\t<span class=\"elementor-button-text\">Tecnolog\u00eda<\/span>\n\t\t\t\t\t<\/span>\n\t\t\t\t\t<\/a>\n\t\t\t\t<\/div>\n\t\t\t\t\t\t\t\t<\/div>\n\t\t\t\t<\/div>\n\t\t\t\t<\/div>\n\t\t\t\t<\/div>\n\t\t\t\t<\/div>\n\t\t\t\t\t<\/div>\n\t\t\t\t<\/div>\n\t\t<div class=\"elementor-element elementor-element-5c36e2c e-flex e-con-boxed e-con e-parent\" data-id=\"5c36e2c\" data-element_type=\"container\" data-e-type=\"container\" data-settings=\"{&quot;background_background&quot;:&quot;classic&quot;}\">\n\t\t\t\t\t<div class=\"e-con-inner\">\n\t\t\t\t<div class=\"elementor-element elementor-element-a02f271 elementor-widget elementor-widget-heading\" data-id=\"a02f271\" data-element_type=\"widget\" data-e-type=\"widget\" data-widget_type=\"heading.default\">\n\t\t\t\t<div class=\"elementor-widget-container\">\n\t\t\t\t\t<h2 class=\"elementor-heading-title elementor-size-default\">Sin pl\u00e1stico - Planeta verde<\/h2>\t\t\t\t<\/div>\n\t\t\t\t<\/div>\n\t\t\t\t<div class=\"elementor-element elementor-element-b26b609 elementor-widget elementor-widget-text-editor\" data-id=\"b26b609\" data-element_type=\"widget\" data-e-type=\"widget\" data-widget_type=\"text-editor.default\">\n\t\t\t\t<div class=\"elementor-widget-container\">\n\t\t\t\t\t\t\t\t\t\u00bfCompartes nuestra visi\u00f3n del agua potable pura, clara y mineralizada a bordo, en una casita o en una casa m\u00f3vil? be.pure tiene la soluci\u00f3n adecuada para cada uno de tus proyectos. \t\t\t\t\t\t\t\t<\/div>\n\t\t\t\t<\/div>\n\t\t\t\t<div class=\"elementor-element elementor-element-8128072 elementor-align-center elementor-widget elementor-widget-button\" data-id=\"8128072\" data-element_type=\"widget\" data-e-type=\"widget\" data-widget_type=\"button.default\">\n\t\t\t\t<div class=\"elementor-widget-container\">\n\t\t\t\t\t\t\t\t\t<div class=\"elementor-button-wrapper\">\n\t\t\t\t\t<a class=\"elementor-button elementor-button-link elementor-size-sm\" href=\"https:\/\/www.bepure-water.com\/es\/contacta-con-nosotros\/\">\n\t\t\t\t\t\t<span class=\"elementor-button-content-wrapper\">\n\t\t\t\t\t\t\t\t\t<span class=\"elementor-button-text\">Solicita ahora una consulta gratuita<\/span>\n\t\t\t\t\t<\/span>\n\t\t\t\t\t<\/a>\n\t\t\t\t<\/div>\n\t\t\t\t\t\t\t\t<\/div>\n\t\t\t\t<\/div>\n\t\t\t\t\t<\/div>\n\t\t\t\t<\/div>\n\t\t\t\t<\/div>\n\t\t","protected":false},"excerpt":{"rendered":"<p>Las ventajas de un vistazo Con una finura de filtrado de 0,1 nan\u00f3metros, el sistema elimina incluso las impurezas m\u00e1s finas, como nitratos y pesticidas, bacterias y virus, hormonas, residuos de medicamentos, metales pesados, micropl\u00e1sticos y PFAS (un grupo de sustancias qu\u00edmicas nocivas). Tras la purificaci\u00f3n, el agua se enriquece con minerales esenciales como el [&hellip;]<\/p>\n","protected":false},"author":1,"featured_media":0,"parent":0,"menu_order":0,"comment_status":"closed","ping_status":"closed","template":"","meta":{"footnotes":""},"class_list":["post-3712","page","type-page","status-publish","hentry"],"_links":{"self":[{"href":"https:\/\/www.bepure-water.com\/es\/wp-json\/wp\/v2\/pages\/3712","targetHints":{"allow":["GET"]}}],"collection":[{"href":"https:\/\/www.bepure-water.com\/es\/wp-json\/wp\/v2\/pages"}],"about":[{"href":"https:\/\/www.bepure-water.com\/es\/wp-json\/wp\/v2\/types\/page"}],"author":[{"embeddable":true,"href":"https:\/\/www.bepure-water.com\/es\/wp-json\/wp\/v2\/users\/1"}],"replies":[{"embeddable":true,"href":"https:\/\/www.bepure-water.com\/es\/wp-json\/wp\/v2\/comments?post=3712"}],"version-history":[{"count":5,"href":"https:\/\/www.bepure-water.com\/es\/wp-json\/wp\/v2\/pages\/3712\/revisions"}],"predecessor-version":[{"id":4253,"href":"https:\/\/www.bepure-water.com\/es\/wp-json\/wp\/v2\/pages\/3712\/revisions\/4253"}],"wp:attachment":[{"href":"https:\/\/www.bepure-water.com\/es\/wp-json\/wp\/v2\/media?parent=3712"}],"curies":[{"name":"wp","href":"https:\/\/api.w.org\/{rel}","templated":true}]}}