{"id":3698,"date":"2025-06-30T22:28:26","date_gmt":"2025-06-30T20:28:26","guid":{"rendered":"https:\/\/www.bepure-water.com\/pie-de-imprenta\/"},"modified":"2026-02-19T23:32:27","modified_gmt":"2026-02-19T22:32:27","slug":"pie-de-imprenta","status":"publish","type":"page","link":"https:\/\/www.bepure-water.com\/es\/pie-de-imprenta\/","title":{"rendered":"Pie de imprenta"},"content":{"rendered":"\t\t<div data-elementor-type=\"wp-page\" data-elementor-id=\"3698\" class=\"elementor elementor-3698 elementor-1597\" data-elementor-post-type=\"page\">\n\t\t\t\t<div class=\"elementor-element elementor-element-835299a e-flex e-con-boxed e-con e-parent\" data-id=\"835299a\" data-element_type=\"container\" data-e-type=\"container\" data-settings=\"{&quot;background_background&quot;:&quot;classic&quot;}\">\n\t\t\t\t\t<div class=\"e-con-inner\">\n\t\t\t\t<div class=\"elementor-element elementor-element-2ede2c8 elementor-widget elementor-widget-heading\" data-id=\"2ede2c8\" data-element_type=\"widget\" data-e-type=\"widget\" data-widget_type=\"heading.default\">\n\t\t\t\t<div class=\"elementor-widget-container\">\n\t\t\t\t\t<h2 class=\"elementor-heading-title elementor-size-default\">Pie de imprenta<\/h2>\t\t\t\t<\/div>\n\t\t\t\t<\/div>\n\t\t\t\t\t<\/div>\n\t\t\t\t<\/div>\n\t\t<div class=\"elementor-element elementor-element-4248e6b e-flex e-con-boxed e-con e-parent\" data-id=\"4248e6b\" data-element_type=\"container\" data-e-type=\"container\">\n\t\t\t\t\t<div class=\"e-con-inner\">\n\t\t<div class=\"elementor-element elementor-element-831cdab e-con-full e-flex e-con e-child\" data-id=\"831cdab\" data-element_type=\"container\" data-e-type=\"container\">\n\t\t\t\t<div class=\"elementor-element elementor-element-f148be5 elementor-widget elementor-widget-text-editor\" data-id=\"f148be5\" data-element_type=\"widget\" data-e-type=\"widget\" data-widget_type=\"text-editor.default\">\n\t\t\t\t<div class=\"elementor-widget-container\">\n\t\t\t\t\t\t\t\t\t<p><strong>be.pure e.U.<\/strong><\/p><p><strong>Direcci\u00f3n de facturaci\u00f3n<\/strong><br>Gro\u00dfe Sperlgasse 8\/2\/34<br>1020 Viena<br>Austria<\/p><p><strong>Directora General<br><\/strong>Barbara Schad, M.A.<\/p>\t\t\t\t\t\t\t\t<\/div>\n\t\t\t\t<\/div>\n\t\t\t\t<\/div>\n\t\t<div class=\"elementor-element elementor-element-ec1cdf3 e-con-full e-flex e-con e-child\" data-id=\"ec1cdf3\" data-element_type=\"container\" data-e-type=\"container\">\n\t\t\t\t<div class=\"elementor-element elementor-element-53c2d00 elementor-widget elementor-widget-text-editor\" data-id=\"53c2d00\" data-element_type=\"widget\" data-e-type=\"widget\" data-widget_type=\"text-editor.default\">\n\t\t\t\t<div class=\"elementor-widget-container\">\n\t\t\t\t\t\t\t\t\t<p><strong>Tel\u00e9fono<\/strong><br>+43 (0) 699 171 817 77<\/p><p><strong>correo electr\u00f3nico<\/strong><br><a href=\"mailto:office@bepure-water.com\">office@bepure-water.com<\/a><\/p>\t\t\t\t\t\t\t\t<\/div>\n\t\t\t\t<\/div>\n\t\t\t\t<\/div>\n\t\t<div class=\"elementor-element elementor-element-8902d13 e-con-full e-flex e-con e-child\" data-id=\"8902d13\" data-element_type=\"container\" data-e-type=\"container\">\n\t\t\t\t<div class=\"elementor-element elementor-element-c4e3771 elementor-widget elementor-widget-text-editor\" data-id=\"c4e3771\" data-element_type=\"widget\" data-e-type=\"widget\" data-widget_type=\"text-editor.default\">\n\t\t\t\t<div class=\"elementor-widget-container\">\n\t\t\t\t\t\t\t\t\t<p><strong>Dise\u00f1o y realizaci\u00f3n de la web<br><\/strong>HW-Concept<br><a href=\"https:\/\/web.archive.org\/web\/20240425064057\/http:\/\/www.hw-concept.com\/\" target=\"_blank\" rel=\"noopener noreferrer\">www.hw-concept.com<\/a><br><a href=\"https:\/\/web.archive.org\/web\/20240425064057\/mailto:office@hw-concept.com\">office@hw-concept.com<\/a><\/p>\t\t\t\t\t\t\t\t<\/div>\n\t\t\t\t<\/div>\n\t\t\t\t<\/div>\n\t\t\t\t\t<\/div>\n\t\t\t\t<\/div>\n\t\t<div class=\"elementor-element elementor-element-f16c9b9 e-flex e-con-boxed e-con e-parent\" data-id=\"f16c9b9\" data-element_type=\"container\" data-e-type=\"container\">\n\t\t\t\t\t<div class=\"e-con-inner\">\n\t\t\t\t<div class=\"elementor-element elementor-element-cf905ea elementor-widget elementor-widget-text-editor\" data-id=\"cf905ea\" data-element_type=\"widget\" data-e-type=\"widget\" data-widget_type=\"text-editor.default\">\n\t\t\t\t<div class=\"elementor-widget-container\">\n\t\t\t\t\t\t\t\t\t<p><strong>N\u00famero de registro mercantil: <\/strong>FN 611266 x<br> N\u00famero UID<strong>: <\/strong>ATU 65716157<\/p><div class=\"wpb_text_column wpb_content_element tb_counter_4\"><div class=\"wpb_wrapper\"><div class=\"wpb_text_column wpb_content_element tb_counter_4\"><div class=\"wpb_wrapper\"><p>Plataforma de la Comisi\u00f3n Europea para la resoluci\u00f3n de litigios en l\u00ednea (OS) para los consumidores: <a href=\"https:\/\/web.archive.org\/web\/20240425064057\/https:\/\/ec.europa.eu\/consumers\/odr\/\" target=\"_blank\" rel=\"noopener noreferrer\">https:\/\/ec.europa.eu\/consumers\/odr\/.<\/a> No estamos dispuestos ni obligados a participar en un procedimiento de resoluci\u00f3n de litigios ante una junta arbitral de consumo. <\/p><p><strong>Descargo de responsabilidad<\/strong><br>El autor no asume responsabilidad alguna por la actualidad, correcci\u00f3n, exactitud, fiabilidad e integridad de la informaci\u00f3n proporcionada. Quedan excluidas las reclamaciones de responsabilidad contra el autor por da\u00f1os de naturaleza material o inmaterial derivados del acceso a la informaci\u00f3n publicada, de su uso o no uso, del mal uso de la conexi\u00f3n o de fallos t\u00e9cnicos. Todas las ofertas son sin compromiso. El autor se reserva expresamente el derecho a modificar, completar o eliminar partes de las p\u00e1ginas o toda la oferta sin previo aviso o a suspender temporal o definitivamente la publicaci\u00f3n.   <\/p><p><strong>Copyright<\/strong><br>Todos los derechos reservados. Los contenidos de este sitio web est\u00e1n sujetos a derechos de autor y otras leyes de protecci\u00f3n de la propiedad intelectual. No est\u00e1 permitida la reproducci\u00f3n o modificaci\u00f3n del sitio web ni de sus contenidos individuales sin el consentimiento expreso de .  <\/p><p><strong>Responsabilidad<\/strong><br>Todos los contenidos, documentos y otros detalles de este sitio web se facilitan para tu informaci\u00f3n, en particular sobre nuestra empresa y nuestros servicios. No deben entenderse como una oferta en sentido jur\u00eddico ni como un servicio de consultor\u00eda.<br>Aunque nos esforzamos por poner el mayor cuidado posible en la presentaci\u00f3n de la informaci\u00f3n, el autor no acepta ninguna responsabilidad por los inconvenientes que puedan derivarse del uso de la informaci\u00f3n mostrada en este sitio web. <\/p><p><strong>Enlaces<\/strong><br>No aceptamos responsabilidad alguna por la exactitud, el contenido o la ausencia de contenido agresivo y\/o da\u00f1ino, como virus, troyanos, etc., de los enlaces de nuestro sitio web. En particular, no aceptamos ninguna responsabilidad por el contenido de los sitios web externos a los que se hace referencia mediante hiperv\u00ednculos, de los que el proveedor respectivo es el \u00fanico responsable. Los enlaces a nuestro sitio web son bienvenidos si est\u00e1n dise\u00f1ados como enlaces externos (ventana separada del navegador). No est\u00e1 permitida la transferencia de la ventana principal a un marco del creador del enlace. Si un sitio web al que hemos enlazado contiene contenido ilegal, inf\u00f3rmanos y el enlace ser\u00e1 eliminado inmediatamente.    <\/p><\/div><\/div><\/div><\/div>\t\t\t\t\t\t\t\t<\/div>\n\t\t\t\t<\/div>\n\t\t\t\t\t<\/div>\n\t\t\t\t<\/div>\n\t\t\t\t<\/div>\n\t\t","protected":false},"excerpt":{"rendered":"<p>Pie de imprenta be.pure e.U. Direcci\u00f3n de facturaci\u00f3nGro\u00dfe Sperlgasse 8\/2\/341020 VienaAustria Directora GeneralBarbara Schad, M.A. Tel\u00e9fono+43 (0) 699 171 817 77 correo electr\u00f3nicooffice@bepure-water.com Dise\u00f1o y realizaci\u00f3n de la webHW-Conceptwww.hw-concept.comoffice@hw-concept.com N\u00famero de registro mercantil: FN 611266 x N\u00famero UID: ATU 65716157 Plataforma de la Comisi\u00f3n Europea para la resoluci\u00f3n de litigios en l\u00ednea (OS) para los [&hellip;]<\/p>\n","protected":false},"author":1,"featured_media":0,"parent":0,"menu_order":0,"comment_status":"closed","ping_status":"closed","template":"","meta":{"footnotes":""},"class_list":["post-3698","page","type-page","status-publish","hentry"],"_links":{"self":[{"href":"https:\/\/www.bepure-water.com\/es\/wp-json\/wp\/v2\/pages\/3698","targetHints":{"allow":["GET"]}}],"collection":[{"href":"https:\/\/www.bepure-water.com\/es\/wp-json\/wp\/v2\/pages"}],"about":[{"href":"https:\/\/www.bepure-water.com\/es\/wp-json\/wp\/v2\/types\/page"}],"author":[{"embeddable":true,"href":"https:\/\/www.bepure-water.com\/es\/wp-json\/wp\/v2\/users\/1"}],"replies":[{"embeddable":true,"href":"https:\/\/www.bepure-water.com\/es\/wp-json\/wp\/v2\/comments?post=3698"}],"version-history":[{"count":3,"href":"https:\/\/www.bepure-water.com\/es\/wp-json\/wp\/v2\/pages\/3698\/revisions"}],"predecessor-version":[{"id":3702,"href":"https:\/\/www.bepure-water.com\/es\/wp-json\/wp\/v2\/pages\/3698\/revisions\/3702"}],"wp:attachment":[{"href":"https:\/\/www.bepure-water.com\/es\/wp-json\/wp\/v2\/media?parent=3698"}],"curies":[{"name":"wp","href":"https:\/\/api.w.org\/{rel}","templated":true}]}}