{"id":3696,"date":"2025-06-30T22:28:01","date_gmt":"2025-06-30T20:28:01","guid":{"rendered":"https:\/\/www.bepure-water.com\/sostenibilidad\/"},"modified":"2026-02-19T23:32:40","modified_gmt":"2026-02-19T22:32:40","slug":"sostenibilidad","status":"publish","type":"page","link":"https:\/\/www.bepure-water.com\/es\/sostenibilidad\/","title":{"rendered":"Sostenibilidad"},"content":{"rendered":"\t\t<div data-elementor-type=\"wp-page\" data-elementor-id=\"3696\" class=\"elementor elementor-3696 elementor-1594\" data-elementor-post-type=\"page\">\n\t\t\t\t<div class=\"elementor-element elementor-element-a1549c4 e-flex e-con-boxed e-con e-parent\" data-id=\"a1549c4\" data-element_type=\"container\" data-e-type=\"container\" data-settings=\"{&quot;background_background&quot;:&quot;classic&quot;}\">\n\t\t\t\t\t<div class=\"e-con-inner\">\n\t\t\t\t<div class=\"elementor-element elementor-element-e6130be elementor-widget elementor-widget-heading\" data-id=\"e6130be\" data-element_type=\"widget\" data-e-type=\"widget\" data-widget_type=\"heading.default\">\n\t\t\t\t<div class=\"elementor-widget-container\">\n\t\t\t\t\t<h2 class=\"elementor-heading-title elementor-size-default\">Bueno para ti, para tus seres queridos y para nuestro planeta<\/h2>\t\t\t\t<\/div>\n\t\t\t\t<\/div>\n\t\t\t\t<div class=\"elementor-element elementor-element-8c14d79 elementor-widget elementor-widget-text-editor\" data-id=\"8c14d79\" data-element_type=\"widget\" data-e-type=\"widget\" data-widget_type=\"text-editor.default\">\n\t\t\t\t<div class=\"elementor-widget-container\">\n\t\t\t\t\t\t\t\t\t<p>Bebe de forma m\u00e1s sostenible<br>Sorbo a sorbo: Una persona en la UE produce m\u00e1s de 40 kg de residuos pl\u00e1sticos al a\u00f1o. Una gran parte: botellas de bebidas. <br>Especialmente en yates, casas peque\u00f1as o autocaravanas, el transporte, el almacenamiento y la eliminaci\u00f3n se acumulan.<br>Con be.pure, puedes reducir f\u00e1cilmente estos residuos. Sin esfuerzo, pero con efecto. Para ti. Por el ma\u00f1ana. Por menos pl\u00e1stico en el mar.     <\/p>\t\t\t\t\t\t\t\t<\/div>\n\t\t\t\t<\/div>\n\t\t\t\t\t<\/div>\n\t\t\t\t<\/div>\n\t\t<div class=\"elementor-element elementor-element-03a98e4 e-flex e-con-boxed e-con e-parent\" data-id=\"03a98e4\" data-element_type=\"container\" data-e-type=\"container\" data-settings=\"{&quot;background_background&quot;:&quot;classic&quot;}\">\n\t\t\t\t\t<div class=\"e-con-inner\">\n\t\t<div class=\"elementor-element elementor-element-acef165 e-con-full e-flex e-con e-child\" data-id=\"acef165\" data-element_type=\"container\" data-e-type=\"container\" data-settings=\"{&quot;background_background&quot;:&quot;classic&quot;}\">\n\t\t\t\t<\/div>\n\t\t<div class=\"elementor-element elementor-element-89e3793 e-con-full e-flex e-con e-child\" data-id=\"89e3793\" data-element_type=\"container\" data-e-type=\"container\" data-settings=\"{&quot;background_background&quot;:&quot;classic&quot;}\">\n\t\t\t\t<div class=\"elementor-element elementor-element-00754d4 elementor-widget elementor-widget-heading\" data-id=\"00754d4\" data-element_type=\"widget\" data-e-type=\"widget\" data-widget_type=\"heading.default\">\n\t\t\t\t<div class=\"elementor-widget-container\">\n\t\t\t\t\t<h2 class=\"elementor-heading-title elementor-size-default\">Agua con responsabilidad<\/h2>\t\t\t\t<\/div>\n\t\t\t\t<\/div>\n\t\t\t\t<div class=\"elementor-element elementor-element-18c1ba6 elementor-widget-divider--view-line elementor-widget elementor-widget-divider\" data-id=\"18c1ba6\" data-element_type=\"widget\" data-e-type=\"widget\" data-widget_type=\"divider.default\">\n\t\t\t\t<div class=\"elementor-widget-container\">\n\t\t\t\t\t\t\t<div class=\"elementor-divider\">\n\t\t\t<span class=\"elementor-divider-separator\">\n\t\t\t\t\t\t<\/span>\n\t\t<\/div>\n\t\t\t\t\t\t<\/div>\n\t\t\t\t<\/div>\n\t\t\t\t<div class=\"elementor-element elementor-element-b445f08 elementor-widget elementor-widget-text-editor\" data-id=\"b445f08\" data-element_type=\"widget\" data-e-type=\"widget\" data-widget_type=\"text-editor.default\">\n\t\t\t\t<div class=\"elementor-widget-container\">\n\t\t\t\t\t\t\t\t\t<p>Se ha demostrado que el pl\u00e1stico libera contaminantes en el agua potable. Los micropl\u00e1sticos llegan al medio ambiente a trav\u00e9s de los r\u00edos y oc\u00e9anos, y finalmente a nuestros cuerpos. Prot\u00e9gete a ti mismo y a la naturaleza. Opta por una soluci\u00f3n sin pl\u00e1stico con be.pure: para un agua pura, sin compromisos.   <\/p>\t\t\t\t\t\t\t\t<\/div>\n\t\t\t\t<\/div>\n\t\t\t\t<div class=\"elementor-element elementor-element-c03fde6 elementor-widget elementor-widget-heading\" data-id=\"c03fde6\" data-element_type=\"widget\" data-e-type=\"widget\" data-widget_type=\"heading.default\">\n\t\t\t\t<div class=\"elementor-widget-container\">\n\t\t\t\t\t<h3 class=\"elementor-heading-title elementor-size-default\">Cada gota sin pl\u00e1stico cuenta<\/h3>\t\t\t\t<\/div>\n\t\t\t\t<\/div>\n\t\t\t\t<div class=\"elementor-element elementor-element-a64bfb7 elementor-widget elementor-widget-text-editor\" data-id=\"a64bfb7\" data-element_type=\"widget\" data-e-type=\"widget\" data-widget_type=\"text-editor.default\">\n\t\t\t\t<div class=\"elementor-widget-container\">\n\t\t\t\t\t\t\t\t\t<p>En be.pure, estamos comprometidos con la sostenibilidad y la protecci\u00f3n de nuestro medio ambiente. Por eso evitamos conscientemente el transporte innecesario, evitamos las botellas desechables, confiamos en los sistemas reutilizables&#8230; y dejamos menos residuos. <\/p>\t\t\t\t\t\t\t\t<\/div>\n\t\t\t\t<\/div>\n\t\t\t\t<\/div>\n\t\t\t\t\t<\/div>\n\t\t\t\t<\/div>\n\t\t<div class=\"elementor-element elementor-element-a078378 e-flex e-con-boxed e-con e-parent\" data-id=\"a078378\" data-element_type=\"container\" data-e-type=\"container\" data-settings=\"{&quot;background_background&quot;:&quot;classic&quot;}\">\n\t\t\t\t\t<div class=\"e-con-inner\">\n\t\t\t\t<div class=\"elementor-element elementor-element-6addfb3 elementor-widget elementor-widget-heading\" data-id=\"6addfb3\" data-element_type=\"widget\" data-e-type=\"widget\" data-widget_type=\"heading.default\">\n\t\t\t\t<div class=\"elementor-widget-container\">\n\t\t\t\t\t<h2 class=\"elementor-heading-title elementor-size-default\">Sin pl\u00e1stico - Planeta verde<\/h2>\t\t\t\t<\/div>\n\t\t\t\t<\/div>\n\t\t\t\t<div class=\"elementor-element elementor-element-b14785b elementor-widget elementor-widget-text-editor\" data-id=\"b14785b\" data-element_type=\"widget\" data-e-type=\"widget\" data-widget_type=\"text-editor.default\">\n\t\t\t\t<div class=\"elementor-widget-container\">\n\t\t\t\t\t\t\t\t\t\u00bfCompartes nuestra visi\u00f3n del agua potable pura, clara y mineralizada a bordo, en una casita o en una casa m\u00f3vil? be.pure tiene la soluci\u00f3n adecuada para cada uno de tus proyectos. \t\t\t\t\t\t\t\t<\/div>\n\t\t\t\t<\/div>\n\t\t\t\t<div class=\"elementor-element elementor-element-795df95 elementor-align-center elementor-widget elementor-widget-button\" data-id=\"795df95\" data-element_type=\"widget\" data-e-type=\"widget\" data-widget_type=\"button.default\">\n\t\t\t\t<div class=\"elementor-widget-container\">\n\t\t\t\t\t\t\t\t\t<div class=\"elementor-button-wrapper\">\n\t\t\t\t\t<a class=\"elementor-button elementor-button-link elementor-size-sm\" href=\"https:\/\/www.bepure-water.com\/es\/contacta-con-nosotros\/\">\n\t\t\t\t\t\t<span class=\"elementor-button-content-wrapper\">\n\t\t\t\t\t\t\t\t\t<span class=\"elementor-button-text\">Solicita ahora una consulta gratuita<\/span>\n\t\t\t\t\t<\/span>\n\t\t\t\t\t<\/a>\n\t\t\t\t<\/div>\n\t\t\t\t\t\t\t\t<\/div>\n\t\t\t\t<\/div>\n\t\t\t\t\t<\/div>\n\t\t\t\t<\/div>\n\t\t\t\t<\/div>\n\t\t","protected":false},"excerpt":{"rendered":"<p>Bueno para ti, para tus seres queridos y para nuestro planeta Bebe de forma m\u00e1s sostenibleSorbo a sorbo: Una persona en la UE produce m\u00e1s de 40 kg de residuos pl\u00e1sticos al a\u00f1o. Una gran parte: botellas de bebidas. Especialmente en yates, casas peque\u00f1as o autocaravanas, el transporte, el almacenamiento y la eliminaci\u00f3n se acumulan.Con [&hellip;]<\/p>\n","protected":false},"author":1,"featured_media":0,"parent":0,"menu_order":0,"comment_status":"closed","ping_status":"closed","template":"","meta":{"footnotes":""},"class_list":["post-3696","page","type-page","status-publish","hentry"],"_links":{"self":[{"href":"https:\/\/www.bepure-water.com\/es\/wp-json\/wp\/v2\/pages\/3696","targetHints":{"allow":["GET"]}}],"collection":[{"href":"https:\/\/www.bepure-water.com\/es\/wp-json\/wp\/v2\/pages"}],"about":[{"href":"https:\/\/www.bepure-water.com\/es\/wp-json\/wp\/v2\/types\/page"}],"author":[{"embeddable":true,"href":"https:\/\/www.bepure-water.com\/es\/wp-json\/wp\/v2\/users\/1"}],"replies":[{"embeddable":true,"href":"https:\/\/www.bepure-water.com\/es\/wp-json\/wp\/v2\/comments?post=3696"}],"version-history":[{"count":4,"href":"https:\/\/www.bepure-water.com\/es\/wp-json\/wp\/v2\/pages\/3696\/revisions"}],"predecessor-version":[{"id":3730,"href":"https:\/\/www.bepure-water.com\/es\/wp-json\/wp\/v2\/pages\/3696\/revisions\/3730"}],"wp:attachment":[{"href":"https:\/\/www.bepure-water.com\/es\/wp-json\/wp\/v2\/media?parent=3696"}],"curies":[{"name":"wp","href":"https:\/\/api.w.org\/{rel}","templated":true}]}}